{"id":15760,"date":"2022-11-28T18:01:37","date_gmt":"2022-11-28T12:31:37","guid":{"rendered":"https:\/\/asicmarketplace.com\/?page_id=15760"},"modified":"2023-06-27T13:26:55","modified_gmt":"2023-06-27T07:56:55","slug":"versand-und-ruckgabebedingungen","status":"publish","type":"page","link":"https:\/\/asicmarketplace.com\/de\/shipping-and-return-policy\/","title":{"rendered":"Versand- und R\u00fcckgaberichtlinien"},"content":{"rendered":"<h3>Bearbeitungs- und Versandzeit<\/h3>\n<ol>\n<li style=\"font-weight: 400;\" aria-level=\"1\">Modelle, die auf Lager sind, werden innerhalb von 48 bis 72 Stunden vom Asic-Marktplatzlager in Hongkong versandt.<\/li>\n<li style=\"font-weight: 400;\" aria-level=\"1\">Gebrauchte und wiederaufbereitete Miner werden in 5-7 Tagen versendet.<\/li>\n<li style=\"font-weight: 400;\" aria-level=\"1\">Wir testen alle gebrauchten Miner vor dem Versand.<\/li>\n<li style=\"font-weight: 400;\" aria-level=\"1\">Alle Miner werden per DHL, FEDEX, UPS, EMS etc. versendet.<\/li>\n<li style=\"font-weight: 400;\" aria-level=\"1\">Wir werden Ihnen innerhalb von 24-48 Stunden eine Sendungsverfolgungsnummer mitteilen, sobald die Ware unser Lager verlassen hat.<\/li>\n<li style=\"font-weight: 400;\" aria-level=\"1\">Normalerweise dauert der Versand von Hongkong nach \u00fcberall auf der Welt 5-10 Tage per Expressversand.<\/li>\n<li style=\"font-weight: 400;\" aria-level=\"1\">Wir werden Sie per E-Mail \u00fcber alle Aktualisierungen Ihrer Bestellung informieren.<\/li>\n<\/ol>\n<h3>Unterst\u00fctzung &amp; Garantie<\/h3>\n<ol>\n<li style=\"font-weight: 400;\" aria-level=\"1\">Alle brandneuen Miner haben 180 Tage Herstellergarantie.<\/li>\n<li style=\"font-weight: 400;\" aria-level=\"1\">Unser technisches Team steht Ihnen rund um die Uhr zur Verf\u00fcgung, um Ihnen mit TeamViewer bei jeder Art von Problem zu helfen.<\/li>\n<\/ol>\n<h3>Steuern und Zollabgaben<\/h3>\n<ol>\n<li style=\"font-weight: 400;\" aria-level=\"1\">Wir bieten DDP (T\u00fcr zu T\u00fcr) Service f\u00fcr USA, Deutschland, Belgien, Luxemburg, Niederlande, D\u00e4nemark, Tschechische Republik, Polen, \u00d6sterreich, Irland, Portugal, Schweden, Spanien, Russland, Vietnam, Kasachstan, Vereinigte Arabische Emirate, Malaysia, Thailand und einige andere L\u00e4nder an.<\/li>\n<li style=\"font-weight: 400;\" aria-level=\"1\">Wir \u00fcbernehmen den Zoll und den Door-to-Door-Service im Land des K\u00e4ufers, sodass der K\u00e4ufer bei DDP-Dienstleistungen keine Einfuhrz\u00f6lle oder Zollgeb\u00fchren zahlen muss.<\/li>\n<li style=\"font-weight: 400;\" aria-level=\"1\">F\u00fcr DDP-Service muss der K\u00e4ufer manuell anfragen: sales@asicmarketplace.com<\/li>\n<li style=\"font-weight: 400;\" aria-level=\"1\">Mit Ausnahme von DDP-L\u00e4ndern helfen wir Ihnen, Ihre Steuern zu reduzieren, indem wir mit einer niedrigeren Rechnung versenden.<\/li>\n<\/ol>\n<h3>Verpackung und Versand<\/h3>\n<ol>\n<li style=\"font-weight: 400;\" aria-level=\"1\">Alle Miner werden mit passendem PSU-Kabel und in der Originalverpackung des Herstellers geliefert.<\/li>\n<li style=\"font-weight: 400;\" aria-level=\"1\">Wir kleben \u201cZERBRECHLICH\u201d-Aufkleber auf alle Seiten der Kisten, damit sie beim Transport nicht leicht zerbrechen.<\/li>\n<\/ol>\n<h3>R\u00fccksendungen<\/h3>\n<ol>\n<li>F\u00fcr den Fall, dass ein Miner nach Hongkong zur\u00fcckgeschickt werden muss, ist der Kunde f\u00fcr die \u00dcbernahme aller zus\u00e4tzlichen Versandkosten verantwortlich.<\/li>\n<\/ol>","protected":false},"excerpt":{"rendered":"Processing and Shipping Time In Stock models will be shipped in 48-72 hours from Asic marketplace Hong Kong warehouse. Used and Second hand Miners will be shipped in 5-7 days. We test all used miners before shipping. All miners will be shipped by DHL, FEDEX, UPS, EMS etc. We will provide you with a tracking&#8230; <a class=\"view-article\" href=\"https:\/\/asicmarketplace.com\/de\/shipping-and-return-policy\/\">Artikel ansehen<\/a>","protected":false},"author":1,"featured_media":0,"parent":0,"menu_order":0,"comment_status":"closed","ping_status":"closed","template":"","meta":{"content-type":"","footnotes":""},"class_list":["post-15760","page","type-page","status-publish","hentry"],"acf":[],"_links":{"self":[{"href":"https:\/\/asicmarketplace.com\/de\/wp-json\/wp\/v2\/pages\/15760","targetHints":{"allow":["GET"]}}],"collection":[{"href":"https:\/\/asicmarketplace.com\/de\/wp-json\/wp\/v2\/pages"}],"about":[{"href":"https:\/\/asicmarketplace.com\/de\/wp-json\/wp\/v2\/types\/page"}],"author":[{"embeddable":true,"href":"https:\/\/asicmarketplace.com\/de\/wp-json\/wp\/v2\/users\/1"}],"replies":[{"embeddable":true,"href":"https:\/\/asicmarketplace.com\/de\/wp-json\/wp\/v2\/comments?post=15760"}],"version-history":[{"count":5,"href":"https:\/\/asicmarketplace.com\/de\/wp-json\/wp\/v2\/pages\/15760\/revisions"}],"predecessor-version":[{"id":15870,"href":"https:\/\/asicmarketplace.com\/de\/wp-json\/wp\/v2\/pages\/15760\/revisions\/15870"}],"wp:attachment":[{"href":"https:\/\/asicmarketplace.com\/de\/wp-json\/wp\/v2\/media?parent=15760"}],"curies":[{"name":"wp","href":"https:\/\/api.w.org\/{rel}","templated":true}]}}