{"id":2414,"date":"2021-02-26T19:34:43","date_gmt":"2021-02-26T19:34:43","guid":{"rendered":"https:\/\/asicmarketplace.com\/?page_id=2414"},"modified":"2023-06-12T19:49:49","modified_gmt":"2023-06-12T14:19:49","slug":"datenschutzrichtlinie","status":"publish","type":"page","link":"https:\/\/asicmarketplace.com\/de\/privacy-policy\/","title":{"rendered":"Datenschutzbestimmungen"},"content":{"rendered":"<p style=\"text-align: left;\"><\/p>\r\n<p style=\"text-align: left;\">Vielen Dank f\u00fcr Ihren Besuch bei Asic Marketplace!<\/p>\r\n<p style=\"text-align: left;\">Wir respektieren Ihre Privatsph\u00e4re und verpflichten uns, diese zu sch\u00fctzen.<\/p>\r\n<p style=\"text-align: left;\">Diese Datenschutzerkl\u00e4rung regelt, wie asicmarketplace.com Informationen sammelt, verwendet, verarbeitet und offenlegt, die von Nutzern dieser Website sowie unserer Produkte und Dienstleistungen gesammelt werden.<\/p>\r\n<p style=\"text-align: left;\">Durch die Nutzung unserer Website erkl\u00e4ren Sie sich mit den Bedingungen dieser Datenschutzerkl\u00e4rung sowie unseren Nutzungsbedingungen einverstanden.<\/p>\r\n<h3>1. Arten der gesammelten Daten<\/h3>\r\n<h4>1.1 Nutzungsdaten<\/h4>\r\n<p style=\"text-align: left;\">Wir verwenden Nutzungsdaten, um Ihnen unsere Dienste bereitzustellen, diese zu verstehen und zu verbessern und Ihnen Anzeigen anzuzeigen, von denen wir glauben, dass sie Sie interessieren k\u00f6nnten. Wir k\u00f6nnen Informationen dar\u00fcber sammeln, wie Sie den Dienst nutzen, z. B. welche Seiten Sie besuchen und wie lange Sie auf dem Dienst sind.<\/p>\r\n<p style=\"text-align: left;\">Die Details bez\u00fcglich Nutzungsdaten werden bei jedem Besuch dieser Website gesammelt, darunter folgende Besucherdaten:<\/p>\r\n<p style=\"text-align: left;\">Nutzungsdaten umfassen Informationen wie:<\/p>\r\n<ul style=\"text-align: left;\">\r\n<li>Computer-Internetprotokolladresse (IP-Adresse)<\/li>\r\n<li>Browsertyp<\/li>\r\n<li>Browser-Version<\/li>\r\n<li>Datum und Uhrzeit des Zugriffs<\/li>\r\n<li>URL-Name der besuchten Webseite auf der Website<\/li>\r\n<li>Betriebssystem des Ger\u00e4ts<\/li>\r\n<li>Internetanbieterdetails<\/li>\r\n<li>Standortbestimmung<\/li>\r\n<li>Spracheinstellungen<\/li>\r\n<\/ul>\r\n<h4 style=\"text-align: left;\">1.2 Cookies<\/h4>\r\n<p style=\"text-align: left;\">Unsere Website verwendet Cookies, um Ihnen Inhalte zu liefern, die auf Ihre Interessen zugeschnitten sind, und um Ihre Anmeldeinformationen f\u00fcr einen einfachen Zugriff zu speichern.<\/p>\r\n<p style=\"text-align: left;\">Cookies sind Textdateien, die beim Besuch einer Website an Ihren Computer gesendet werden. Cookies wurden entwickelt, um Websites zu erm\u00f6glichen oder effizienter zu machen und den Eigent\u00fcmern der Website Informationen zur Verf\u00fcgung zu stellen.<\/p>\r\n<p style=\"text-align: left;\">Cookies k\u00f6nnen \u201cpersistente\u201d oder \u201cSitzungs\u201d-Cookies sein. Persistente Cookies verbleiben deutlich l\u00e4nger auf Ihrem Ger\u00e4t (wie lange sie verweilen, h\u00e4ngt vom jeweiligen Cookie ab) und erm\u00f6glichen es der Website, Dinge wie Ihre Pr\u00e4ferenzen und Anmeldeinformationen \u00fcber l\u00e4ngere Zeitr\u00e4ume zu speichern. Sitzungs-Cookies sind nur w\u00e4hrend Ihres Besuchs einer bestimmten Seite oder Website g\u00fcltig; sie verschwinden, sobald Sie Ihren Browser schlie\u00dfen und\/oder Ihren Computer ausschalten.<\/p>\r\n<p style=\"text-align: left;\">Beispiele f\u00fcr Cookies, die wir verwenden:<\/p>\r\n<ul style=\"text-align: left;\">\r\n<li>Sitzungscookies<\/li>\r\n<li>Pr\u00e4ferenz-Cookies<\/li>\r\n<li>Sicherheits-Cookies<\/li>\r\n<\/ul>\r\n<h4 style=\"text-align: left;\">1.3 Personendaten<\/h4>\r\n<ul style=\"text-align: left;\">\r\n<li>Vollst\u00e4ndiger Name<\/li>\r\n<li>Kontaktdaten wie Telefonnummer, Wohnadresse, E-Mail-Adresse und mehr.<\/li>\r\n<li>Weitere pers\u00f6nliche Informationen wie Bilder, Identit\u00e4tspr\u00fcfungsdetails usw.<\/li>\r\n<\/ul>\r\n<h3>2. Datennutzung<\/h3>\r\n<p style=\"text-align: left;\">Wir verwenden die gesammelten Daten (wie in Punkt 1 aufgef\u00fchrt) f\u00fcr verschiedene Zwecke, darunter:<\/p>\r\n<ul style=\"text-align: left;\">\r\n<li>Informieren Sie \u00fcber die \u00c4nderungen an unserem Service<\/li>\r\n<li>Dienstleistungen anbieten<\/li>\r\n<li>Teilnahme an interaktiven Funktionen unserer Website erlauben<\/li>\r\n<li>Kundendienst &amp; Support<\/li>\r\n<li>Unsere Service-Nutzung \u00fcberwachen<\/li>\r\n<li>Technische Probleme erkennen, verhindern und beheben<\/li>\r\n<\/ul>\r\n<h3>3. Daten\u00fcbertragung<\/h3>\r\n<p style=\"text-align: left;\">Wir k\u00f6nnen Ihre pers\u00f6nlichen Daten auf Computern au\u00dferhalb der Gerichtsbarkeit Ihres Landes, Bundesstaates oder einer anderen staatlichen Gerichtsbarkeit in Bezug auf Ihren Standort \u00fcbertragen, wo die Datenschutzgesetze von denen Ihres aktuellen Standorts abweichen k\u00f6nnen.<\/p>\r\n<p style=\"text-align: left;\">Indem Sie sich f\u00fcr diese Datenschutzerkl\u00e4rung anmelden, stimmen Sie zu, dass wir Ihre Informationen in und aus jedem Land \u00fcbertragen d\u00fcrfen, in dem wir, unsere verbundenen Unternehmen (Unternehmen, an denen wir eine wesentliche Beteiligung halten) oder unsere Dienstleister ans\u00e4ssig sind.<\/p>\r\n<p style=\"text-align: left;\">Wir verpflichten uns, Ihre pers\u00f6nlichen Daten zu sch\u00fctzen. Wir setzen eine Vielzahl von Sicherheitstechnologien und -verfahren ein, um Ihre pers\u00f6nlichen Daten vor unbefugtem Zugriff, Nutzung oder Offenlegung zu sch\u00fctzen.<\/p>\r\n<h3>4. Offenlegung von Daten<\/h3>\r\n<h4 style=\"text-align: left;\">4.1 Rechtliche Anforderungen<\/h4>\r\n<p style=\"text-align: left;\">Wir k\u00f6nnen Ihre pers\u00f6nlichen Daten offenlegen:<\/p>\r\n<ul style=\"text-align: left;\">\r\n<li>Zur Einhaltung gesetzlicher Verpflichtungen<\/li>\r\n<li>Unsere Rechte sch\u00fctzen und verteidigen<\/li>\r\n<li>Um unbefugte oder m\u00f6gliche Rechtsverst\u00f6\u00dfe zu untersuchen<\/li>\r\n<li>Zur Wahrung der pers\u00f6nlichen Sicherheit des Nutzers<\/li>\r\n<li>Um sich vor rechtlicher Haftung zu sch\u00fctzen<\/li>\r\n<\/ul>\r\n<h4 style=\"text-align: left;\">4.2 Daten\u00fcbermittlung an Dritte<\/h4>\r\n<p style=\"text-align: left;\">Wir werden Informationen an Dritte weitergeben, um Ihr Konto zu verwalten und Transaktionen in Ihrem Namen durchzuf\u00fchren. Dies kann die Bereitstellung von Kundenservice, technischem Support und die Verbesserung unserer Produkte und Dienstleistungen umfassen. Diese Dritten haben Zugang zu pers\u00f6nlichen Informationen, die zur Erf\u00fcllung ihrer Aufgaben und zur Erbringung von Dienstleistungen f\u00fcr uns erforderlich sind.<\/p>\r\n<p style=\"text-align: left;\">Bitte beachten Sie, dass Links aus unserem Gesch\u00e4ft oder von unserer Website Sie m\u00f6glicherweise zu anderen Websites weiterleiten k\u00f6nnen. Wir haben keine Kontrolle \u00fcber diese Richtlinien und ermutigen Sie, die Datenschutzerkl\u00e4rung jedes einzelnen Unternehmens zu lesen.<\/p>\r\n<h3>5. Datensicherheit<\/h3>\r\n<p style=\"text-align: left;\">Wir legen Wert auf die Sicherheit Ihrer Daten. Wir verwenden branchen\u00fcbliche Methoden, um die pers\u00f6nlichen Daten, die uns \u00fcbermittelt werden, w\u00e4hrend der \u00dcbertragung und nach dem Empfang auf unserer Website zu sch\u00fctzen. Keine Sicherheitsma\u00dfnahmen sind jedoch 100% narrensicher.<\/p>\r\n<h3>6. Dienstleister<\/h3>\r\n<p style=\"text-align: left;\">Wir k\u00f6nnen Drittunternehmen und\/oder Einzelpersonen (\u2018Dienstleister\u2019) beauftragen, Aufgaben in unserem Namen auszuf\u00fchren. Diese Dritten haben nur Zugang zu Ihren pers\u00f6nlichen Daten, um diese Aufgaben auszuf\u00fchren, und sind verpflichtet, diese nicht offenzulegen oder f\u00fcr andere Zwecke zu verwenden.<\/p>\r\n<h3>7. Analytik<\/h3>\r\n<p style=\"text-align: left;\">Wir k\u00f6nnen verschiedene Analysetools verwenden, um die Statistiken unserer Website zu interpretieren und zu analysieren. Diese Tools helfen uns zu verstehen, wie Besucher mit unserer Website interagieren, welche Seiten sie aufrufen und wie lange sie auf jeder Seite bleiben. Wir nutzen diese Tools auch, um unsere Inhalte und Dienstleistungen zu verbessern.<\/p>\r\n<p style=\"text-align: left;\">Google Analytics ist ein gutes Beispiel f\u00fcr ein Analysetool, das wir verwenden.<\/p>\r\n<p style=\"text-align: left;\">Wir k\u00f6nnen Informationen sammeln, einschlie\u00dflich des Betriebssystems Ihres Computers, des Browsertyps und Ihrer IP-Adresse, f\u00fcr die Systemadministration und zur Erstellung von Berichten. Diese statistischen Daten \u00fcber die Browsing-Aktivit\u00e4ten und -Muster unserer Nutzer identifizieren keine Einzelpersonen. Wir k\u00f6nnen diese Informationen auch verwenden, um unsere Website zu optimieren und die Benutzererfahrung zu verbessern.<\/p>\r\n<h3>8. Links zu anderen Websites<\/h3>\r\n<p style=\"text-align: left;\">Wir k\u00f6nnen Social-Media-Seiten von Drittanbietern (wie Facebook und Twitter) nutzen, um unseren Dienst zu bewerben. Zu diesem Zweck k\u00f6nnen wir Informationen von der Social-Media-Seite erhalten, wie z. B. Ihren Namen und Ihre E-Mail-Adresse.<\/p>\r\n<p style=\"text-align: left;\">Wir k\u00f6nnen Drittunternehmen auch gestatten, Werbung auf unserem Dienst anzuzeigen. Diese Unternehmen k\u00f6nnen Informationen (ohne Ihren Namen, Ihre Adresse, E-Mail-Adresse oder Telefonnummer) \u00fcber Ihre Besuche auf dieser und anderen Websites verwenden, um Werbung f\u00fcr Waren und Dienstleistungen bereitzustellen, die Sie interessieren k\u00f6nnten.<\/p>\r\n<p style=\"text-align: left;\">Wir sind nicht verantwortlich f\u00fcr die Datenschutzpraktiken dieser Dritten. Wir empfehlen Ihnen, die Datenschutzrichtlinien von Drittanbieter-Websites oder -Diensten, die Sie besuchen, zu lesen.<\/p>\r\n<h3>9. \u00c4nderungen, Modifikationen und Anpassungen dieser Datenschutzerkl\u00e4rung<\/h3>\r\n<p style=\"text-align: left;\">Diese Datenschutzerkl\u00e4rung beschreibt, welche Informationen wir bei Ihrer Nutzung unseres Dienstes sammeln und wie wir diese Informationen verwenden. Diese Datenschutzerkl\u00e4rung gilt f\u00fcr alle Produkte, Dienstleistungen und Websites, die wir anbieten (gemeinsam als \u201cDienst\u201d bezeichnet). Wir k\u00f6nnen unsere Datenschutzerkl\u00e4rung von Zeit zu Zeit aktualisieren.<\/p>\r\n<p style=\"text-align: left;\">Wir werden Sie nicht \u00fcber wesentliche \u00c4nderungen unserer Datenschutzbestimmungen informieren. Wir empfehlen Ihnen, diese Seite regelm\u00e4\u00dfig auf \u00c4nderungen der Datenschutzbestimmungen zu \u00fcberpr\u00fcfen.<\/p>\r\n<h3>10. Ihre Rechte<\/h3>\r\n<p style=\"text-align: left;\">Wir respektieren Ihr Recht auf Privatsph\u00e4re und sch\u00fctzen daher sorgf\u00e4ltig die Informationen, die wir von Ihnen erhalten. Andernfalls m\u00f6chten wir Sie \u00fcber Ihre gesetzlichen Rechte informieren, zu denen geh\u00f6ren:<\/p>\r\n<ul style=\"text-align: left;\">\r\n<li>Sie haben uns die Verarbeitung Ihrer personenbezogenen Daten gestattet, und Sie k\u00f6nnen diese Zustimmung jederzeit widerrufen.<\/li>\r\n<li>best\u00e4tigen, dass wir Ihre Daten speichern und eine Kopie der gespeicherten Informationen erhalten.<\/li>\r\n<li>Recht auf Berichtigung unrichtiger Informationen.<\/li>\r\n<li>Widerspruchsrecht gegen die Verwendung Ihrer personenbezogenen Daten zu Marketing- oder Profiling-Zwecken aufgrund berechtigter Interessen eines Dritten.<\/li>\r\n<li>Recht zur Regulierung und Einschr\u00e4nkung der Nutzung Ihrer pers\u00f6nlichen Daten.<\/li>\r\n<li>Recht auf L\u00f6schung Ihrer pers\u00f6nlichen Daten aus unserem System.<\/li>\r\n<\/ul>\r\n<p style=\"text-align: left;\">Bitte beachten Sie, dass es Ausnahmen von diesen Rechten gibt und dass es auch dann, wenn wir verpflichtet sind, Ihnen Informationen zur Verf\u00fcgung zu stellen, Ausnahmesituationen geben kann, in denen wir dies nicht k\u00f6nnen (z. B. weil die Informationen nicht mehr vorhanden sind oder wir eine vorrangige Pflicht zum Schutz personenbezogener Daten haben). Wir werden uns jedoch stets bem\u00fchen, zu Ihrer Zufriedenheit zu antworten.<\/p>\r\n<p style=\"text-align: left;\">Aus\u00fcbung Ihrer Rechte auf Auskunft oder L\u00f6schung personenbezogener Daten<\/p>\r\n<p style=\"text-align: left;\">Sie k\u00f6nnen Ihre Rechte jederzeit aus\u00fcben, indem Sie uns kontaktieren \u00fcber:<\/p>\r\n<ul style=\"text-align: left;\">\r\n<li>Schreiben Sie uns an <a href=\"mailto:sales@asicmarketplace.com\">sales@asicmarketplace.com<\/a><\/li>\r\n<li>Uns anzurufen unter <a href=\"tel:12546516565\">+1-254-651-6565<\/a><\/li>\r\n<\/ul>\r\n<p style=\"text-align: left;\">Nur Sie oder eine von Ihnen gesetzlich bevollm\u00e4chtigte Person k\u00f6nnen Auskunft \u00fcber Ihre personenbezogenen Daten oder deren L\u00f6schung verlangen. Sie k\u00f6nnen Antr\u00e4ge auch im Namen von Kindern einreichen, sofern Sie deren Zustimmung haben.<\/p>\r\n<p style=\"text-align: left;\">Ihre Anfrage zur L\u00f6schung oder Auskunft sollte enthalten:<\/p>\r\n<ul style=\"text-align: left;\">\r\n<li>Wenn Sie eine Anfrage f\u00fcr sich selbst stellen, w\u00e4hlen Sie bitte die entsprechende antragstellende Person aus und geben Sie gen\u00fcgend Informationen an, damit wir \u00fcberpr\u00fcfen k\u00f6nnen, ob Sie die richtige Person sind.<\/li>\r\n<li>Stellen Sie ausreichende Informationen bereit, damit wir diese verstehen, bewerten und darauf reagieren k\u00f6nnen.<\/li>\r\n<\/ul>\r\n<p style=\"text-align: left;\">Wir m\u00fcssen sicherstellen, dass Sie die Person sind, f\u00fcr die Sie sich ausgeben und die Berechtigung haben, die von uns gespeicherten Informationen einzusehen. Wir m\u00fcssen auch Ihre pers\u00f6nlichen Daten sch\u00fctzen.<\/p>\r\n<p style=\"text-align: left;\">Wir verstehen, dass es unangenehm sein kann, pers\u00f6nliche Informationen mit anderen zu teilen. Wir werden Ihre pers\u00f6nlichen Daten nur verwenden, um zu \u00fcberpr\u00fcfen, ob Sie die richtigen Informationen anfordern und ob Sie berechtigt sind, diese Informationen anzufordern.<\/p>\r\n<p style=\"text-align: left;\">Wenn Sie kein Konto auf unserer Website haben, m\u00fcssen Sie kein Konto erstellen, um Ihre Anfrage zur Kenntnisgabe oder L\u00f6schung Ihrer personenbezogenen Daten einzureichen. Sie k\u00f6nnen dieselben Informationen jedoch \u00fcber ein passwortgesch\u00fctztes Konto anfordern. Au\u00dferdem verwenden wir Ihre pers\u00f6nlichen Daten nur zur \u00dcberpr\u00fcfung Ihrer Identit\u00e4t, um Sie zur Annahme der Anfrage zu autorisieren.<\/p>\r\n<h3>11. Kontaktieren Sie uns!<\/h3>\r\n<p style=\"text-align: left;\" class=\"translation-block\">Bitte kontaktieren Sie uns bei jeglichen Zweifeln, Anfragen oder Fragen unter <a href=\"mailto:sales@asicmarketplace.com\" target=\"_self\">sales@asicmarketplace.com<\/a>.<\/p>","protected":false},"excerpt":{"rendered":"Thank you for visiting Asic Marketplace! We respect your privacy and are committed to protecting it. This Privacy Policy governs how asicmarketplace.com collects, uses, maintains and discloses information collected from users of this website and our products and services. By browsing our website, you agree to the terms of this privacy policy as well as&#8230; <a class=\"view-article\" href=\"https:\/\/asicmarketplace.com\/de\/privacy-policy\/\">View Article<\/a>","protected":false},"author":1,"featured_media":0,"parent":0,"menu_order":0,"comment_status":"closed","ping_status":"closed","template":"","meta":{"content-type":"","footnotes":""},"class_list":["post-2414","page","type-page","status-publish","hentry"],"acf":[],"_links":{"self":[{"href":"https:\/\/asicmarketplace.com\/de\/wp-json\/wp\/v2\/pages\/2414","targetHints":{"allow":["GET"]}}],"collection":[{"href":"https:\/\/asicmarketplace.com\/de\/wp-json\/wp\/v2\/pages"}],"about":[{"href":"https:\/\/asicmarketplace.com\/de\/wp-json\/wp\/v2\/types\/page"}],"author":[{"embeddable":true,"href":"https:\/\/asicmarketplace.com\/de\/wp-json\/wp\/v2\/users\/1"}],"replies":[{"embeddable":true,"href":"https:\/\/asicmarketplace.com\/de\/wp-json\/wp\/v2\/comments?post=2414"}],"version-history":[{"count":17,"href":"https:\/\/asicmarketplace.com\/de\/wp-json\/wp\/v2\/pages\/2414\/revisions"}],"predecessor-version":[{"id":15526,"href":"https:\/\/asicmarketplace.com\/de\/wp-json\/wp\/v2\/pages\/2414\/revisions\/15526"}],"wp:attachment":[{"href":"https:\/\/asicmarketplace.com\/de\/wp-json\/wp\/v2\/media?parent=2414"}],"curies":[{"name":"wp","href":"https:\/\/api.w.org\/{rel}","templated":true}]}}