{"id":2670,"date":"2021-02-27T19:02:32","date_gmt":"2021-02-27T19:02:32","guid":{"rendered":"https:\/\/asicmarketplace.com\/?page_id=2670"},"modified":"2023-06-27T13:31:34","modified_gmt":"2023-06-27T08:01:34","slug":"allgemeine-geschaftsbedingungen","status":"publish","type":"page","link":"https:\/\/asicmarketplace.com\/de\/terms-and-conditions\/","title":{"rendered":"Bedingungen und Konditionen"},"content":{"rendered":"<h3 style=\"text-align: left;\">Allgemeine Gesch\u00e4ftsbedingungen<\/h3>\n<p style=\"text-align: left;\">Hallo und herzlich willkommen bei Asic Marketplace!<\/p>\n<p style=\"text-align: left;\">Asic Marketplacebetreibt diese Website. Auf der gesamten Website beziehen sich die Begriffe \u201cwir\u201d, \u201cuns\u201d und \u201cunser\u201d auf Asic Marketplace.<\/p>\n<p style=\"text-align: left;\">Bitte beachten Sie, dass w\u00e4hrend bestimmter Aktionszeitr\u00e4ume auf dieser Website zus\u00e4tzlich zu oder anstelle der f\u00fcr diese Website geltenden Bedingungen und Hinweise spezielle Bedingungen, Konditionen und Hinweise ver\u00f6ffentlicht werden k\u00f6nnen. Die Bedingungen und Hinweise finden Sie auf der Seite Nutzungsbedingungen.<\/p>\n<p style=\"text-align: left;\">Wir behalten uns das Recht vor, diese Nutzungsbedingungen durch Ver\u00f6ffentlichung von Aktualisierungen und \u00c4nderungen auf unserer Website zu \u00e4ndern oder zu ersetzen. Es liegt in Ihrer Verantwortung, diese Seite regelm\u00e4\u00dfig auf \u00c4nderungen zu \u00fcberpr\u00fcfen. Ihre fortgesetzte Nutzung oder Ihr Zugriff auf die Website nach Ver\u00f6ffentlichung von \u00c4nderungen stellt die Annahme dieser \u00c4nderungen dar.<\/p>\n<p style=\"text-align: left;\">Wir behalten uns das Recht vor, Ihnen jederzeit aus f\u00fcr uns am besten bekannten Gr\u00fcnden die Dienstleistung zu verweigern. Sie d\u00fcrfen keinen Teil des Produkts reproduzieren, duplizieren, kopieren oder verwerten, das Produkt nicht nutzen oder auf das Produkt oder jegliche Inhalte auf der Website ohne unsere Zustimmung zugreifen.<\/p>\n<p style=\"text-align: left;\">Der Inhalt dieser Nutzungsbedingungen dient nur zur Bequemlichkeit und schr\u00e4nkt diese Rechte und Bedingungen nicht ein oder beeinflusst sie anderweitig.<\/p>\n<h3 style=\"text-align: left;\">Haftungsbeschr\u00e4nkung<\/h3>\n<p style=\"text-align: left;\">Die auf dieser Website bereitgestellten Informationen werden \u201cwie besehen\u201d und ohne jegliche Gew\u00e4hrleistung oder Bedingung, weder ausdr\u00fccklich noch stillschweigend, zur Verf\u00fcgung gestellt. Soweit dies nach geltendem Recht zul\u00e4ssig ist, schlie\u00dft The Management alle Gew\u00e4hrleistungen und Bedingungen in Bezug auf diese Informationen aus, einschlie\u00dflich aller stillschweigenden Gew\u00e4hrleistungen und Bedingungen der Marktf\u00e4higkeit, der Eignung f\u00fcr einen bestimmten Zweck und der Nichtverletzung von Rechten.<\/p>\n<h3 style=\"text-align: left;\">Akzeptanz der Nutzungsbedingungen<\/h3>\n<p style=\"text-align: left;\">Indem Sie unsere Website und Dienste nutzen und\/oder unten auf \u201cIch stimme zu\u201d klicken, um diesen Bedingungen zuzustimmen, erkl\u00e4ren Sie sich damit einverstanden, dass:<\/p>\n<ol style=\"text-align: left;\">\n<li>Sie werden unsere Website und Dienste gem\u00e4\u00df diesen Bedingungen nutzen und keine geltenden Gesetze verletzen;<\/li>\n<li>Sie sind mindestens 18 Jahre alt;<\/li>\n<li>Sie werden alle geltenden Gesetze bez\u00fcglich der \u00dcbertragung technischer Daten, die aus den Vereinigten Staaten oder dem Land, aus dem Sie auf unsere Website zugreifen, exportiert werden, einhalten.;<\/li>\n<li>Sie d\u00fcrfen unsere Website nicht f\u00fcr Zwecke nutzen, die rechtswidrig sind oder durch diese Bedingungen verboten werden;<\/li>\n<li>Sie werden unsere Website oder Dienste nicht beeintr\u00e4chtigen oder st\u00f6ren (einschlie\u00dflich Hacking) und nicht versuchen, sich mit Hilfe von Passwort-Mining oder auf andere Weise unbefugten Zugriff darauf zu verschaffen;<\/li>\n<li>Sie werden \u00fcber unsere Website keine Informationen \u00fcbertragen, die die Rechte an geistigem Eigentum einer anderen Person verletzen.<\/li>\n<\/ol>\n<h3 style=\"text-align: left;\">Rechte und Pflichten<\/h3>\n<p style=\"text-align: left;\">Wir sind nicht verantwortlich f\u00fcr das Verhalten, weder online noch offline, eines Nutzers unserer Website oder Dienste. Sie sind allein verantwortlich f\u00fcr Ihre Interaktionen mit anderen Nutzern unserer Website und Dienste sowie mit anderen Parteien, mit denen Sie \u00fcber unsere Website und Dienste interagieren. Wir behalten uns das Recht vor, aber sind nicht verpflichtet, Streitigkeiten zwischen Ihnen und anderen Nutzern zu \u00fcberwachen.<\/p>\n<p style=\"text-align: left;\">Wir \u00fcbernehmen keine Verantwortung f\u00fcr Sch\u00e4den, die durch Viren oder andere sch\u00e4dliche Komponenten auf Ihrem System verursacht werden.<\/p>\n<p style=\"text-align: left;\">Wir werden Sie \u00fcber die verschiedenen Arten informieren, wie wir personenbezogene Daten gem\u00e4\u00df den geltenden Gesetzen erheben und verwenden. Wenn Sie damit einverstanden sind, dass wir Ihre personenbezogenen Daten gem\u00e4\u00df unserer Datenschutzrichtlinie verarbeiten, werden wir nur die Informationen erheben, die f\u00fcr uns notwendig sind, um Dienstleistungen bereitzustellen, die die Anforderungen erf\u00fcllen.<\/p>\n<h3 style=\"text-align: left;\">Datenschutzbestimmungen<\/h3>\n<p style=\"text-align: left;\">Ihre Privatsph\u00e4re ist uns wichtig. Wir unterhalten die Datenschutzrichtlinie, um unsere Kunden dar\u00fcber zu informieren, wie wir die auf unserer Website \u00fcbermittelten Informationen sammeln, verwenden und sch\u00fctzen. Bitte lesen Sie diese Erkl\u00e4rung sorgf\u00e4ltig durch, bevor Sie die Website nutzen oder uns \u00fcber diese pers\u00f6nliche Informationen \u00fcbermitteln, da sie beschreibt, wie wir Ihre pers\u00f6nlichen Informationen verwenden und Ihre Privatsph\u00e4re sch\u00fctzen, wenn Sie diese Website nutzen. Durch die Nutzung dieser Website erkl\u00e4ren Sie sich damit einverstanden, dass die Bestimmungen dieser Datenschutzrichtlinie Ihre Nutzung regeln. Wenn Sie mit diesen Allgemeinen Gesch\u00e4ftsbedingungen nicht einverstanden sind, nutzen Sie unsere Website f\u00fcr keinen Zweck und \u00fcbermitteln Sie uns keine pers\u00f6nlichen Informationen \u00fcber sich.<\/p>\n<h3 style=\"text-align: left;\">Nutzungsstandards<\/h3>\n<ol style=\"text-align: left;\">\n<li>Sie d\u00fcrfen die Website nicht f\u00fcr illegale oder unbefugte Zwecke nutzen. Bei der Nutzung unserer Website d\u00fcrfen Sie keine Gesetze in Ihrer Gerichtsbarkeit verletzen (einschlie\u00dflich, aber nicht beschr\u00e4nkt auf Urheberrechtsgesetze).<\/li>\n<li>Sie sind f\u00fcr alle Aktivit\u00e4ten unter Ihrem Konto verantwortlich und erkl\u00e4ren sich damit einverstanden, Ihr Konto, Ihre Follower, Ihren Benutzernamen oder pers\u00f6nliche Daten, die mit Ihrem Konto in Verbindung stehen, nicht zu verkaufen, zu \u00fcbertragen, zu lizenzieren oder abzutreten. Sie erkl\u00e4ren sich auch damit einverstanden, die Anmeldedaten anderer Benutzer nicht abzufragen, zu sammeln oder zu verwenden.<\/li>\n<li>Sie stimmen zu, dass wir Inhalte, die gegen diese Bedingungen versto\u00dfen, jederzeit und ohne vorherige Ank\u00fcndigung und nach unserem alleinigen Ermessen entfernen d\u00fcrfen. Wir k\u00f6nnen auch den Zugang eines Nutzers zu unserer Website sperren, nachdem wir eine formelle Beschwerde oder eine gerichtliche Anordnung bez\u00fcglich des Versto\u00dfes eines solchen Nutzers gegen diese Bedingungen erhalten haben.<\/li>\n<li>Sie d\u00fcrfen die Website nicht f\u00fcr illegale Zwecke nutzen und erkl\u00e4ren sich damit einverstanden, alle geltenden Gesetze und Vorschriften in Bezug auf Ihre Nutzung der Website einzuhalten. Es ist Ihnen untersagt, die Sicherheit der Website zu verletzen oder zu versuchen, diese zu verletzen, einschlie\u00dflich, aber nicht beschr\u00e4nkt auf:<\/li>\n<\/ol>\n<p style=\"text-align: left;\">a. Zugriff auf Daten, die nicht f\u00fcr Sie bestimmt sind, oder Anmeldung bei einem Server oder Konto, f\u00fcr die Sie keine Berechtigung haben;<\/p>\n<p style=\"text-align: left;\">b. Versuch, Schwachstellen eines Systems oder Netzwerks zu sondieren, zu scannen oder zu testen oder Sicherheits- oder Authentifizierungsma\u00dfnahmen ohne entsprechende Genehmigung zu umgehen;<\/p>\n<p style=\"text-align: left;\">c. der Versuch, den Dienst f\u00fcr Benutzer, Hosts oder Netzwerke zu beeintr\u00e4chtigen, einschlie\u00dflich, aber nicht beschr\u00e4nkt auf, das Einreichen eines Virus auf der Website, \u00dcberlastung, \u201cFlooding\u201d, \u201cSpamming\u201d oder jede andere betr\u00fcgerische Aktivit\u00e4t.<\/p>\n<h3 style=\"text-align: left;\">Konto, Passwort und Sicherheit<\/h3>\n<p style=\"text-align: left;\">Wir nehmen Ihre Sicherheit und Privatsph\u00e4re sehr ernst. Wir verwenden branchen\u00fcbliche Verschl\u00fcsselungstechnologie, um Ihr Konto und Ihre Passwortinformationen vor unbefugtem Zugriff zu sch\u00fctzen.<\/p>\n<p style=\"text-align: left;\">Wenn Sie sich f\u00fcr ein Konto bei uns registrieren, m\u00fcssen Sie ein Passwort erstellen. Sie sind f\u00fcr den Schutz der Vertraulichkeit Ihres Passworts und Ihrer Kontoinformationen verantwortlich. Sie sind auch f\u00fcr alle Aktivit\u00e4ten verantwortlich, die unter Ihrem Konto oder Passwort stattfinden. Wenn Sie der Meinung sind, dass jemand unbefugt auf Ihr Passwort oder Konto zugegriffen hat, kontaktieren Sie uns bitte umgehend unter <a href=\"mailto:sales@asicmarketplace.com\">sales@asicmarketplace.com<\/a>.<\/p>\n<h3 style=\"text-align: left;\">Geistiges Eigentum<\/h3>\n<p style=\"text-align: left;\">Sofern nicht anders angegeben, geh\u00f6ren alle gewerblichen Schutzrechte, einschlie\u00dflich Urheberrechte, Patente, Marken und Gesch\u00e4ftsgeheimnisse auf dieser Website, uns oder unseren Lizenzgebern. Sie d\u00fcrfen ohne unsere vorherige schriftliche Genehmigung keinen Teil dieser Website vervielf\u00e4ltigen, modifizieren, anzeigen oder verbreiten. Sie d\u00fcrfen auch keinen Aspekt dieser Website zur\u00fcckentwickeln, davon abgeleitete Werke erstellen oder versuchen, auf Bereiche zuzugreifen, die nicht f\u00fcr die \u00f6ffentliche Nutzung bestimmt sind, ohne unsere schriftliche Genehmigung einzuholen. Jede unbefugte Nutzung f\u00fchrt zu sofortigen rechtlichen Schritten gegen Verletzer nach internationalem Recht und zivilrechtlichen Klagen vor Gericht.<\/p>\n<h3 style=\"text-align: left;\">\u00c4nderung der Produkte und ihrer Preise<\/h3>\n<p style=\"text-align: left;\">Wir sind nicht verpflichtet, Sie \u00fcber wesentliche \u00c4nderungen an unserem Produkt zu informieren, indem wir Ihnen eine E-Mail an die mit Ihrem Konto verkn\u00fcpfte Adresse senden oder eine Benachrichtigung auf unserer Website ver\u00f6ffentlichen. Wenn Sie mit den \u00c4nderungen nicht einverstanden sind, sollten Sie die Nutzung unserer Website und unserer Dienste einstellen. Ihre fortgesetzte Nutzung unserer Website und Dienste nach einer solchen \u00c4nderung gilt als Anerkennung dieser \u00c4nderung und als Einverst\u00e4ndnis, an die ge\u00e4nderten Bedingungen dieser Nutzungsbedingungen gebunden zu sein.<\/p>\n<p style=\"text-align: left;\"><strong>Schiedsverfahren<\/strong><\/p>\n<p style=\"text-align: left;\">Schiedsverfahren bedeutet, dass die Parteien eines Streits zustimmen, auf ihr Recht auf ein Geschworenengericht zu verzichten und stattdessen ihre Anspr\u00fcche von einem Schiedsrichter pr\u00fcfen zu lassen.<\/p>\n<p style=\"text-align: left;\">Im Streitfall, sofern eine Schlichtung gew\u00e4hlt wird, stimmt der Nutzer zu, dass alle Streitigkeiten einzeln und nicht als Sammelklage oder andere Sammelklage verhandelt werden. Der Nutzer stimmt auch zu, w\u00e4hrend oder nach dem Schlichtungsverfahren nicht an einer Sammelklage teilzunehmen.<\/p>\n<h3 style=\"text-align: left;\">Genauigkeit der Rechnungsinformationen<\/h3>\n<p style=\"text-align: left;\">Alle bei uns aufgegebenen Bestellungen unterliegen der \u00dcberpr\u00fcfung der Produktverf\u00fcgbarkeit und werden erst nach Best\u00e4tigung der Verf\u00fcgbarkeit und Erhalt der Zahlung bearbeitet. Wir behalten uns das Recht vor, jede von Ihnen bei uns aufgegebene Bestellung abzulehnen. Nach unserem alleinigen Ermessen k\u00f6nnen wir die pro Person, Haushalt oder Bestellung gekauften Mengen begrenzen oder stornieren. Diese Beschr\u00e4nkungen k\u00f6nnen Bestellungen umfassen, die vom oder unter demselben Kundenkonto, derselben Kreditkarte und\/oder Bestellungen mit derselben Rechnungs- und\/oder Lieferadresse get\u00e4tigt werden. Wenn wir eine Bestellung \u00e4ndern oder stornieren, k\u00f6nnen wir versuchen, Sie zu benachrichtigen, indem wir uns mit der E-Mail- und\/oder Rechnungsadresse\/Telefonnummer in Verbindung setzen, die bei der Aufgabe der Bestellung angegeben wurden. Wir behalten uns das Recht vor, Bestellungen zu begrenzen oder zu verbieten, die nach unserem alleinigen Ermessen von H\u00e4ndlern, Wiederverk\u00e4ufern oder Distributoren zu stammen scheinen.<\/p>\n<p style=\"text-align: left;\">Sie erkl\u00e4ren sich damit einverstanden, f\u00fcr alle in unserem Gesch\u00e4ft get\u00e4tigten Eink\u00e4ufe aktuelle, vollst\u00e4ndige und genaue Kauf- und Kontoinformationen bereitzustellen. Sie erkl\u00e4ren sich damit einverstanden, Ihr Konto und andere Informationen, einschlie\u00dflich Ihrer E-Mail-Adresse, Kreditkartennummern und Ablaufdaten, umgehend zu aktualisieren, damit wir Ihre Transaktionen abschlie\u00dfen und Sie bei Bedarf kontaktieren k\u00f6nnen.<\/p>\n<h3 style=\"text-align: left;\">Inhalt von Drittanbieter-Links<\/h3>\n<p style=\"text-align: left;\">Sie erkennen an und stimmen zu, dass wir nicht f\u00fcr die Richtigkeit, Rechtm\u00e4\u00dfigkeit oder Anst\u00e4ndigkeit von Materialien verantwortlich sind, die in Links von Drittanbietern enthalten sind. Wir geben keine Zusicherungen oder Gew\u00e4hrleistungen hinsichtlich der Qualit\u00e4t, Sicherheit oder Eignung von Aspekten anderer Websites. Das Bestehen eines Links zu einer anderen Website impliziert nicht unsere Bef\u00fcrwortung dieser Website.<\/p>\n<h3 style=\"text-align: left;\">Garantiebedingungen<\/h3>\n<p style=\"text-align: left;\">Alle unsere Miner werden mit einer Herstellergarantie von 180-360 Tagen geliefert, je nach Hersteller und Modell des Miners. Wir k\u00f6nnen nicht f\u00fcr Sch\u00e4den oder M\u00e4ngel am Miner verantwortlich oder haftbar gemacht werden.<\/p>\n<p style=\"text-align: left;\">Unsere Miner werden von den besten Herstellern der Branche bezogen. Wir verstehen, dass der Kauf eines Miners eine bedeutende Investition darstellt und Sie sicherstellen wollen, dass Ihr Kauf in einwandfreiem Zustand ist.<\/p>\n<p style=\"text-align: left;\">Sie k\u00f6nnen die Garantiebestimmungen des jeweiligen Herstellers konsultieren, um zu verstehen, wie er mit Garantieanfragen umgeht.<\/p>\n<h3 style=\"text-align: left;\">Haftungsausschl\u00fcsse<\/h3>\n<p style=\"text-align: left;\">Wir garantieren nicht die Richtigkeit, Vollst\u00e4ndigkeit oder Aktualit\u00e4t der Inhalte oder von Daten oder Ergebnissen, die durch die Nutzung der Website erzielt werden. Sie verstehen, dass Sie die Inhalte auf Ihr eigenes Risiko nutzen.<\/p>\n<p style=\"text-align: left;\">Sie stimmen zu, dass wir nicht f\u00fcr Sch\u00e4den oder Verluste haftbar gemacht werden, die aus Ihrer Nutzung der Website entstehen, sei es direkt, indirekt, zuf\u00e4llig, folgerichtig oder anderweitig.<\/p>\n<p style=\"text-align: left;\">Sie verpflichten sich, uns von jeglicher Haftung, jedem Verlust oder Aufwand (einschlie\u00dflich angemessener Anwaltsgeb\u00fchren) freizustellen, der sich aus Ihrer Nutzung dieser Website oder der Verletzung dieser Nutzungsbedingungen ergibt.<\/p>\n<h3 style=\"text-align: left;\">Kontakt<\/h3>\n<p style=\"text-align: left;\"><a href=\"mailto:sales@asicmarketplace.com\">sales@asicmarketplace.com<\/a><br \/>\n<a href=\"tel:12546516565\">+1-254-651-6565<\/a><br \/>\n8 Yip Shing Str., Castle Peak Road, Flat B, 8. Stock,<br \/>\nTung Luen Ind., Geb\u00e4ude. Kwai Chung, Hongkong<\/p>","protected":false},"excerpt":{"rendered":"General Conditions Hello and welcome to Asic Marketplace! Asic Marketplace operates this website. Throughout the site, the terms &#8220;we&#8221;, &#8220;us&#8221; and &#8220;our&#8221; refer to Asic Marketplace. Please note that during certain promotional periods, this site may have special terms, conditions and notices posted in addition to or in place of the terms, conditions and notices&#8230; <a class=\"view-article\" href=\"https:\/\/asicmarketplace.com\/de\/terms-and-conditions\/\">View Article<\/a>","protected":false},"author":1,"featured_media":0,"parent":0,"menu_order":0,"comment_status":"closed","ping_status":"closed","template":"","meta":{"content-type":"","footnotes":""},"class_list":["post-2670","page","type-page","status-publish","hentry"],"acf":[],"_links":{"self":[{"href":"https:\/\/asicmarketplace.com\/de\/wp-json\/wp\/v2\/pages\/2670","targetHints":{"allow":["GET"]}}],"collection":[{"href":"https:\/\/asicmarketplace.com\/de\/wp-json\/wp\/v2\/pages"}],"about":[{"href":"https:\/\/asicmarketplace.com\/de\/wp-json\/wp\/v2\/types\/page"}],"author":[{"embeddable":true,"href":"https:\/\/asicmarketplace.com\/de\/wp-json\/wp\/v2\/users\/1"}],"replies":[{"embeddable":true,"href":"https:\/\/asicmarketplace.com\/de\/wp-json\/wp\/v2\/comments?post=2670"}],"version-history":[{"count":5,"href":"https:\/\/asicmarketplace.com\/de\/wp-json\/wp\/v2\/pages\/2670\/revisions"}],"predecessor-version":[{"id":15527,"href":"https:\/\/asicmarketplace.com\/de\/wp-json\/wp\/v2\/pages\/2670\/revisions\/15527"}],"wp:attachment":[{"href":"https:\/\/asicmarketplace.com\/de\/wp-json\/wp\/v2\/media?parent=2670"}],"curies":[{"name":"wp","href":"https:\/\/api.w.org\/{rel}","templated":true}]}}