{"id":28821,"date":"2025-02-04T13:53:48","date_gmt":"2025-02-04T08:23:48","guid":{"rendered":"https:\/\/asicmarketplace.com\/?post_type=product&#038;p=28821"},"modified":"2026-02-17T07:51:11","modified_gmt":"2026-02-17T02:21:11","slug":"30a-messsteckdosenleiste-240v-l6-30p-6-c13-2-c19","status":"publish","type":"product","link":"https:\/\/asicmarketplace.com\/de\/product\/30a-metered-pdu-240v-l6-30p-6-c13-2-c19\/","title":{"rendered":"30A gemessene PDU \u2013 240V, L6-30P, 6 C13 &amp; 2 C19"},"content":{"rendered":"<p>Dieses Hochleistungs- <strong>Stromverteilungseinheit<\/strong>\u00a0ist f\u00fcr anspruchsvolle Umgebungen wie Rechenzentren, Serverr\u00e4ume und Krypto-Mining-Systeme konzipiert. Es liefert eine zuverl\u00e4ssige Stromverteilung mit integrierter \u00dcberwachung zur Steigerung von Effizienz und Sicherheit.<\/p>\n<p><strong>Eingabedetails:<br \/>\n<\/strong><\/p>\n<ul>\n<li>Steckertyp: NEMA L6-30P<\/li>\n<li>Kabell\u00e4nge: 6 Fu\u00df (10 AWG)<\/li>\n<\/ul>\n<p><strong>Ausgabedetails:<\/strong><\/p>\n<ul>\n<li>Steckdosen: 6 x IEC 60320 C13, 2 x IEC 60320 C19<\/li>\n<li>Nennspannung: 208V-240V<\/li>\n<\/ul>\n<p><strong>Elektrische Spezifikationen:<\/strong><\/p>\n<ul>\n<li>Maximaler Strom: 30A<\/li>\n<li>Nennspannung: 220-250V, 50-60Hz<\/li>\n<li>Maximale Ausgangsleistung: 7200W (Empfohlene Dauerlast: 24A oder 5760W)<\/li>\n<\/ul>\n<p><strong>Schutz und \u00dcberwachung:<br \/>\n<\/strong><\/p>\n<ul>\n<li>Leitungsschutzschalter: 32A einpoliger Schutzschalter zur Verhinderung von \u00dcberlastungen<\/li>\n<li>LCD-Display: \u00dcberwacht Spannung (V), Leistung (W), Strom (A), Frequenz (Hz), Energieverbrauch (kWh) und Leistungsfaktor<\/li>\n<\/ul>\n<p><strong>Physikalische Spezifikationen:<\/strong><\/p>\n<ul>\n<li>Ab Werk: 1HE-Rack-taugliches Design<\/li>\n<li>Gr\u00f6\u00dfe: 88 cm x 11 cm x 9 cm<\/li>\n<li>Gewicht: 2,8 kg<\/li>\n<li>Konstruktion: Reversibles Metallgeh\u00e4use f\u00fcr Wand-, Werkbank-, Rack- oder Untertischmontage<\/li>\n<\/ul>\n<p><strong><b data-stringify-type=\"bold\">Optimierte Leistung &amp; Sicherheit<\/b>:<\/strong> Um Haltbarkeit und sicheren Betrieb zu gew\u00e4hrleisten, befolgen Sie am besten die 80% Regel f\u00fcr Dauerlasten und halten Sie den Stromverbrauch innerhalb von 24A (ca. 5760W). Dies minimiert die W\u00e4rmeentwicklung und verl\u00e4ngert die Lebensdauer der angeschlossenen Ger\u00e4te.<\/p>\n<p><strong><b data-stringify-type=\"bold\">Vielseitige Montage &amp; Echtzeit\u00fcberwachung<\/b>:<\/strong> Das 1HE-Metallgeh\u00e4use ist umkehrbar und somit f\u00fcr Wand-, Rack-, Werkbank- oder Unterbauinstallationen geeignet. Dar\u00fcber hinaus bietet das integrierte LCD-Display Echtzeit-Leistungskennzahlen, was die Verwaltung und Fehlerbehebung vereinfacht.<\/p>","protected":false},"excerpt":{"rendered":"This high-performance PDU(Power Distribution Unit)\u00a0is designed for demanding environments such as data centers, server rooms, and cryptocurrency mining setups. It delivers reliable power distribution with built-in monitoring to enhance efficiency and safety. Input Details: Plug Type: NEMA L6-30P Cord Length:\u00a06 feet (10 AWG) Output Details: Outlets: 6 x IEC 60320 C13, 2 x IEC 60320&#8230; <a class=\"view-article\" href=\"https:\/\/asicmarketplace.com\/de\/product\/30a-metered-pdu-240v-l6-30p-6-c13-2-c19\/\">View Article<\/a>","protected":false},"featured_media":28897,"comment_status":"open","ping_status":"closed","template":"","meta":{"content-type":""},"product_brand":[506],"product_cat":[488],"product_tag":[],"class_list":{"0":"post-28821","1":"product","2":"type-product","3":"status-publish","4":"has-post-thumbnail","6":"product_brand-accessories","7":"product_cat-power-distribution-unit","9":"first","10":"instock","11":"shipping-taxable","12":"purchasable","13":"product-type-variable","14":"has-default-attributes"},"acf":[],"_links":{"self":[{"href":"https:\/\/asicmarketplace.com\/de\/wp-json\/wp\/v2\/product\/28821","targetHints":{"allow":["GET"]}}],"collection":[{"href":"https:\/\/asicmarketplace.com\/de\/wp-json\/wp\/v2\/product"}],"about":[{"href":"https:\/\/asicmarketplace.com\/de\/wp-json\/wp\/v2\/types\/product"}],"replies":[{"embeddable":true,"href":"https:\/\/asicmarketplace.com\/de\/wp-json\/wp\/v2\/comments?post=28821"}],"wp:featuredmedia":[{"embeddable":true,"href":"https:\/\/asicmarketplace.com\/de\/wp-json\/wp\/v2\/media\/28897"}],"wp:attachment":[{"href":"https:\/\/asicmarketplace.com\/de\/wp-json\/wp\/v2\/media?parent=28821"}],"wp:term":[{"taxonomy":"product_brand","embeddable":true,"href":"https:\/\/asicmarketplace.com\/de\/wp-json\/wp\/v2\/product_brand?post=28821"},{"taxonomy":"product_cat","embeddable":true,"href":"https:\/\/asicmarketplace.com\/de\/wp-json\/wp\/v2\/product_cat?post=28821"},{"taxonomy":"product_tag","embeddable":true,"href":"https:\/\/asicmarketplace.com\/de\/wp-json\/wp\/v2\/product_tag?post=28821"}],"curies":[{"name":"wp","href":"https:\/\/api.w.org\/{rel}","templated":true}]}}