{"id":28825,"date":"2025-02-04T13:50:57","date_gmt":"2025-02-04T08:20:57","guid":{"rendered":"https:\/\/asicmarketplace.com\/?post_type=product&#038;p=28825"},"modified":"2026-03-26T13:38:42","modified_gmt":"2026-03-26T08:08:42","slug":"100a-3-phasen-pdu-415v-72kw-12-p34-steckdosen-s21-t21","status":"publish","type":"product","link":"https:\/\/asicmarketplace.com\/de\/product\/100a-3-phase-pdu-415v-72kw-12-p34-sockets-s21-t21\/","title":{"rendered":"100A 3-Phasen-PDU \u2013 415V, 72KW, 12 P34-Steckdosen (S21 &amp; T21)"},"content":{"rendered":"<p>Die <strong>100A 12P<\/strong> ist ein leistungsstarker 3-Phasen <strong>Stromverteilungseinheit<\/strong> konzipiert f\u00fcr Umgebungen mit hoher Nachfrage wie Kryptow\u00e4hrungs-Mining-Farmen und Rechenzentren. mit einer maximalen Leistung von 72KW bei <strong>415V<\/strong>, Diese Einheit sorgt f\u00fcr eine zuverl\u00e4ssige und effiziente Stromverteilung, um kritische Systeme reibungslos am Laufen zu halten.<\/p>\n<div class=\"p-rich_text_section\"><b data-stringify-type=\"bold\">Physisches Design:<\/b><\/div>\n<ul class=\"p-rich_text_list p-rich_text_list__bullet p-rich_text_list--nested\" data-stringify-type=\"unordered-list\" data-list-tree=\"true\" data-indent=\"0\" data-border=\"0\">\n<li data-stringify-indent=\"0\" data-stringify-border=\"0\"><b data-stringify-type=\"bold\">Gr\u00f6\u00dfe:<\/b>\u00a0149 cm x 33 cm x 15 cm<\/li>\n<li data-stringify-indent=\"0\" data-stringify-border=\"0\"><b data-stringify-type=\"bold\">Gewicht:<\/b>\u00a018 kg<\/li>\n<\/ul>\n<div class=\"p-rich_text_section\"><b data-stringify-type=\"bold\">Sicherheit &amp; Schutz<\/b><\/div>\n<ul class=\"p-rich_text_list p-rich_text_list__bullet p-rich_text_list--nested\" data-stringify-type=\"unordered-list\" data-list-tree=\"true\" data-indent=\"0\" data-border=\"0\">\n<li data-stringify-indent=\"0\" data-stringify-border=\"0\"><b data-stringify-type=\"bold\">Schutz vor Stromkreisen<\/b>\u00a0Integrierter 3-poliger 125A-Schutzschalter zur Vermeidung von \u00dcberlastungen<\/li>\n<li data-stringify-indent=\"0\" data-stringify-border=\"0\"><b data-stringify-type=\"bold\">Drahtspezifikation:<\/b>\u00a0UL-zertifizierte, flammhemmende Verkabelung f\u00fcr erh\u00f6hte Sicherheit<\/li>\n<li data-stringify-indent=\"0\" data-stringify-border=\"0\"><b data-stringify-type=\"bold\">Zertifizierungen:<\/b>\u00a0RoHS- und ETL-konform, erf\u00fcllt globale Sicherheits- und Umweltstandards<\/li>\n<\/ul>\n<div class=\"p-rich_text_section\"><b data-stringify-type=\"bold\">Schl\u00fcsselmerkmale:<\/b><\/div>\n<ul class=\"p-rich_text_list p-rich_text_list__bullet p-rich_text_list--nested\" data-stringify-type=\"unordered-list\" data-list-tree=\"true\" data-indent=\"0\" data-border=\"0\">\n<li data-stringify-indent=\"0\" data-stringify-border=\"0\"><b data-stringify-type=\"bold\">Eingangsspannung<\/b>\u00a0380\u2013480 V (LLLNG), Standardbetriebsspannung bei 415 V<\/li>\n<li data-stringify-indent=\"0\" data-stringify-border=\"0\"><b data-stringify-type=\"bold\">Maximale Ausgangsleistung:<\/b>\u00a072kW<\/li>\n<li data-stringify-indent=\"0\" data-stringify-border=\"0\"><b data-stringify-type=\"bold\">Maximaler Strom:<\/b>\u00a0100A<\/li>\n<li data-stringify-indent=\"0\" data-stringify-border=\"0\"><b data-stringify-type=\"bold\">Ausgangsverbindungen<\/b>\u00a012 x P34 Hochleistungssteckdosen<\/li>\n<\/ul>\n<div class=\"p-rich_text_section\"><b data-stringify-type=\"bold\">Ideale Anwendungsbereiche:<\/b><\/div>\n<ul class=\"p-rich_text_list p-rich_text_list__bullet p-rich_text_list--nested\" data-stringify-type=\"unordered-list\" data-list-tree=\"true\" data-indent=\"0\" data-border=\"0\">\n<li data-stringify-indent=\"0\" data-stringify-border=\"0\">Kryptow\u00e4hrungs-Miningfarmen<\/li>\n<li data-stringify-indent=\"0\" data-stringify-border=\"0\">Rechenzentren<\/li>\n<li data-stringify-indent=\"0\" data-stringify-border=\"0\">Hochleistungsrechner-Konfigurationen<\/li>\n<li data-stringify-indent=\"0\" data-stringify-border=\"0\">Industrielle Stromverteilung<\/li>\n<\/ul>\n<p><b data-stringify-type=\"bold\">Leistungs- &amp; Sicherheitsempfehlungen:<\/b><br \/>\nUm einen zuverl\u00e4ssigen Betrieb zu gew\u00e4hrleisten, vermeiden Sie es, die maximale Nennlast zu \u00fcberschreiten. Eine ordnungsgem\u00e4\u00dfe Lastverwaltung verl\u00e4ngert die Lebensdauer der angeschlossenen Ger\u00e4te und erh\u00e4lt die Effizienz.<\/p>","protected":false},"excerpt":{"rendered":"The 100A 12P is a powerful 3-phase PDU(Power Distribution Unit) designed for high-demand environments such as cryptocurrency mining farms and data centers. with a maximum output of 72KW at 415V, this unit ensures reliable and efficient power distribution to keep critical systems running smoothly. Physical Design: Size:\u00a0149 cm x 33 cm x 15 cm Weight:\u00a018&#8230; <a class=\"view-article\" href=\"https:\/\/asicmarketplace.com\/de\/product\/100a-3-phase-pdu-415v-72kw-12-p34-sockets-s21-t21\/\">View Article<\/a>","protected":false},"featured_media":28899,"comment_status":"open","ping_status":"closed","template":"","meta":{"content-type":""},"product_brand":[506],"product_cat":[488],"product_tag":[],"class_list":{"0":"post-28825","1":"product","2":"type-product","3":"status-publish","4":"has-post-thumbnail","6":"product_brand-accessories","7":"product_cat-power-distribution-unit","9":"first","10":"instock","11":"shipping-taxable","12":"purchasable","13":"product-type-variable","14":"has-default-attributes"},"acf":[],"_links":{"self":[{"href":"https:\/\/asicmarketplace.com\/de\/wp-json\/wp\/v2\/product\/28825","targetHints":{"allow":["GET"]}}],"collection":[{"href":"https:\/\/asicmarketplace.com\/de\/wp-json\/wp\/v2\/product"}],"about":[{"href":"https:\/\/asicmarketplace.com\/de\/wp-json\/wp\/v2\/types\/product"}],"replies":[{"embeddable":true,"href":"https:\/\/asicmarketplace.com\/de\/wp-json\/wp\/v2\/comments?post=28825"}],"wp:featuredmedia":[{"embeddable":true,"href":"https:\/\/asicmarketplace.com\/de\/wp-json\/wp\/v2\/media\/28899"}],"wp:attachment":[{"href":"https:\/\/asicmarketplace.com\/de\/wp-json\/wp\/v2\/media?parent=28825"}],"wp:term":[{"taxonomy":"product_brand","embeddable":true,"href":"https:\/\/asicmarketplace.com\/de\/wp-json\/wp\/v2\/product_brand?post=28825"},{"taxonomy":"product_cat","embeddable":true,"href":"https:\/\/asicmarketplace.com\/de\/wp-json\/wp\/v2\/product_cat?post=28825"},{"taxonomy":"product_tag","embeddable":true,"href":"https:\/\/asicmarketplace.com\/de\/wp-json\/wp\/v2\/product_tag?post=28825"}],"curies":[{"name":"wp","href":"https:\/\/api.w.org\/{rel}","templated":true}]}}