{"id":29736,"date":"2025-03-05T17:04:27","date_gmt":"2025-03-05T11:34:27","guid":{"rendered":"https:\/\/asicmarketplace.com\/?post_type=product&#038;p=29736"},"modified":"2026-04-06T10:16:18","modified_gmt":"2026-04-06T04:46:18","slug":"antminer-apw12-1215-ersatznetzteil","status":"publish","type":"product","link":"https:\/\/asicmarketplace.com\/de\/product\/antminer-apw12-1215-replacement-power-supply-unit\/","title":{"rendered":"Antminer APW12 1215 Ersatznetzteil f\u00fcr S19 Pro, S19, S19j Pro, S19 XP, S19j Pro+, S19k Pro"},"content":{"rendered":"<p>Die <strong>Bitmain<\/strong> <strong>Antminer APW12 1215<\/strong> PSU ist f\u00fcr die (S19,S19 Pro,S19j,S19j Pro,S19 XP,S19j Pro+,S19k Pro,S19 Pro++,D9,X5) konzipiert und liefert eine stabile 12V-15V-Ausgangsspannung bei 220V-Eingang. Entwickelt f\u00fcr Effizienz, sorgt es f\u00fcr zuverl\u00e4ssige Stromversorgung und optimale Mining-Leistung.<\/p>\n<h4>Spezifikationen<\/h4>\n<p><strong>Ausgang 1:<\/strong><\/p>\n<ul>\n<li>Gleichspannung: 12V-15V<\/li>\n<li>Nennstrom : 267A<\/li>\n<li>Ripple &amp; Rauschen: &lt;1%<\/li>\n<li>Quellenanpassungsrate: &lt;1%<\/li>\n<li>Lastregelung: &lt;1%<\/li>\n<li>Start-up und Anstiegszeit: &lt;14S<\/li>\n<li>Kurzschlussschutz: &gt;10 ms<\/li>\n<\/ul>\n<p><strong>Kontext 2:<\/strong><\/p>\n<ul>\n<li>Gleichspannung: 12,3V<\/li>\n<li>Nennstrom (220V Eingang): 18A<\/li>\n<li>Ripple &amp; Rauschen: &lt;1%<\/li>\n<li>Spannungsgenauigkeit: 12,2 V\u201312,4 V<\/li>\n<li>Quellenanpassungsrate: &lt;1%<\/li>\n<li>Lastregelung: &lt;1%<\/li>\n<li>Einrichtzeit: &lt;10S<\/li>\n<li>Kurzschlussschutz: &gt;10 ms<\/li>\n<\/ul>\n<p><strong>Schutz<\/strong><\/p>\n<ul>\n<li>Eingangsunterspannungsschutzwert: 185-195V AC<\/li>\n<li>Kurzschluss: Ja<\/li>\n<li>\u00dcbertemperaturschutz: Ja<\/li>\n<li>\u00dcberstromschutzausgabewert: 280A-402V A<\/li>\n<\/ul>\n<p><strong>Eingabe<\/strong><\/p>\n<ul>\n<li>Spannungsbereich: 220<span style=\"font-family: \u5b8b\u4f53;\">\u2013<\/span><span style=\"font-family: \u5b8b\u4f53;\">277<\/span><span style=\"font-family: \u5b8b\u4f53;\">V Wechselspannung<\/span><\/li>\n<li>Frequenzbereich: 50<span style=\"font-family: \u5b8b\u4f53;\">-6<\/span>0<span style=\"font-family: \u5b8b\u4f53;\">Hz<\/span><\/li>\n<li>Leistungsfaktor: &gt;0,99 (Volllast)<\/li>\n<li>Ableitstrom: &lt;1.5mA (380<span style=\"font-family: \u5b8b\u4f53;\">V 50 Hz<\/span>\uff09<\/li>\n<\/ul>\n<p><strong>Umwelt<\/strong><\/p>\n<ul>\n<li>Betriebstemperatur: -20-40\u2103<\/li>\n<li>Betriebsfeuchtigkeit: 20%-90%RH (nicht kondensierend)<\/li>\n<li>H\u00f6he: &lt; 2000 m<\/li>\n<\/ul>\n<p><strong>Struktur<\/strong><\/p>\n<ul>\n<li>Gr\u00f6\u00dfe: 254 x 251 x 63 mm<\/li>\n<li>Gewicht Netto: 3,9Kg<\/li>\n<li>K\u00fchlungsmethode: Zwangsluftk\u00fchlung<\/li>\n<li>L\u00e4rm : 45 dB<\/li>\n<\/ul>","protected":false},"excerpt":{"rendered":"<table class=\"title-box\" data-v-42215f76=\"\">\r\n<tbody>\r\n<tr data-v-42215f76=\"\">\r\n<td data-v-42215f76=\"\"><span data-v-42215f76=\"\"><strong>PSU Modelldetails:\r\n<a class=\"active\" data-spec=\"APW12 1215a\">APW12 1215a \u2013 <\/a><\/strong><a class=\"active\" data-spec=\"APW12 1215a\">S19, S19j, S19Pro, S19jpro, S19apro, S19a, S19i, T19, D7, E9, E11, E9pro, S19+\r\n<\/a><a class=\"active\" data-spec=\"APW12 1215a\"><strong>APW12 1215b<\/strong>\u2013 S19, S19j, S19Pro, S19jpro, S19apro, S19a, S19i, T19, D7, E9, E11, E9pro, S19+\r\n<\/a><a class=\"active\" data-spec=\"APW12 1215a\"><strong>APW12 1215c<\/strong>\u2013 S19, S19j, S19j+, S19Pro, S19jpro, S19a, T19, D7, E9, E11\r\n<\/a><a class=\"active\" data-spec=\"APW12 1215a\"><strong>APW12 1215d<\/strong>S19, S19Pro, S19jpro, S19jpro+, S19XP\r\n<\/a><a class=\"active\" data-spec=\"APW12 1215a\"><strong>APW12 1215e<\/strong>\u2013 S19Pro, S19jpro, S19XP, S19L\r\n<\/a><a class=\"active\" data-spec=\"APW12 1215a\"><strong>APW12 1215f<\/strong>\u2013 S19, S19Pro, S19jpro, S19jpro+, S19XP, S19Kpro\r\n<\/a><a class=\"active\" data-spec=\"APW12 1215a\"><strong>APW12 1215g<\/strong> \u2013 S19 Pro-A\r\n<\/a>\r\n<\/span><\/td>\r\n<\/tr>\r\n<\/tbody>\r\n<\/table>\r\n&nbsp;","protected":false},"featured_media":29738,"comment_status":"open","ping_status":"closed","template":"","meta":{"content-type":""},"product_brand":[506],"product_cat":[498],"product_tag":[],"class_list":{"0":"post-29736","1":"product","2":"type-product","3":"status-publish","4":"has-post-thumbnail","6":"product_brand-accessories","7":"product_cat-power-supply","9":"first","10":"instock","11":"shipping-taxable","12":"purchasable","13":"product-type-variable","14":"has-default-attributes"},"acf":[],"_links":{"self":[{"href":"https:\/\/asicmarketplace.com\/de\/wp-json\/wp\/v2\/product\/29736","targetHints":{"allow":["GET"]}}],"collection":[{"href":"https:\/\/asicmarketplace.com\/de\/wp-json\/wp\/v2\/product"}],"about":[{"href":"https:\/\/asicmarketplace.com\/de\/wp-json\/wp\/v2\/types\/product"}],"replies":[{"embeddable":true,"href":"https:\/\/asicmarketplace.com\/de\/wp-json\/wp\/v2\/comments?post=29736"}],"wp:featuredmedia":[{"embeddable":true,"href":"https:\/\/asicmarketplace.com\/de\/wp-json\/wp\/v2\/media\/29738"}],"wp:attachment":[{"href":"https:\/\/asicmarketplace.com\/de\/wp-json\/wp\/v2\/media?parent=29736"}],"wp:term":[{"taxonomy":"product_brand","embeddable":true,"href":"https:\/\/asicmarketplace.com\/de\/wp-json\/wp\/v2\/product_brand?post=29736"},{"taxonomy":"product_cat","embeddable":true,"href":"https:\/\/asicmarketplace.com\/de\/wp-json\/wp\/v2\/product_cat?post=29736"},{"taxonomy":"product_tag","embeddable":true,"href":"https:\/\/asicmarketplace.com\/de\/wp-json\/wp\/v2\/product_tag?post=29736"}],"curies":[{"name":"wp","href":"https:\/\/api.w.org\/{rel}","templated":true}]}}