{"id":29745,"date":"2025-03-05T17:41:55","date_gmt":"2025-03-05T12:11:55","guid":{"rendered":"https:\/\/asicmarketplace.com\/?post_type=product&#038;p=29745"},"modified":"2026-04-06T10:16:18","modified_gmt":"2026-04-06T04:46:18","slug":"antminer-apw12-1417-ersatznetzteil-17v","status":"publish","type":"product","link":"https:\/\/asicmarketplace.com\/de\/product\/antminer-apw12-1417-replacement-power-supply-unit-17v\/","title":{"rendered":"Ersatznetzteil Antminer APW12 1417 f\u00fcr KA3, L7, K7, DR7, HS3"},"content":{"rendered":"<p>Die <strong>Bitmain<\/strong> <strong>Antminer APW12 1417<\/strong>\u00a0PSU ist f\u00fcr den (KA3,L7,K7,DR7,HS3) konzipiert und liefert bei 220 V Eingangsspannung eine stabile Ausgangsspannung von 14 V-17 V. Entwickelt f\u00fcr Effizienz, sorgt er f\u00fcr zuverl\u00e4ssige Stromversorgung und optimale Mining-Leistung.<\/p>\n<h4>Spezifikationen<\/h4>\n<p><strong>Ausgang 1:<\/strong><\/p>\n<ul>\n<li>Gleichspannung: 14V-17V<\/li>\n<li>Nennstrom : 182A<\/li>\n<li>Ripple &amp; Rauschen: &lt;1%<\/li>\n<li>Leitungsregelung: &lt;1%<\/li>\n<li>Lastregelung: &lt;1%<\/li>\n<li>Einrichtungszeit: &lt;2S<\/li>\n<li>Kurzschlussschutz: &gt;10 ms<\/li>\n<\/ul>\n<p><strong>Kontext 2:<\/strong><\/p>\n<ul>\n<li>Gleichspannung: 12,3V<\/li>\n<li>Bemessungsstrom (220V Eingang): 18A<\/li>\n<li>Ripple &amp; Rauschen: &lt;1%<\/li>\n<li>Spannungsgenauigkeit: 12,2 V\u201312,4 V<\/li>\n<li>Leitungsregelung: &lt;1%<\/li>\n<li>Lastregelung: &lt;1%<\/li>\n<li>Einrichtungszeit: &lt;2S<\/li>\n<li>Kurzschlussschutz: &gt;10 ms<\/li>\n<\/ul>\n<p><strong>Schutz<\/strong><\/p>\n<ul>\n<li>Niederspannungs-Eingang: 80-89 V AC<\/li>\n<li>Kurzschluss: Ja<\/li>\n<li>\u00dcbertemperaturschutz: Ja<\/li>\n<li>\u00dcberstromausgang: 260A-340A (Schutzwert variiert je nach Spannung)<\/li>\n<\/ul>\n<p><strong>Eingabe<\/strong><\/p>\n<ul>\n<li>Spannungsbereich: 220<span style=\"font-family: \u5b8b\u4f53;\">\u2013<\/span><span style=\"font-family: \u5b8b\u4f53;\">240<\/span><span style=\"font-family: \u5b8b\u4f53;\">V Wechselspannung<\/span><\/li>\n<li>Frequenzbereich: 47<span style=\"font-family: \u5b8b\u4f53;\">-6<\/span><span style=\"font-family: \u5b8b\u4f53;\">3<\/span><span style=\"font-family: \u5b8b\u4f53;\">Hz<\/span><\/li>\n<li>Leistungsfaktor: &gt;0,99 (Volllast)<\/li>\n<li>Ableitstrom: &lt;1.5mA (380<span style=\"font-family: \u5b8b\u4f53;\">V 50 Hz<\/span>\uff09<\/li>\n<\/ul>\n<p><strong>Umwelt<\/strong><\/p>\n<ul>\n<li>Betriebstemperatur: -20-45\u2103<\/li>\n<li>Betriebsfeuchtigkeit: 20%-90%RH (nicht kondensierend)<\/li>\n<li>H\u00f6he: &lt; 2000 m<\/li>\n<\/ul>\n<p><strong>Struktur<\/strong><\/p>\n<ul>\n<li>Gr\u00f6\u00dfe: 254 x 251 x 63 mm<\/li>\n<li>Nettogewicht: 3,6 kg<\/li>\n<li>K\u00fchlungsmethode: Zwangsluftk\u00fchlung<\/li>\n<li>L\u00e4rm : 45 dB<\/li>\n<\/ul>","protected":false},"excerpt":{"rendered":"<table class=\"title-box\" data-v-42215f76=\"\">\r\n<tbody>\r\n<tr data-v-42215f76=\"\">\r\n<td data-v-42215f76=\"\"><span data-v-42215f76=\"\"><strong>PSU Modelldetails:\r\n<a class=\"active\" data-spec=\"APW12 1417a\">APW12 1417a: <\/a><\/strong><a class=\"active\" data-spec=\"APW12 1417a\">S19, S19XP, L7, S19JL\r\n<\/a><a class=\"active\" data-spec=\"APW12 1417a\"><strong>APW12 1417b<\/strong>: S19, K7, L7, DR7, KA3, KS3, HS3<\/a>\r\n<\/span><\/td>\r\n<\/tr>\r\n<\/tbody>\r\n<\/table>\r\n&nbsp;","protected":false},"featured_media":29748,"comment_status":"open","ping_status":"closed","template":"","meta":{"content-type":""},"product_brand":[506],"product_cat":[498],"product_tag":[],"class_list":{"0":"post-29745","1":"product","2":"type-product","3":"status-publish","4":"has-post-thumbnail","6":"product_brand-accessories","7":"product_cat-power-supply","9":"first","10":"instock","11":"shipping-taxable","12":"purchasable","13":"product-type-variable","14":"has-default-attributes"},"acf":[],"_links":{"self":[{"href":"https:\/\/asicmarketplace.com\/de\/wp-json\/wp\/v2\/product\/29745","targetHints":{"allow":["GET"]}}],"collection":[{"href":"https:\/\/asicmarketplace.com\/de\/wp-json\/wp\/v2\/product"}],"about":[{"href":"https:\/\/asicmarketplace.com\/de\/wp-json\/wp\/v2\/types\/product"}],"replies":[{"embeddable":true,"href":"https:\/\/asicmarketplace.com\/de\/wp-json\/wp\/v2\/comments?post=29745"}],"wp:featuredmedia":[{"embeddable":true,"href":"https:\/\/asicmarketplace.com\/de\/wp-json\/wp\/v2\/media\/29748"}],"wp:attachment":[{"href":"https:\/\/asicmarketplace.com\/de\/wp-json\/wp\/v2\/media?parent=29745"}],"wp:term":[{"taxonomy":"product_brand","embeddable":true,"href":"https:\/\/asicmarketplace.com\/de\/wp-json\/wp\/v2\/product_brand?post=29745"},{"taxonomy":"product_cat","embeddable":true,"href":"https:\/\/asicmarketplace.com\/de\/wp-json\/wp\/v2\/product_cat?post=29745"},{"taxonomy":"product_tag","embeddable":true,"href":"https:\/\/asicmarketplace.com\/de\/wp-json\/wp\/v2\/product_tag?post=29745"}],"curies":[{"name":"wp","href":"https:\/\/api.w.org\/{rel}","templated":true}]}}