{"id":29752,"date":"2025-03-05T18:11:47","date_gmt":"2025-03-05T12:41:47","guid":{"rendered":"https:\/\/asicmarketplace.com\/?post_type=product&#038;p=29752"},"modified":"2026-03-26T13:34:16","modified_gmt":"2026-03-26T08:04:16","slug":"antminer-apw11a-1216-ersatznetzteil","status":"publish","type":"product","link":"https:\/\/asicmarketplace.com\/de\/product\/antminer-apw11a-1216-replacement-power-supply-unit\/","title":{"rendered":"Ersatznetzteil Antminer APW11A 1216 f\u00fcr T21"},"content":{"rendered":"<p>Die <strong>Bitmain<\/strong> <strong>Antminer APW11A 1216<\/strong>\u00a0PSU ist f\u00fcr den (T21) konzipiert und liefert eine stabile Ausgangsspannung von 12 V-16 V bei einer Eingangsspannung von 380 V. Er wurde f\u00fcr Effizienz entwickelt und gew\u00e4hrleistet zuverl\u00e4ssige Stromversorgung und optimale Mining-Leistung.<\/p>\n<h4>Spezifikationen<\/h4>\n<p><strong>Ausgang 1:<\/strong><\/p>\n<ul>\n<li>Gleichspannung: 12V-16V<\/li>\n<li>Nennstrom: 380 V<\/li>\n<li>Ripple &amp; Rauschen: &lt;1%<\/li>\n<li>Quellenanpassungsrate: &lt;1%<\/li>\n<li>Lastregelung: &lt;1%<\/li>\n<li>Anlauf- und Anstiegszeit: &lt;6S<\/li>\n<li>Abtastzeit bei Stromausfall: &gt;10mS<\/li>\n<\/ul>\n<p><strong>Kontext 2:<\/strong><\/p>\n<ul>\n<li>Gleichspannung: 12,3V<\/li>\n<li>Nennstrom (Dreiphaseneingang 380V): 21A<\/li>\n<li>Ripple &amp; Rauschen: &lt;1%<\/li>\n<li>Spannungsgenauigkeit: 12,2 V\u201312,4 V<\/li>\n<li>Quellenanpassungsrate: &lt;1%<\/li>\n<li>Lastregelung: &lt;1%<\/li>\n<li>Abtastzeit bei Stromausfall: &gt;10mS<\/li>\n<\/ul>\n<p><strong>Schutz<\/strong><\/p>\n<ul>\n<li>Schutzwert bei Unterspannung: 333 V AC<\/li>\n<li>Kurzschluss: Ja<\/li>\n<li>\u00dcbertemperaturschutz: Ja<\/li>\n<li>Ausgangs\u00fcberstromschutz-Wert: 333 V AC<\/li>\n<\/ul>\n<p><strong>Eingabe<\/strong><\/p>\n<ul>\n<li>Spannungsbereich: 380<span style=\"font-family: \u5b8b\u4f53;\">\u2013<\/span>415<span style=\"font-family: \u5b8b\u4f53;\">V Wechselspannung<\/span><\/li>\n<li>Frequenzbereich: 50<span style=\"font-family: \u5b8b\u4f53;\">-6<\/span>0<span style=\"font-family: \u5b8b\u4f53;\">Hz<\/span><\/li>\n<li>Leistungsfaktor: &gt;0,99 (Volllast)<\/li>\n<li>Ableitstrom: &lt;1.5mA (380<span style=\"font-family: \u5b8b\u4f53;\">V 50 Hz<\/span>\uff09<\/li>\n<\/ul>\n<p><strong>Umwelt<\/strong><\/p>\n<ul>\n<li>Betriebstemperatur: -20-45\u2103<\/li>\n<li>Betriebsfeuchtigkeit: 20%-90%RH (nicht kondensierend)<\/li>\n<li>H\u00f6he: &lt; 2000 m<\/li>\n<li>Ausgangs\u00fcberstromschutz-Wert: 333 V AC<\/li>\n<\/ul>\n<p><strong>Struktur<\/strong><\/p>\n<ul>\n<li>Gr\u00f6\u00dfe: 290 x 250 x 80 mm<\/li>\n<li>Nettogewicht: 6,4 kg<\/li>\n<li>K\u00fchlungsmethode: Zwangsluftk\u00fchlung<\/li>\n<li>Ger\u00e4uschpegel: 55 dB<\/li>\n<\/ul>","protected":false},"excerpt":{"rendered":"<table class=\"title-box\" data-v-42215f76=\"\">\r\n<tbody>\r\n<tr data-v-42215f76=\"\">\r\n<td data-v-42215f76=\"\"><span data-v-42215f76=\"\">Funktion: Ersatznetzteil f\u00fcr Antminer T21<\/span><\/td>\r\n<\/tr>\r\n<\/tbody>\r\n<\/table>\r\n&nbsp;","protected":false},"featured_media":29754,"comment_status":"open","ping_status":"closed","template":"","meta":{"content-type":""},"product_brand":[506],"product_cat":[498],"product_tag":[],"class_list":{"0":"post-29752","1":"product","2":"type-product","3":"status-publish","4":"has-post-thumbnail","6":"product_brand-accessories","7":"product_cat-power-supply","9":"first","10":"instock","11":"shipping-taxable","12":"purchasable","13":"product-type-variable","14":"has-default-attributes"},"acf":[],"_links":{"self":[{"href":"https:\/\/asicmarketplace.com\/de\/wp-json\/wp\/v2\/product\/29752","targetHints":{"allow":["GET"]}}],"collection":[{"href":"https:\/\/asicmarketplace.com\/de\/wp-json\/wp\/v2\/product"}],"about":[{"href":"https:\/\/asicmarketplace.com\/de\/wp-json\/wp\/v2\/types\/product"}],"replies":[{"embeddable":true,"href":"https:\/\/asicmarketplace.com\/de\/wp-json\/wp\/v2\/comments?post=29752"}],"wp:featuredmedia":[{"embeddable":true,"href":"https:\/\/asicmarketplace.com\/de\/wp-json\/wp\/v2\/media\/29754"}],"wp:attachment":[{"href":"https:\/\/asicmarketplace.com\/de\/wp-json\/wp\/v2\/media?parent=29752"}],"wp:term":[{"taxonomy":"product_brand","embeddable":true,"href":"https:\/\/asicmarketplace.com\/de\/wp-json\/wp\/v2\/product_brand?post=29752"},{"taxonomy":"product_cat","embeddable":true,"href":"https:\/\/asicmarketplace.com\/de\/wp-json\/wp\/v2\/product_cat?post=29752"},{"taxonomy":"product_tag","embeddable":true,"href":"https:\/\/asicmarketplace.com\/de\/wp-json\/wp\/v2\/product_tag?post=29752"}],"curies":[{"name":"wp","href":"https:\/\/api.w.org\/{rel}","templated":true}]}}