{"id":29793,"date":"2025-03-06T12:09:17","date_gmt":"2025-03-06T06:39:17","guid":{"rendered":"https:\/\/asicmarketplace.com\/?post_type=product&#038;p=29793"},"modified":"2026-03-26T13:34:27","modified_gmt":"2026-03-26T08:04:27","slug":"antminer-apw7-ersatznetzteil","status":"publish","type":"product","link":"https:\/\/asicmarketplace.com\/de\/product\/antminer-apw7-replacement-power-supply-unit\/","title":{"rendered":"Ersatznetzteil Antminer APW7 f\u00fcr Z15, Z15e, Z15j"},"content":{"rendered":"<p>Die <strong>Bitmain<\/strong> <strong>Antminer APW7 1800W<\/strong>\u00a0PSU ist f\u00fcr die (Z15,Z15e,Z15j) konzipiert und liefert eine stabile 12V-16V-Ausgangsleistung bei einem Eingang von 220V. Gebaut f\u00fcr Effizienz, gew\u00e4hrleistet es zuverl\u00e4ssige Stromversorgung und optimale Mining-Leistung.<\/p>\n<h4>Spezifikationen<\/h4>\n<p><strong>Ausgang 1:<\/strong><\/p>\n<ul>\n<li>Gleichspannung: 12,0 V<\/li>\n<li>Nennstrom (220 V Eingang): 150A<\/li>\n<li>Nennleistung (220 V Eingang): 1800W<\/li>\n<li>Bemessungsstrom (110 V Eingang): 83,3 A<\/li>\n<li>Nennleistung (110 V Eingang): 1000W<\/li>\n<li>Ripple &amp; Rauschen: &lt;1%<\/li>\n<li>Spannungsgenauigkeit: 12,0 V\u201312,5 V<\/li>\n<li>Leitungsregelung: &lt;1%<\/li>\n<li>Lastregelung: &lt;1%<\/li>\n<li>Aufbauzeit: &lt;2S<\/li>\n<li>Kurzschlussschutz: &gt;10ms<\/li>\n<\/ul>\n<p><strong>Schutz<\/strong><\/p>\n<ul>\n<li>Eingangs-Unterspannungsschutzwert: 80-89V AC<\/li>\n<li>Kurzschluss: Ja<\/li>\n<li>\u00dcberhitzungsschutz: Ja<\/li>\n<li>\u00dcberstromausgang: 150-200A<\/li>\n<\/ul>\n<p><strong>Eingabe<\/strong><\/p>\n<ul>\n<li>Spannungsbereich: 100<span style=\"font-family: \u5b8b\u4f53;\">\u2013<\/span><span style=\"font-family: \u5b8b\u4f53;\">264<\/span><span style=\"font-family: \u5b8b\u4f53;\">V Wechselspannung<\/span><\/li>\n<li>Frequenzbereich: 47<span style=\"font-family: \u5b8b\u4f53;\">-6<\/span><span style=\"font-family: \u5b8b\u4f53;\">3<\/span><span style=\"font-family: \u5b8b\u4f53;\">Hz<\/span><\/li>\n<li>Leistungsfaktor: &gt;0,99 (Volllast)<\/li>\n<li>Leckstrom : &lt;1,5mA\uff08220<span style=\"font-family: \u5b8b\u4f53;\">V 50 Hz<\/span>\uff09<\/li>\n<\/ul>\n<p><strong>Umwelt<\/strong><\/p>\n<ul>\n<li>Betriebstemperatur: -20-60\u2103<\/li>\n<li>Betriebsfeuchtigkeit: 0-40%<\/li>\n<li>H\u00f6he: &lt; 2000 m<\/li>\n<\/ul>\n<p><strong>Struktur<\/strong><\/p>\n<ul>\n<li>Gr\u00f6\u00dfe: 206 x 110 x 62 mm<\/li>\n<li>Nettogewicht: 2,0 kg<\/li>\n<li>K\u00fchlungsmethode: Zwangsluftk\u00fchlung<\/li>\n<li>L\u00e4rm : 43 dB<\/li>\n<\/ul>","protected":false},"excerpt":{"rendered":"<table class=\"title-box\" data-v-42215f76=\"\">\r\n<tbody>\r\n<tr data-v-42215f76=\"\">\r\n<td data-v-42215f76=\"\"><span data-v-42215f76=\"\">Funktion: Ersatznetzteil f\u00fcr Antminer Z15, Antminer Z15e, Antminer Z15j<\/span><\/td>\r\n<\/tr>\r\n<\/tbody>\r\n<\/table>\r\n&nbsp;","protected":false},"featured_media":29795,"comment_status":"open","ping_status":"closed","template":"","meta":{"content-type":""},"product_brand":[506],"product_cat":[498],"product_tag":[],"class_list":{"0":"post-29793","1":"product","2":"type-product","3":"status-publish","4":"has-post-thumbnail","6":"product_brand-accessories","7":"product_cat-power-supply","9":"first","10":"instock","11":"shipping-taxable","12":"purchasable","13":"product-type-variable","14":"has-default-attributes"},"acf":[],"_links":{"self":[{"href":"https:\/\/asicmarketplace.com\/de\/wp-json\/wp\/v2\/product\/29793","targetHints":{"allow":["GET"]}}],"collection":[{"href":"https:\/\/asicmarketplace.com\/de\/wp-json\/wp\/v2\/product"}],"about":[{"href":"https:\/\/asicmarketplace.com\/de\/wp-json\/wp\/v2\/types\/product"}],"replies":[{"embeddable":true,"href":"https:\/\/asicmarketplace.com\/de\/wp-json\/wp\/v2\/comments?post=29793"}],"wp:featuredmedia":[{"embeddable":true,"href":"https:\/\/asicmarketplace.com\/de\/wp-json\/wp\/v2\/media\/29795"}],"wp:attachment":[{"href":"https:\/\/asicmarketplace.com\/de\/wp-json\/wp\/v2\/media?parent=29793"}],"wp:term":[{"taxonomy":"product_brand","embeddable":true,"href":"https:\/\/asicmarketplace.com\/de\/wp-json\/wp\/v2\/product_brand?post=29793"},{"taxonomy":"product_cat","embeddable":true,"href":"https:\/\/asicmarketplace.com\/de\/wp-json\/wp\/v2\/product_cat?post=29793"},{"taxonomy":"product_tag","embeddable":true,"href":"https:\/\/asicmarketplace.com\/de\/wp-json\/wp\/v2\/product_tag?post=29793"}],"curies":[{"name":"wp","href":"https:\/\/api.w.org\/{rel}","templated":true}]}}