{"id":29800,"date":"2025-03-06T18:07:27","date_gmt":"2025-03-06T12:37:27","guid":{"rendered":"https:\/\/asicmarketplace.com\/?post_type=product&#038;p=29800"},"modified":"2026-03-26T13:33:41","modified_gmt":"2026-03-26T08:03:41","slug":"goldshell-1200w-ersatznetzteil","status":"publish","type":"product","link":"https:\/\/asicmarketplace.com\/de\/product\/goldshell-1200w-replacement-power-supply-unit\/","title":{"rendered":"Goldshell 1200W Ersatznetzteil"},"content":{"rendered":"<p>Die <strong>Goldshell 1200W<\/strong> PSU ist ma\u00dfgefertigt, mit einer breiten Spannungsunterst\u00fctzung von 100-240 V. Konzipiert f\u00fcr Effizienz, gew\u00e4hrleistet es zuverl\u00e4ssige Stromversorgung und optimale Mining-Leistung.<\/p>\n<h4>Spezifikationen<\/h4>\n<ul>\n<li>Goldshell kundenspezifisch PSU | Breite Spannungskompatibilit\u00e4t (100~240V)<\/li>\n<li>Stromversorgung f\u00fcr 1 BOX-Miner mit DREI 6-Pin-Stromanschl\u00fcssen gleichzeitig<\/li>\n<li>Power 2 BOX-Miner mit ZWEI 6-Pin-Anschl\u00fcssen gleichzeitig<\/li>\n<li>Power 4 BOX-Miner mit EINEM 6-Pin-Stromanschluss gleichzeitig<\/li>\n<\/ul>","protected":false},"excerpt":{"rendered":"<table class=\"title-box\" data-v-42215f76=\"\">\r\n<tbody>\r\n<tr data-v-42215f76=\"\">\r\n<td data-v-42215f76=\"\"><span data-v-42215f76=\"\">Funktion: 1200W<\/span><\/td>\r\n<\/tr>\r\n<\/tbody>\r\n<\/table>\r\n&nbsp;","protected":false},"featured_media":29939,"comment_status":"open","ping_status":"closed","template":"","meta":{"content-type":""},"product_brand":[506],"product_cat":[498],"product_tag":[],"class_list":{"0":"post-29800","1":"product","2":"type-product","3":"status-publish","4":"has-post-thumbnail","6":"product_brand-accessories","7":"product_cat-power-supply","9":"first","10":"instock","11":"shipping-taxable","12":"purchasable","13":"product-type-variable","14":"has-default-attributes"},"acf":[],"_links":{"self":[{"href":"https:\/\/asicmarketplace.com\/de\/wp-json\/wp\/v2\/product\/29800","targetHints":{"allow":["GET"]}}],"collection":[{"href":"https:\/\/asicmarketplace.com\/de\/wp-json\/wp\/v2\/product"}],"about":[{"href":"https:\/\/asicmarketplace.com\/de\/wp-json\/wp\/v2\/types\/product"}],"replies":[{"embeddable":true,"href":"https:\/\/asicmarketplace.com\/de\/wp-json\/wp\/v2\/comments?post=29800"}],"wp:featuredmedia":[{"embeddable":true,"href":"https:\/\/asicmarketplace.com\/de\/wp-json\/wp\/v2\/media\/29939"}],"wp:attachment":[{"href":"https:\/\/asicmarketplace.com\/de\/wp-json\/wp\/v2\/media?parent=29800"}],"wp:term":[{"taxonomy":"product_brand","embeddable":true,"href":"https:\/\/asicmarketplace.com\/de\/wp-json\/wp\/v2\/product_brand?post=29800"},{"taxonomy":"product_cat","embeddable":true,"href":"https:\/\/asicmarketplace.com\/de\/wp-json\/wp\/v2\/product_cat?post=29800"},{"taxonomy":"product_tag","embeddable":true,"href":"https:\/\/asicmarketplace.com\/de\/wp-json\/wp\/v2\/product_tag?post=29800"}],"curies":[{"name":"wp","href":"https:\/\/api.w.org\/{rel}","templated":true}]}}