{"id":29821,"date":"2025-03-07T16:27:20","date_gmt":"2025-03-07T10:57:20","guid":{"rendered":"https:\/\/asicmarketplace.com\/?post_type=product&#038;p=29821"},"modified":"2026-03-26T13:33:26","modified_gmt":"2026-03-26T08:03:26","slug":"iceriver-ersatznetzteil","status":"publish","type":"product","link":"https:\/\/asicmarketplace.com\/de\/product\/iceriver-replacement-power-supply\/","title":{"rendered":"Iceriver Ersatznetzteil f\u00fcr KS3, KS3L, KS3M, KS5L, KS5M"},"content":{"rendered":"<p>Die <strong>Iceriver <\/strong>PSU ist ma\u00dfgeschneidert gebaut, unterst\u00fctzt eine breite Spannung von stabilen 185-285V. Gebaut f\u00fcr Effizienz, sorgt es f\u00fcr zuverl\u00e4ssige Stromversorgung und optimale Mining-Leistung.<\/p>\n<h4>Spezifikationen<\/h4>\n<ul>\n<li>Eingangsspannung: 185-285 V<\/li>\n<li>Eingangsfrequenz: 50-60 HZ<\/li>\n<li>Ausgangsstrom Out1: 0-300A<\/li>\n<li>Out1 Ausgangsspannung: 10,5\u00a0V<\/li>\n<li>Ausgangsstrom Out2: 0-20A<\/li>\n<li>Ausgangsspannung: 12V<\/li>\n<\/ul>","protected":false},"excerpt":{"rendered":"<table class=\"title-box\" data-v-42215f76=\"\">\r\n<tbody>\r\n<tr data-v-42215f76=\"\">\r\n<td data-v-42215f76=\"\"><span data-v-42215f76=\"\">Funktion: Ersatznetzteil f\u00fcr Iceriver KS3, Iceriver KS3L, Iceriver KS3M, Iceriver KS5L, Iceriver KS5M<\/span><\/td>\r\n<\/tr>\r\n<\/tbody>\r\n<\/table>\r\n&nbsp;","protected":false},"featured_media":29823,"comment_status":"open","ping_status":"closed","template":"","meta":{"content-type":""},"product_brand":[506],"product_cat":[498],"product_tag":[],"class_list":{"0":"post-29821","1":"product","2":"type-product","3":"status-publish","4":"has-post-thumbnail","6":"product_brand-accessories","7":"product_cat-power-supply","9":"first","10":"instock","11":"shipping-taxable","12":"purchasable","13":"product-type-variable","14":"has-default-attributes"},"acf":[],"_links":{"self":[{"href":"https:\/\/asicmarketplace.com\/de\/wp-json\/wp\/v2\/product\/29821","targetHints":{"allow":["GET"]}}],"collection":[{"href":"https:\/\/asicmarketplace.com\/de\/wp-json\/wp\/v2\/product"}],"about":[{"href":"https:\/\/asicmarketplace.com\/de\/wp-json\/wp\/v2\/types\/product"}],"replies":[{"embeddable":true,"href":"https:\/\/asicmarketplace.com\/de\/wp-json\/wp\/v2\/comments?post=29821"}],"wp:featuredmedia":[{"embeddable":true,"href":"https:\/\/asicmarketplace.com\/de\/wp-json\/wp\/v2\/media\/29823"}],"wp:attachment":[{"href":"https:\/\/asicmarketplace.com\/de\/wp-json\/wp\/v2\/media?parent=29821"}],"wp:term":[{"taxonomy":"product_brand","embeddable":true,"href":"https:\/\/asicmarketplace.com\/de\/wp-json\/wp\/v2\/product_brand?post=29821"},{"taxonomy":"product_cat","embeddable":true,"href":"https:\/\/asicmarketplace.com\/de\/wp-json\/wp\/v2\/product_cat?post=29821"},{"taxonomy":"product_tag","embeddable":true,"href":"https:\/\/asicmarketplace.com\/de\/wp-json\/wp\/v2\/product_tag?post=29821"}],"curies":[{"name":"wp","href":"https:\/\/api.w.org\/{rel}","templated":true}]}}