{"id":29827,"date":"2025-03-07T16:55:28","date_gmt":"2025-03-07T11:25:28","guid":{"rendered":"https:\/\/asicmarketplace.com\/?post_type=product&#038;p=29827"},"modified":"2026-03-26T13:33:20","modified_gmt":"2026-03-26T08:03:20","slug":"iceriver-ersatznetzteil-240v","status":"publish","type":"product","link":"https:\/\/asicmarketplace.com\/de\/product\/iceriver-replacement-power-supply-unit-240v\/","title":{"rendered":"Iceriver Ersatznetzteil f\u00fcr KS1, KS2"},"content":{"rendered":"<p>Die <strong>Iceriver <\/strong>PSU ist ma\u00dfgeschneidert und unterst\u00fctzt Spannungen von 200-240V stabil. Entwickelt f\u00fcr Effizienz, gew\u00e4hrleistet es zuverl\u00e4ssige Stromversorgung und optimale Mining-Leistung.<\/p>\n<h4>Spezifikationen<\/h4>\n<ul>\n<li>Eingangsspannung: 200-240V<\/li>\n<li>Eingangsfrequenz: 50-60 HZ<\/li>\n<li>Ausgangsstrom: 0-160A<\/li>\n<li>Ausgangsspannung: 12,5 V<\/li>\n<li>Ausgangsleistung: 2000W<\/li>\n<\/ul>","protected":false},"excerpt":{"rendered":"<table class=\"title-box\" data-v-42215f76=\"\">\r\n<tbody>\r\n<tr data-v-42215f76=\"\">\r\n<td data-v-42215f76=\"\"><span data-v-42215f76=\"\">Funktion: Ersatz-Netzteil f\u00fcr Iceriver KS1, Iceriver KS2\u00a0<\/span><\/td>\r\n<\/tr>\r\n<\/tbody>\r\n<\/table>\r\n&nbsp;","protected":false},"featured_media":29829,"comment_status":"open","ping_status":"closed","template":"","meta":{"content-type":""},"product_brand":[506],"product_cat":[498],"product_tag":[],"class_list":{"0":"post-29827","1":"product","2":"type-product","3":"status-publish","4":"has-post-thumbnail","6":"product_brand-accessories","7":"product_cat-power-supply","9":"first","10":"instock","11":"shipping-taxable","12":"purchasable","13":"product-type-variable","14":"has-default-attributes"},"acf":[],"_links":{"self":[{"href":"https:\/\/asicmarketplace.com\/de\/wp-json\/wp\/v2\/product\/29827","targetHints":{"allow":["GET"]}}],"collection":[{"href":"https:\/\/asicmarketplace.com\/de\/wp-json\/wp\/v2\/product"}],"about":[{"href":"https:\/\/asicmarketplace.com\/de\/wp-json\/wp\/v2\/types\/product"}],"replies":[{"embeddable":true,"href":"https:\/\/asicmarketplace.com\/de\/wp-json\/wp\/v2\/comments?post=29827"}],"wp:featuredmedia":[{"embeddable":true,"href":"https:\/\/asicmarketplace.com\/de\/wp-json\/wp\/v2\/media\/29829"}],"wp:attachment":[{"href":"https:\/\/asicmarketplace.com\/de\/wp-json\/wp\/v2\/media?parent=29827"}],"wp:term":[{"taxonomy":"product_brand","embeddable":true,"href":"https:\/\/asicmarketplace.com\/de\/wp-json\/wp\/v2\/product_brand?post=29827"},{"taxonomy":"product_cat","embeddable":true,"href":"https:\/\/asicmarketplace.com\/de\/wp-json\/wp\/v2\/product_cat?post=29827"},{"taxonomy":"product_tag","embeddable":true,"href":"https:\/\/asicmarketplace.com\/de\/wp-json\/wp\/v2\/product_tag?post=29827"}],"curies":[{"name":"wp","href":"https:\/\/api.w.org\/{rel}","templated":true}]}}