{"id":29830,"date":"2025-03-07T16:59:30","date_gmt":"2025-03-07T11:29:30","guid":{"rendered":"https:\/\/asicmarketplace.com\/?post_type=product&#038;p=29830"},"modified":"2026-03-26T13:26:14","modified_gmt":"2026-03-26T07:56:14","slug":"iceriver-ersatznetzteil-fur","status":"publish","type":"product","link":"https:\/\/asicmarketplace.com\/de\/product\/iceriver-replacement-power-supply-unit-for\/","title":{"rendered":"Iceriver Ersatz-Netzteil f\u00fcr AE0, RX0, AL0, KS0 Ultra"},"content":{"rendered":"<p>Die <strong>Iceriver <\/strong>PSU ist ma\u00dfgefertigt, mit einer breiten Spannungsunterst\u00fctzung von 100-240 V. Konzipiert f\u00fcr Effizienz, gew\u00e4hrleistet es zuverl\u00e4ssige Stromversorgung und optimale Mining-Leistung.<\/p>\n<h4>Spezifikationen<\/h4>\n<ul>\n<li>Eingangsspannung: 100-240V<\/li>\n<li>Eingangsfrequenz: 50-60 HZ<\/li>\n<li>Ausgangsleistung: 120W<\/li>\n<li>Ausgangsspannung: 19V<\/li>\n<li>Maximaler Ausgangsstrom: 6,32 A<\/li>\n<li>Betriebstemperatur: 0-40\u00b0C<\/li>\n<li>Eingabeschnittstelle: C6<\/li>\n<li>Ausgabe-Schnittstelle: DC 5,5 * 2,5<\/li>\n<\/ul>","protected":false},"excerpt":{"rendered":"<table class=\"title-box\" data-v-42215f76=\"\">\r\n<tbody>\r\n<tr data-v-42215f76=\"\">\r\n<td data-v-42215f76=\"\"><span data-v-42215f76=\"\">Funktion: Ersatznetzteil f\u00fcr Iceriver AE0, Iceriver RX0, Iceriver AL0, Iceriver KS0 Ultra<\/span><\/td>\r\n<\/tr>\r\n<\/tbody>\r\n<\/table>\r\n&nbsp;","protected":false},"featured_media":29832,"comment_status":"open","ping_status":"closed","template":"","meta":{"content-type":""},"product_brand":[506],"product_cat":[498],"product_tag":[],"class_list":{"0":"post-29830","1":"product","2":"type-product","3":"status-publish","4":"has-post-thumbnail","6":"product_brand-accessories","7":"product_cat-power-supply","9":"first","10":"instock","11":"shipping-taxable","12":"purchasable","13":"product-type-variable","14":"has-default-attributes"},"acf":[],"_links":{"self":[{"href":"https:\/\/asicmarketplace.com\/de\/wp-json\/wp\/v2\/product\/29830","targetHints":{"allow":["GET"]}}],"collection":[{"href":"https:\/\/asicmarketplace.com\/de\/wp-json\/wp\/v2\/product"}],"about":[{"href":"https:\/\/asicmarketplace.com\/de\/wp-json\/wp\/v2\/types\/product"}],"replies":[{"embeddable":true,"href":"https:\/\/asicmarketplace.com\/de\/wp-json\/wp\/v2\/comments?post=29830"}],"wp:featuredmedia":[{"embeddable":true,"href":"https:\/\/asicmarketplace.com\/de\/wp-json\/wp\/v2\/media\/29832"}],"wp:attachment":[{"href":"https:\/\/asicmarketplace.com\/de\/wp-json\/wp\/v2\/media?parent=29830"}],"wp:term":[{"taxonomy":"product_brand","embeddable":true,"href":"https:\/\/asicmarketplace.com\/de\/wp-json\/wp\/v2\/product_brand?post=29830"},{"taxonomy":"product_cat","embeddable":true,"href":"https:\/\/asicmarketplace.com\/de\/wp-json\/wp\/v2\/product_cat?post=29830"},{"taxonomy":"product_tag","embeddable":true,"href":"https:\/\/asicmarketplace.com\/de\/wp-json\/wp\/v2\/product_tag?post=29830"}],"curies":[{"name":"wp","href":"https:\/\/api.w.org\/{rel}","templated":true}]}}