{"id":29946,"date":"2025-03-13T13:08:05","date_gmt":"2025-03-13T07:38:05","guid":{"rendered":"https:\/\/asicmarketplace.com\/?post_type=product&#038;p=29946"},"modified":"2026-03-26T13:24:41","modified_gmt":"2026-03-26T07:54:41","slug":"bitmain-antminer-lufter-6000-u-min","status":"publish","type":"product","link":"https:\/\/asicmarketplace.com\/de\/product\/bitmain-antminer-fan-6000rpm\/","title":{"rendered":"Bitmain Antminer L\u00fcfter 6000 U\/min (S19 XP, S19j Pro, L7, K7, E9 Pro, KA3)"},"content":{"rendered":"<p>Die <strong>Ventilator<\/strong> f\u00fcr <strong>Bitmain Antminer (6000 U\/min)<\/strong> ist ein Hochgeschwindigkeits-12V-L\u00fcfter, der f\u00fcr Antminer (S19 XP, S19 Pro, S19j Pro, S19, T19, S19j, Z15, Z15e, Z15j, L7, D7, D9, K7, KA3, HS3, E9, E9 Pro, S19j Pro+, KS3, X5, DR7) und mehr entwickelt wurde. Mit Doppelkugellagern, PWM-Temperaturregelung und einstellbarer Geschwindigkeit sorgt er f\u00fcr effiziente K\u00fchlung und zuverl\u00e4ssige Miner-Leistung.<\/p>\n<p>&nbsp;<\/p>\n<p><strong>Einstellbarer L\u00fcfter<\/strong>120*120*38mm, 12V\/2.7A, 6000 U\/min, Litze 38cm Toleranz \u00b11cm mit 4PIN2.54 Klemmen.<\/p>","protected":false},"excerpt":{"rendered":"<table class=\"title-box\" data-v-42215f76=\"\">\r\n<tbody>\r\n<tr data-v-42215f76=\"\">\r\n<td data-v-42215f76=\"\"><span data-v-42215f76=\"\">Funktion: Ersatzl\u00fcfter f\u00fcr Antminer S19 XP, S19 Pro, S19j Pro, S19, T19, S19j, Z15, Z15e, Z15j, L7, D7, D9, K7, KA3, HS3, E9, E9 Pro, S19j Pro+, KS3, X5, DR7<\/span><\/td>\r\n<\/tr>\r\n<\/tbody>\r\n<\/table>\r\n&nbsp;","protected":false},"featured_media":29943,"comment_status":"open","ping_status":"closed","template":"","meta":{"content-type":""},"product_brand":[506],"product_cat":[500],"product_tag":[],"class_list":{"0":"post-29946","1":"product","2":"type-product","3":"status-publish","4":"has-post-thumbnail","6":"product_brand-accessories","7":"product_cat-fan","9":"first","10":"instock","11":"shipping-taxable","12":"purchasable","13":"product-type-variable","14":"has-default-attributes"},"acf":[],"_links":{"self":[{"href":"https:\/\/asicmarketplace.com\/de\/wp-json\/wp\/v2\/product\/29946","targetHints":{"allow":["GET"]}}],"collection":[{"href":"https:\/\/asicmarketplace.com\/de\/wp-json\/wp\/v2\/product"}],"about":[{"href":"https:\/\/asicmarketplace.com\/de\/wp-json\/wp\/v2\/types\/product"}],"replies":[{"embeddable":true,"href":"https:\/\/asicmarketplace.com\/de\/wp-json\/wp\/v2\/comments?post=29946"}],"wp:featuredmedia":[{"embeddable":true,"href":"https:\/\/asicmarketplace.com\/de\/wp-json\/wp\/v2\/media\/29943"}],"wp:attachment":[{"href":"https:\/\/asicmarketplace.com\/de\/wp-json\/wp\/v2\/media?parent=29946"}],"wp:term":[{"taxonomy":"product_brand","embeddable":true,"href":"https:\/\/asicmarketplace.com\/de\/wp-json\/wp\/v2\/product_brand?post=29946"},{"taxonomy":"product_cat","embeddable":true,"href":"https:\/\/asicmarketplace.com\/de\/wp-json\/wp\/v2\/product_cat?post=29946"},{"taxonomy":"product_tag","embeddable":true,"href":"https:\/\/asicmarketplace.com\/de\/wp-json\/wp\/v2\/product_tag?post=29946"}],"curies":[{"name":"wp","href":"https:\/\/api.w.org\/{rel}","templated":true}]}}