{"id":29993,"date":"2025-03-17T14:00:27","date_gmt":"2025-03-17T08:30:27","guid":{"rendered":"https:\/\/asicmarketplace.com\/?post_type=product&#038;p=29993"},"modified":"2026-03-26T13:24:37","modified_gmt":"2026-03-26T07:54:37","slug":"iceriver-lufter-6000-u-min-2","status":"publish","type":"product","link":"https:\/\/asicmarketplace.com\/de\/product\/iceriver-fan-6000-rpm\/","title":{"rendered":"Iceriver L\u00fcfter 6000 U\/min (KS0, KS0 Pro)"},"content":{"rendered":"<p>Die <strong>Ventilator<\/strong> f\u00fcr <strong>Iceriver (6000 U\/min)<\/strong> ist ein Hochgeschwindigkeits-5V-L\u00fcfter, der f\u00fcr Iceriver (KS0, KS0 Pro) und mehr entwickelt wurde. Mit Doppelkugellagern, PWM-Temperaturregelung und einstellbarer Geschwindigkeit sorgt er f\u00fcr effiziente K\u00fchlung und zuverl\u00e4ssige Miner-Leistung.<\/p>\n<p>&nbsp;<\/p>\n<p><strong>Einstellbarer L\u00fcfter<\/strong>40*40*10mm 5V\/0.18A 6000 U\/min, Litzenkabel 20cm Toleranz \u00b11cm mit 3+1PIN 2,54 Anschl\u00fcssen.<\/p>","protected":false},"excerpt":{"rendered":"<table class=\"title-box\" data-v-42215f76=\"\">\r\n<tbody>\r\n<tr data-v-42215f76=\"\">\r\n<td data-v-42215f76=\"\"><span data-v-42215f76=\"\">Funktion: Ersatzl\u00fcfter f\u00fcr Iceriver KS0, Iceriver KS0 Pro<\/span><\/td>\r\n<\/tr>\r\n<\/tbody>\r\n<\/table>\r\n&nbsp;","protected":false},"featured_media":30000,"comment_status":"open","ping_status":"closed","template":"","meta":{"content-type":""},"product_brand":[506],"product_cat":[500],"product_tag":[],"class_list":{"0":"post-29993","1":"product","2":"type-product","3":"status-publish","4":"has-post-thumbnail","6":"product_brand-accessories","7":"product_cat-fan","9":"first","10":"instock","11":"shipping-taxable","12":"purchasable","13":"product-type-variable","14":"has-default-attributes"},"acf":[],"_links":{"self":[{"href":"https:\/\/asicmarketplace.com\/de\/wp-json\/wp\/v2\/product\/29993","targetHints":{"allow":["GET"]}}],"collection":[{"href":"https:\/\/asicmarketplace.com\/de\/wp-json\/wp\/v2\/product"}],"about":[{"href":"https:\/\/asicmarketplace.com\/de\/wp-json\/wp\/v2\/types\/product"}],"replies":[{"embeddable":true,"href":"https:\/\/asicmarketplace.com\/de\/wp-json\/wp\/v2\/comments?post=29993"}],"wp:featuredmedia":[{"embeddable":true,"href":"https:\/\/asicmarketplace.com\/de\/wp-json\/wp\/v2\/media\/30000"}],"wp:attachment":[{"href":"https:\/\/asicmarketplace.com\/de\/wp-json\/wp\/v2\/media?parent=29993"}],"wp:term":[{"taxonomy":"product_brand","embeddable":true,"href":"https:\/\/asicmarketplace.com\/de\/wp-json\/wp\/v2\/product_brand?post=29993"},{"taxonomy":"product_cat","embeddable":true,"href":"https:\/\/asicmarketplace.com\/de\/wp-json\/wp\/v2\/product_cat?post=29993"},{"taxonomy":"product_tag","embeddable":true,"href":"https:\/\/asicmarketplace.com\/de\/wp-json\/wp\/v2\/product_tag?post=29993"}],"curies":[{"name":"wp","href":"https:\/\/api.w.org\/{rel}","templated":true}]}}