{"id":30120,"date":"2025-03-20T16:31:58","date_gmt":"2025-03-20T11:01:58","guid":{"rendered":"https:\/\/asicmarketplace.com\/?post_type=product&#038;p=30120"},"modified":"2026-03-26T13:23:44","modified_gmt":"2026-03-26T07:53:44","slug":"bitmain-antminer-a113d-steuerplatine-einheit-s21","status":"publish","type":"product","link":"https:\/\/asicmarketplace.com\/de\/product\/bitmain-antminer-a113d-control-board-unit-s21\/","title":{"rendered":"Bitmain Antminer A113D Steuerplatine (S21 Pro, S21+)"},"content":{"rendered":"<p><strong>Bitmain Antminer<\/strong> <strong>A113D Steuerplatine<\/strong>S21 Pro, S21+<strong>)<\/strong> Diese Hochleistungs-Steuerplatine ist f\u00fcr luftgek\u00fchlte Miner konzipiert und gew\u00e4hrleistet einen reibungslosen Betrieb, maximale Effizienz und unterst\u00fctzt 6400 L\u00fcfter f\u00fcr optimale K\u00fchlung.<br \/>\nDas Steuerungsboard verwendet den Amlogic A113D Hauptsteuerchip und ist mit einer Micro-USB-Datenschnittstelle ausgestattet.<\/p>\n<p><strong>Technische Daten : <\/strong>Die Steuereinheit ist separat verpackt. Die Steuereinheit ist f\u00fcr 6400 L\u00fcfter geeignet.<\/p>","protected":false},"excerpt":{"rendered":"<table class=\"title-box\" data-v-42215f76=\"\">\r\n<tbody>\r\n<tr data-v-42215f76=\"\">\r\n<td data-v-42215f76=\"\"><span data-v-42215f76=\"\">Funktion: Ersatz-Steuerplatine f\u00fcr Antminer S21 Pro, Antminer S21+<\/span><\/td>\r\n<\/tr>\r\n<\/tbody>\r\n<\/table>\r\n&nbsp;","protected":false},"featured_media":30123,"comment_status":"open","ping_status":"closed","template":"","meta":{"content-type":""},"product_brand":[506],"product_cat":[503],"product_tag":[],"class_list":{"0":"post-30120","1":"product","2":"type-product","3":"status-publish","4":"has-post-thumbnail","6":"product_brand-accessories","7":"product_cat-control-board","9":"first","10":"instock","11":"shipping-taxable","12":"purchasable","13":"product-type-variable","14":"has-default-attributes"},"acf":[],"_links":{"self":[{"href":"https:\/\/asicmarketplace.com\/de\/wp-json\/wp\/v2\/product\/30120","targetHints":{"allow":["GET"]}}],"collection":[{"href":"https:\/\/asicmarketplace.com\/de\/wp-json\/wp\/v2\/product"}],"about":[{"href":"https:\/\/asicmarketplace.com\/de\/wp-json\/wp\/v2\/types\/product"}],"replies":[{"embeddable":true,"href":"https:\/\/asicmarketplace.com\/de\/wp-json\/wp\/v2\/comments?post=30120"}],"wp:featuredmedia":[{"embeddable":true,"href":"https:\/\/asicmarketplace.com\/de\/wp-json\/wp\/v2\/media\/30123"}],"wp:attachment":[{"href":"https:\/\/asicmarketplace.com\/de\/wp-json\/wp\/v2\/media?parent=30120"}],"wp:term":[{"taxonomy":"product_brand","embeddable":true,"href":"https:\/\/asicmarketplace.com\/de\/wp-json\/wp\/v2\/product_brand?post=30120"},{"taxonomy":"product_cat","embeddable":true,"href":"https:\/\/asicmarketplace.com\/de\/wp-json\/wp\/v2\/product_cat?post=30120"},{"taxonomy":"product_tag","embeddable":true,"href":"https:\/\/asicmarketplace.com\/de\/wp-json\/wp\/v2\/product_tag?post=30120"}],"curies":[{"name":"wp","href":"https:\/\/api.w.org\/{rel}","templated":true}]}}