{"id":30306,"date":"2025-03-24T16:26:52","date_gmt":"2025-03-24T10:56:52","guid":{"rendered":"https:\/\/asicmarketplace.com\/?post_type=product&#038;p=30306"},"modified":"2026-03-26T13:21:25","modified_gmt":"2026-03-26T07:51:25","slug":"iceriver-control-board-unit-ks3l","status":"publish","type":"product","link":"https:\/\/asicmarketplace.com\/de\/product\/iceriver-control-board-unit-ks3l\/","title":{"rendered":"Iceriver Steuerplatinen-Einheit (KS3L)"},"content":{"rendered":"<p><strong>Iceriver<\/strong><strong> Steuereinheit<\/strong>KS3L<strong>)<\/strong> Diese Hochleistungssteuerung wurde f\u00fcr luftgek\u00fchlte Miner entwickelt und gew\u00e4hrleistet einen reibungslosen Betrieb, maximale Effizienz und Unterst\u00fctzung f\u00fcr optimale K\u00fchlung.<br \/>\nDie Steuerplatine verwendet den Hauptsteuerchip und ist mit einer Micro-USB-Datenschnittstelle ausgestattet.<\/p>\n<p><strong>Hinweis :<\/strong>Die Steuerplatine kann nur mit dem entsprechenden Maschinenmodell verwendet werden. Verluste, die durch falsche Kombinationen entstehen, gehen zu Lasten des Kunden. Die Abbildungen dienen nur zur Veranschaulichung.<br \/>\nDie tats\u00e4chlichen Produkte k\u00f6nnen im Aussehen variieren.<\/p>","protected":false},"excerpt":{"rendered":"<table class=\"title-box\" data-v-42215f76=\"\">\r\n<tbody>\r\n<tr data-v-42215f76=\"\">\r\n<td data-v-42215f76=\"\"><span data-v-42215f76=\"\">Funktion: Ersatzsteuerplatine f\u00fcr Iceriver KS3L<\/span><\/td>\r\n<\/tr>\r\n<\/tbody>\r\n<\/table>\r\n&nbsp;","protected":false},"featured_media":30308,"comment_status":"open","ping_status":"closed","template":"","meta":{"content-type":""},"product_brand":[506],"product_cat":[503],"product_tag":[],"class_list":{"0":"post-30306","1":"product","2":"type-product","3":"status-publish","4":"has-post-thumbnail","6":"product_brand-accessories","7":"product_cat-control-board","9":"first","10":"instock","11":"shipping-taxable","12":"purchasable","13":"product-type-variable","14":"has-default-attributes"},"acf":[],"_links":{"self":[{"href":"https:\/\/asicmarketplace.com\/de\/wp-json\/wp\/v2\/product\/30306","targetHints":{"allow":["GET"]}}],"collection":[{"href":"https:\/\/asicmarketplace.com\/de\/wp-json\/wp\/v2\/product"}],"about":[{"href":"https:\/\/asicmarketplace.com\/de\/wp-json\/wp\/v2\/types\/product"}],"replies":[{"embeddable":true,"href":"https:\/\/asicmarketplace.com\/de\/wp-json\/wp\/v2\/comments?post=30306"}],"wp:featuredmedia":[{"embeddable":true,"href":"https:\/\/asicmarketplace.com\/de\/wp-json\/wp\/v2\/media\/30308"}],"wp:attachment":[{"href":"https:\/\/asicmarketplace.com\/de\/wp-json\/wp\/v2\/media?parent=30306"}],"wp:term":[{"taxonomy":"product_brand","embeddable":true,"href":"https:\/\/asicmarketplace.com\/de\/wp-json\/wp\/v2\/product_brand?post=30306"},{"taxonomy":"product_cat","embeddable":true,"href":"https:\/\/asicmarketplace.com\/de\/wp-json\/wp\/v2\/product_cat?post=30306"},{"taxonomy":"product_tag","embeddable":true,"href":"https:\/\/asicmarketplace.com\/de\/wp-json\/wp\/v2\/product_tag?post=30306"}],"curies":[{"name":"wp","href":"https:\/\/api.w.org\/{rel}","templated":true}]}}