{"id":30466,"date":"2025-03-27T18:07:26","date_gmt":"2025-03-27T12:37:26","guid":{"rendered":"https:\/\/asicmarketplace.com\/?post_type=product&#038;p=30466"},"modified":"2026-02-17T07:51:14","modified_gmt":"2026-02-17T02:21:14","slug":"bitmain-antminer-100a-3-phasen-antpdu-pw12v1-3p","status":"publish","type":"product","link":"https:\/\/asicmarketplace.com\/de\/product\/bitmain-antminer-100a-3-phase-antpdu-pw12v1-3p\/","title":{"rendered":"Bitmain Antminer 100A 3-Phasen ANTPDU \u2013 PW12V1 3P"},"content":{"rendered":"<p>Die <strong>100A 3P<\/strong> ist ein leistungsstarker 3-Phasen <strong>Stromverteilungseinheit<\/strong> entwickelt f\u00fcr Umgebungen mit hohem Bedarf wie Kryptow\u00e4hrungs-Mining-Farmen und Rechenzentren. Mit einer maximalen Leistung von 83 kW bei 277 V gew\u00e4hrleistet dieses Ger\u00e4t eine zuverl\u00e4ssige und effiziente Stromverteilung, um kritische Systeme reibungslos am Laufen zu halten.<\/p>\n<div class=\"p-rich_text_section\"><b data-stringify-type=\"bold\">Eingabedetails:<\/b><\/div>\n<ul class=\"p-rich_text_list p-rich_text_list__bullet p-rich_text_list--nested\" data-stringify-type=\"unordered-list\" data-list-tree=\"true\" data-indent=\"0\" data-border=\"0\">\n<li data-stringify-indent=\"0\" data-stringify-border=\"0\">Eingangsspannung<b data-stringify-type=\"bold\">:<\/b> 346-480V AC, 3P+N+PE<\/li>\n<li data-stringify-indent=\"0\" data-stringify-border=\"0\">Nennstrom: 100A,3P<\/li>\n<li data-stringify-indent=\"0\" data-stringify-border=\"0\">Frequenz: 50\/60Hz<\/li>\n<\/ul>\n<div class=\"p-rich_text_section\"><b data-stringify-type=\"bold\">Ausgabedetails:<\/b><\/div>\n<ul class=\"p-rich_text_list p-rich_text_list__bullet p-rich_text_list--nested\" data-stringify-type=\"unordered-list\" data-list-tree=\"true\" data-indent=\"0\" data-border=\"0\">\n<li data-stringify-indent=\"0\" data-stringify-border=\"0\">Ausgabebewertung<b data-stringify-type=\"bold\">:<\/b> 83 kW<\/li>\n<li data-stringify-indent=\"0\" data-stringify-border=\"0\">Ausgangsspannung: 200-277 V<\/li>\n<li data-stringify-indent=\"0\" data-stringify-border=\"0\">Ausgabe-Bits<b data-stringify-type=\"bold\">:<\/b> 12 Port 6 Pin + 1 Port 4 Pin<\/li>\n<li data-stringify-indent=\"0\" data-stringify-border=\"0\">Schutzgrad: IP20<\/li>\n<\/ul>\n<div class=\"p-rich_text_section\"><b data-stringify-type=\"bold\">Arbeitend <strong>Umwelt<\/strong>:<\/b><\/div>\n<ul class=\"p-rich_text_list p-rich_text_list__bullet p-rich_text_list--nested\" data-stringify-type=\"unordered-list\" data-list-tree=\"true\" data-indent=\"0\" data-border=\"0\">\n<li data-stringify-indent=\"0\" data-stringify-border=\"0\">Betriebstemperatur<b data-stringify-type=\"bold\">:<\/b>-20-40\u2103<\/li>\n<li data-stringify-indent=\"0\" data-stringify-border=\"0\">Luftfeuchtigkeit beim Arbeiten<b data-stringify-type=\"bold\">:<\/b> <span lang=\"EN-US\">5%-90%RH<\/span>(Keine Verdichtung)<\/li>\n<li data-stringify-indent=\"0\" data-stringify-border=\"0\">H\u00f6he<b data-stringify-type=\"bold\">:<\/b> \u2264 2000 m<\/li>\n<li data-stringify-indent=\"0\" data-stringify-border=\"0\">Lagertemperatur: -40-70\u2103<\/li>\n<li data-stringify-indent=\"0\" data-stringify-border=\"0\">Luftfeuchtigkeit bei Lagerung: <span lang=\"EN-US\">5%-95%RH<\/span>(Keine Verdichtung<\/li>\n<\/ul>\n<p><b data-stringify-type=\"bold\">Leistungs- &amp; Sicherheitsempfehlungen:<\/b><br \/>\nUm einen zuverl\u00e4ssigen Betrieb zu gew\u00e4hrleisten, vermeiden Sie es, die maximale Nennlast zu \u00fcberschreiten. Eine ordnungsgem\u00e4\u00dfe Lastverwaltung verl\u00e4ngert die Lebensdauer der angeschlossenen Ger\u00e4te und erh\u00e4lt die Effizienz.<\/p>","protected":false},"excerpt":{"rendered":"<table class=\"title-box\" data-v-42215f76=\"\">\r\n<tbody>\r\n<tr data-v-42215f76=\"\">\r\n<td data-v-42215f76=\"\"><span data-v-42215f76=\"\">Funktion: PDU f\u00fcr Antminer T21, Antminer S21, Antminer S19j XP, Antminer S19j Pro+, Antminer L9<\/span><\/td>\r\n<\/tr>\r\n<\/tbody>\r\n<\/table>\r\n&nbsp;\r\n\r\n&nbsp;","protected":false},"featured_media":30469,"comment_status":"open","ping_status":"closed","template":"","meta":{"content-type":""},"product_brand":[506],"product_cat":[488],"product_tag":[],"class_list":{"0":"post-30466","1":"product","2":"type-product","3":"status-publish","4":"has-post-thumbnail","6":"product_brand-accessories","7":"product_cat-power-distribution-unit","9":"first","10":"outofstock","11":"shipping-taxable","12":"purchasable","13":"product-type-variable","14":"has-default-attributes"},"acf":[],"_links":{"self":[{"href":"https:\/\/asicmarketplace.com\/de\/wp-json\/wp\/v2\/product\/30466","targetHints":{"allow":["GET"]}}],"collection":[{"href":"https:\/\/asicmarketplace.com\/de\/wp-json\/wp\/v2\/product"}],"about":[{"href":"https:\/\/asicmarketplace.com\/de\/wp-json\/wp\/v2\/types\/product"}],"replies":[{"embeddable":true,"href":"https:\/\/asicmarketplace.com\/de\/wp-json\/wp\/v2\/comments?post=30466"}],"wp:featuredmedia":[{"embeddable":true,"href":"https:\/\/asicmarketplace.com\/de\/wp-json\/wp\/v2\/media\/30469"}],"wp:attachment":[{"href":"https:\/\/asicmarketplace.com\/de\/wp-json\/wp\/v2\/media?parent=30466"}],"wp:term":[{"taxonomy":"product_brand","embeddable":true,"href":"https:\/\/asicmarketplace.com\/de\/wp-json\/wp\/v2\/product_brand?post=30466"},{"taxonomy":"product_cat","embeddable":true,"href":"https:\/\/asicmarketplace.com\/de\/wp-json\/wp\/v2\/product_cat?post=30466"},{"taxonomy":"product_tag","embeddable":true,"href":"https:\/\/asicmarketplace.com\/de\/wp-json\/wp\/v2\/product_tag?post=30466"}],"curies":[{"name":"wp","href":"https:\/\/api.w.org\/{rel}","templated":true}]}}