{"id":30532,"date":"2025-04-01T14:42:23","date_gmt":"2025-04-01T09:12:23","guid":{"rendered":"https:\/\/asicmarketplace.com\/?post_type=product&#038;p=30532"},"modified":"2026-02-12T09:40:02","modified_gmt":"2026-02-12T04:10:02","slug":"nebel-hashing-tauchkuhlung-c1","status":"publish","type":"product","link":"https:\/\/asicmarketplace.com\/de\/product\/fog-hashing-immersion-cooling-c1\/","title":{"rendered":"Nebel-Hashing Immersion Cooling C1"},"content":{"rendered":"<p><strong>Nebel-Hashing Immersion Cooling C1<\/strong> ist f\u00fcr das Mining zu Hause konzipiert und bietet eine einfache Plug-and-Play-Installation, extrem geringe Ger\u00e4uschentwicklung, \u00fcberlegene Effizienz und \u00dcbertaktungsunterst\u00fctzung f\u00fcr verbesserte Leistung und Stabilit\u00e4t.<\/p>\n<h4>Spezifikationen<\/h4>\n<table class=\"table table-striped\">\n<tbody>\n<tr>\n<th scope=\"row\">Hersteller<\/th>\n<td>Nebel Hashing<\/td>\n<\/tr>\n<tr>\n<th scope=\"row\">Modell<\/th>\n<td>C1 Panzer<\/td>\n<\/tr>\n<tr>\n<th scope=\"row\">Au\u00dfenma\u00df<\/th>\n<td>410 x 354 x 536mm<\/td>\n<\/tr>\n<tr>\n<th scope=\"row\">Innenma\u00df<\/th>\n<td>200 x 297 x 531mm<\/td>\n<\/tr>\n<tr>\n<th scope=\"row\">Nettogewicht<\/th>\n<td>35,5 kg<\/td>\n<\/tr>\n<tr>\n<th scope=\"row\">K\u00fchlmittelmenge<\/th>\n<td>40L<\/td>\n<\/tr>\n<tr>\n<th scope=\"row\">Eingangsspannung<\/th>\n<td>Einphasig 200-240V 50\/60Hz<\/td>\n<\/tr>\n<tr>\n<th scope=\"row\">Strom<\/th>\n<td>140W<\/td>\n<\/tr>\n<tr>\n<th scope=\"row\">Anzeige<\/th>\n<td>1,32-Zoll-OLED-Bildschirm<\/td>\n<\/tr>\n<tr>\n<th scope=\"row\">L\u00e4rm<\/th>\n<td>45 dB<\/td>\n<\/tr>\n<tr>\n<th scope=\"row\">Fluss<\/th>\n<td>20 L\/min<\/td>\n<\/tr>\n<tr>\n<th scope=\"row\">Anzahl der Bergleute<\/th>\n<td>1*S21 \/ KS5M \/ DG1 \/ L9<\/td>\n<\/tr>\n<tr>\n<th scope=\"row\">Umgebungstemperatur<\/th>\n<td>-25-55\u00b0C<\/td>\n<\/tr>\n<tr>\n<th scope=\"row\"><\/th>\n<td><\/td>\n<\/tr>\n<tr>\n<th scope=\"row\">C1 K\u00fchler (EC-Ventilator)<\/th>\n<td><\/td>\n<\/tr>\n<tr>\n<th scope=\"row\">Au\u00dfenma\u00df<\/th>\n<td>580 x 285 x 53mm<\/td>\n<\/tr>\n<tr>\n<th scope=\"row\">Strom<\/th>\n<td>5-200W<\/td>\n<\/tr>\n<tr>\n<th scope=\"row\">Eingangsspannung<\/th>\n<td>Einphasig 200-240V 50\/60Hz<\/td>\n<\/tr>\n<tr>\n<th scope=\"row\">Nettogewicht<\/th>\n<td>24Kg<\/td>\n<\/tr>\n<tr>\n<th scope=\"row\">Intelligente Geschwindigkeitsanpassung<\/th>\n<td>Geschwindigkeit automatisch an die Temperatur anpassen<\/td>\n<\/tr>\n<tr>\n<th scope=\"row\">K\u00fchlleistung<\/th>\n<td>6kW bei 35\u2103<\/td>\n<\/tr>\n<tr>\n<th scope=\"row\">L\u00e4rm<\/th>\n<td>65dB(A)@10m (MAX)<\/td>\n<\/tr>\n<tr>\n<th scope=\"row\">EC-L\u00fcfter<\/th>\n<td>1 St\u00fcck<\/td>\n<\/tr>\n<\/tbody>\n<\/table>","protected":false},"excerpt":{"rendered":"<table class=\"title-box\" data-v-42215f76=\"\">\r\n<tbody>\r\n<tr data-v-42215f76=\"\">\r\n<td data-v-42215f76=\"\"><span data-v-42215f76=\"\"><strong>Anmerkung:<\/strong> Der Versand variiert je nach Standort. Chatten Sie mit uns f\u00fcr Ihren besten Preis.<\/span><\/td>\r\n<\/tr>\r\n<\/tbody>\r\n<\/table>","protected":false},"featured_media":30535,"comment_status":"open","ping_status":"closed","template":"","meta":{"content-type":""},"product_brand":[506],"product_cat":[509,538],"product_tag":[],"class_list":{"0":"post-30532","1":"product","2":"type-product","3":"status-publish","4":"has-post-thumbnail","6":"product_brand-accessories","7":"product_cat-fog-hashing","8":"product_cat-immersion-cooling","10":"first","11":"outofstock","12":"shipping-taxable","13":"purchasable","14":"product-type-variable","15":"has-default-attributes"},"acf":[],"_links":{"self":[{"href":"https:\/\/asicmarketplace.com\/de\/wp-json\/wp\/v2\/product\/30532","targetHints":{"allow":["GET"]}}],"collection":[{"href":"https:\/\/asicmarketplace.com\/de\/wp-json\/wp\/v2\/product"}],"about":[{"href":"https:\/\/asicmarketplace.com\/de\/wp-json\/wp\/v2\/types\/product"}],"replies":[{"embeddable":true,"href":"https:\/\/asicmarketplace.com\/de\/wp-json\/wp\/v2\/comments?post=30532"}],"wp:featuredmedia":[{"embeddable":true,"href":"https:\/\/asicmarketplace.com\/de\/wp-json\/wp\/v2\/media\/30535"}],"wp:attachment":[{"href":"https:\/\/asicmarketplace.com\/de\/wp-json\/wp\/v2\/media?parent=30532"}],"wp:term":[{"taxonomy":"product_brand","embeddable":true,"href":"https:\/\/asicmarketplace.com\/de\/wp-json\/wp\/v2\/product_brand?post=30532"},{"taxonomy":"product_cat","embeddable":true,"href":"https:\/\/asicmarketplace.com\/de\/wp-json\/wp\/v2\/product_cat?post=30532"},{"taxonomy":"product_tag","embeddable":true,"href":"https:\/\/asicmarketplace.com\/de\/wp-json\/wp\/v2\/product_tag?post=30532"}],"curies":[{"name":"wp","href":"https:\/\/api.w.org\/{rel}","templated":true}]}}