{"id":30536,"date":"2025-04-01T13:36:30","date_gmt":"2025-04-01T08:06:30","guid":{"rendered":"https:\/\/asicmarketplace.com\/?post_type=product&#038;p=30536"},"modified":"2026-04-02T09:13:05","modified_gmt":"2026-04-02T03:43:05","slug":"fog-hashing-immersion-cooling-c2","status":"publish","type":"product","link":"https:\/\/asicmarketplace.com\/de\/product\/fog-hashing-immersion-cooling-c2\/","title":{"rendered":"Nebel-Hashing Immersion Cooling C2"},"content":{"rendered":"<p><strong>Nebel-Hashing Immersion Cooling C2<\/strong>\u00a0ist f\u00fcr das Mining zu Hause konzipiert und bietet eine einfache Plug-and-Play-Installation, extrem geringe Ger\u00e4uschentwicklung, \u00fcberlegene Effizienz und \u00dcbertaktungsunterst\u00fctzung f\u00fcr verbesserte Leistung und Stabilit\u00e4t.<\/p>\n<h4>Spezifikationen<\/h4>\n<table class=\"table table-striped\">\n<tbody>\n<tr>\n<th scope=\"row\">Hersteller<\/th>\n<td>Nebel Hashing<\/td>\n<\/tr>\n<tr>\n<th scope=\"row\">Modell<\/th>\n<td>C2 Tank<\/td>\n<\/tr>\n<tr>\n<th scope=\"row\">Au\u00dfenma\u00df<\/th>\n<td>455 x 508 x 536mm<\/td>\n<\/tr>\n<tr>\n<th scope=\"row\">Innenma\u00df<\/th>\n<td>398 x 298 x 392mm<\/td>\n<\/tr>\n<tr>\n<th scope=\"row\">Nettogewicht<\/th>\n<td>40.6kg<\/td>\n<\/tr>\n<tr>\n<th scope=\"row\">K\u00fchlmittelmenge<\/th>\n<td>40L<\/td>\n<\/tr>\n<tr>\n<th scope=\"row\">Eingangsspannung<\/th>\n<td>Einphasig 200-240V 50\/60Hz<\/td>\n<\/tr>\n<tr>\n<th scope=\"row\">Strom<\/th>\n<td>180W<\/td>\n<\/tr>\n<tr>\n<th scope=\"row\">Anzeige<\/th>\n<td>1,32-Zoll-OLED-Bildschirm<\/td>\n<\/tr>\n<tr>\n<th scope=\"row\">L\u00e4rm<\/th>\n<td>45 dB<\/td>\n<\/tr>\n<tr>\n<th scope=\"row\">Einlass-\/Auslasstemperatur<\/th>\n<td>45\/60\u00b0C<\/td>\n<\/tr>\n<tr>\n<th scope=\"row\"><\/th>\n<td><\/td>\n<\/tr>\n<tr>\n<th scope=\"row\">C2 Dry Cooler (EC Fan)<\/th>\n<td><\/td>\n<\/tr>\n<tr>\n<th scope=\"row\">Au\u00dfenma\u00df<\/th>\n<td>1076 x 285 x 531mm<\/td>\n<\/tr>\n<tr>\n<th scope=\"row\">Strom<\/th>\n<td>5-400W<\/td>\n<\/tr>\n<tr>\n<th scope=\"row\">Eingangsspannung<\/th>\n<td>Einphasig 200-240V 50\/60Hz<\/td>\n<\/tr>\n<tr>\n<th scope=\"row\">Nettogewicht<\/th>\n<td>43Kg<\/td>\n<\/tr>\n<tr>\n<th scope=\"row\">Intelligente Geschwindigkeitsanpassung<\/th>\n<td>Geschwindigkeit automatisch an die Temperatur anpassen<\/td>\n<\/tr>\n<tr>\n<th scope=\"row\">K\u00fchlleistung<\/th>\n<td>12kW@35\u210312kW@95\u2109<\/td>\n<\/tr>\n<tr>\n<th scope=\"row\">L\u00e4rm<\/th>\n<td>68dB(A) 10m<\/td>\n<\/tr>\n<tr>\n<th scope=\"row\"><\/th>\n<td><\/td>\n<\/tr>\n<tr>\n<th scope=\"row\">Pipeline<\/th>\n<td>5M*2<\/td>\n<\/tr>\n<tr>\n<th scope=\"row\">Fan Simulator<\/th>\n<td>4 PCs<\/td>\n<\/tr>\n<tr>\n<th scope=\"row\">Oil Filling Pump<\/th>\n<td>1 Set<\/td>\n<\/tr>\n<tr>\n<th scope=\"row\">Miner Handle<\/th>\n<td>4 pcs(Antminer)<\/td>\n<\/tr>\n<tr>\n<th scope=\"row\">User Manual<\/th>\n<td>1 pcs<\/td>\n<\/tr>\n<tr>\n<th scope=\"row\">12V Power Adapter<\/th>\n<td>1 pcs<\/td>\n<\/tr>\n<tr>\n<th scope=\"row\">Sticker<\/th>\n<td>1 pcs<\/td>\n<\/tr>\n<\/tbody>\n<\/table>\n<p>&nbsp;<\/p>","protected":false},"excerpt":{"rendered":"<table class=\"title-box\" data-v-42215f76=\"\">\r\n<tbody>\r\n<tr data-v-42215f76=\"\">\r\n<td data-v-42215f76=\"\"><span data-v-42215f76=\"\"><strong>Anmerkung:<\/strong> Der Versand variiert je nach Standort. Chatten Sie mit uns f\u00fcr Ihren besten Preis.<\/span><\/td>\r\n<\/tr>\r\n<\/tbody>\r\n<\/table>","protected":false},"featured_media":30539,"comment_status":"open","ping_status":"closed","template":"","meta":{"content-type":""},"product_brand":[506],"product_cat":[509,538],"product_tag":[],"class_list":{"0":"post-30536","1":"product","2":"type-product","3":"status-publish","4":"has-post-thumbnail","6":"product_brand-accessories","7":"product_cat-fog-hashing","8":"product_cat-immersion-cooling","10":"first","11":"outofstock","12":"shipping-taxable","13":"purchasable","14":"product-type-variable","15":"has-default-attributes"},"acf":[],"_links":{"self":[{"href":"https:\/\/asicmarketplace.com\/de\/wp-json\/wp\/v2\/product\/30536","targetHints":{"allow":["GET"]}}],"collection":[{"href":"https:\/\/asicmarketplace.com\/de\/wp-json\/wp\/v2\/product"}],"about":[{"href":"https:\/\/asicmarketplace.com\/de\/wp-json\/wp\/v2\/types\/product"}],"replies":[{"embeddable":true,"href":"https:\/\/asicmarketplace.com\/de\/wp-json\/wp\/v2\/comments?post=30536"}],"wp:featuredmedia":[{"embeddable":true,"href":"https:\/\/asicmarketplace.com\/de\/wp-json\/wp\/v2\/media\/30539"}],"wp:attachment":[{"href":"https:\/\/asicmarketplace.com\/de\/wp-json\/wp\/v2\/media?parent=30536"}],"wp:term":[{"taxonomy":"product_brand","embeddable":true,"href":"https:\/\/asicmarketplace.com\/de\/wp-json\/wp\/v2\/product_brand?post=30536"},{"taxonomy":"product_cat","embeddable":true,"href":"https:\/\/asicmarketplace.com\/de\/wp-json\/wp\/v2\/product_cat?post=30536"},{"taxonomy":"product_tag","embeddable":true,"href":"https:\/\/asicmarketplace.com\/de\/wp-json\/wp\/v2\/product_tag?post=30536"}],"curies":[{"name":"wp","href":"https:\/\/api.w.org\/{rel}","templated":true}]}}