{"id":30540,"date":"2025-04-01T14:31:27","date_gmt":"2025-04-01T09:01:27","guid":{"rendered":"https:\/\/asicmarketplace.com\/?post_type=product&#038;p=30540"},"modified":"2026-04-26T09:13:03","modified_gmt":"2026-04-26T03:43:03","slug":"nebel-hashing-tauchkuhlung-c6","status":"publish","type":"product","link":"https:\/\/asicmarketplace.com\/de\/product\/fog-hashing-immersion-cooling-c6\/","title":{"rendered":"Nebel-Hashing Immersion Cooling C6"},"content":{"rendered":"<p><strong>Nebel-Hashing Immersion Cooling C6<\/strong>\u00a0ist f\u00fcr das Mining zu Hause konzipiert und bietet eine einfache Plug-and-Play-Installation, extrem geringe Ger\u00e4uschentwicklung, \u00fcberlegene Effizienz und \u00dcbertaktungsunterst\u00fctzung f\u00fcr verbesserte Leistung und Stabilit\u00e4t.<\/p>\n<h4>Spezifikationen<\/h4>\n<table class=\"table table-striped\">\n<tbody>\n<tr>\n<th scope=\"row\">Hersteller<\/th>\n<td>Nebel Hashing<\/td>\n<\/tr>\n<tr>\n<th scope=\"row\">Modell<\/th>\n<td>C6 Panzer<\/td>\n<\/tr>\n<tr>\n<th scope=\"row\">Au\u00dfenma\u00df<\/th>\n<td>1185 x 530 x 760mm<\/td>\n<\/tr>\n<tr>\n<th scope=\"row\">Innenma\u00df<\/th>\n<td>912 x 404 x 355mm<\/td>\n<\/tr>\n<tr>\n<th scope=\"row\">Nettogewicht<\/th>\n<td>110 kg<\/td>\n<\/tr>\n<tr>\n<th scope=\"row\">K\u00fchlmittelmenge<\/th>\n<td>200L<\/td>\n<\/tr>\n<tr>\n<th scope=\"row\">Eingangsspannung<\/th>\n<td>Einphasig 200-240V 50\/60Hz<\/td>\n<\/tr>\n<tr>\n<th scope=\"row\">Strom<\/th>\n<td>850W<\/td>\n<\/tr>\n<tr>\n<th scope=\"row\">Anzeige<\/th>\n<td>1,32-Zoll-OLED-Bildschirm<\/td>\n<\/tr>\n<tr>\n<th scope=\"row\">L\u00e4rm<\/th>\n<td>45 dB<\/td>\n<\/tr>\n<tr>\n<th scope=\"row\">Fluss<\/th>\n<td>90L\/Min<\/td>\n<\/tr>\n<tr>\n<th scope=\"row\">Anzahl der Bergleute<\/th>\n<td>6* S21\/ KS5M\/ DG1\/ L9<\/td>\n<\/tr>\n<tr>\n<th scope=\"row\">PDU<\/th>\n<td>Einphasig: 220V 125A 6C19<br \/>\nDreiphasig: 380V 63A 6C19<\/td>\n<\/tr>\n<tr>\n<th scope=\"row\">Umgebungstemperatur<\/th>\n<td>-25~55\u00b0C<\/td>\n<\/tr>\n<tr>\n<th scope=\"row\"><\/th>\n<td><\/td>\n<\/tr>\n<tr>\n<th scope=\"row\">C6 Trockenk\u00fchler (EC-L\u00fcfter)<\/th>\n<td><\/td>\n<\/tr>\n<tr>\n<th scope=\"row\">Au\u00dfenma\u00df<\/th>\n<td>1680 x 400 x 1015mm<\/td>\n<\/tr>\n<tr>\n<th scope=\"row\">Strom<\/th>\n<td>10-1400W<\/td>\n<\/tr>\n<tr>\n<th scope=\"row\">Eingangsspannung<\/th>\n<td>Einphasig 200-240V 50\/60Hz<\/td>\n<\/tr>\n<tr>\n<th scope=\"row\">Nettogewicht<\/th>\n<td>110 kg<\/td>\n<\/tr>\n<tr>\n<th scope=\"row\">Intelligente Geschwindigkeitsanpassung<\/th>\n<td>Geschwindigkeit automatisch an die Temperatur anpassen<\/td>\n<\/tr>\n<tr>\n<th scope=\"row\">K\u00fchlleistung<\/th>\n<td>24 kW bei 35\u00b0C<\/td>\n<\/tr>\n<tr>\n<th scope=\"row\">L\u00e4rm<\/th>\n<td>68dB(A) 10m<\/td>\n<\/tr>\n<tr>\n<th scope=\"row\">EC-L\u00fcfter<\/th>\n<td>2 Stk.<\/td>\n<\/tr>\n<\/tbody>\n<\/table>\n<p>&nbsp;<\/p>","protected":false},"excerpt":{"rendered":"<table class=\"title-box\" data-v-42215f76=\"\">\r\n<tbody>\r\n<tr data-v-42215f76=\"\">\r\n<td data-v-42215f76=\"\"><span data-v-42215f76=\"\"><strong>Anmerkung:<\/strong> Der Versand variiert je nach Standort. Chatten Sie mit uns f\u00fcr Ihren besten Preis.<\/span><\/td>\r\n<\/tr>\r\n<\/tbody>\r\n<\/table>","protected":false},"featured_media":30544,"comment_status":"open","ping_status":"closed","template":"","meta":{"content-type":""},"product_brand":[506],"product_cat":[509,538],"product_tag":[],"class_list":{"0":"post-30540","1":"product","2":"type-product","3":"status-publish","4":"has-post-thumbnail","6":"product_brand-accessories","7":"product_cat-fog-hashing","8":"product_cat-immersion-cooling","10":"first","11":"instock","12":"shipping-taxable","13":"purchasable","14":"product-type-variable","15":"has-default-attributes"},"acf":[],"_links":{"self":[{"href":"https:\/\/asicmarketplace.com\/de\/wp-json\/wp\/v2\/product\/30540","targetHints":{"allow":["GET"]}}],"collection":[{"href":"https:\/\/asicmarketplace.com\/de\/wp-json\/wp\/v2\/product"}],"about":[{"href":"https:\/\/asicmarketplace.com\/de\/wp-json\/wp\/v2\/types\/product"}],"replies":[{"embeddable":true,"href":"https:\/\/asicmarketplace.com\/de\/wp-json\/wp\/v2\/comments?post=30540"}],"wp:featuredmedia":[{"embeddable":true,"href":"https:\/\/asicmarketplace.com\/de\/wp-json\/wp\/v2\/media\/30544"}],"wp:attachment":[{"href":"https:\/\/asicmarketplace.com\/de\/wp-json\/wp\/v2\/media?parent=30540"}],"wp:term":[{"taxonomy":"product_brand","embeddable":true,"href":"https:\/\/asicmarketplace.com\/de\/wp-json\/wp\/v2\/product_brand?post=30540"},{"taxonomy":"product_cat","embeddable":true,"href":"https:\/\/asicmarketplace.com\/de\/wp-json\/wp\/v2\/product_cat?post=30540"},{"taxonomy":"product_tag","embeddable":true,"href":"https:\/\/asicmarketplace.com\/de\/wp-json\/wp\/v2\/product_tag?post=30540"}],"curies":[{"name":"wp","href":"https:\/\/api.w.org\/{rel}","templated":true}]}}