{"id":30545,"date":"2025-04-01T14:36:44","date_gmt":"2025-04-01T09:06:44","guid":{"rendered":"https:\/\/asicmarketplace.com\/?post_type=product&#038;p=30545"},"modified":"2026-03-26T13:16:46","modified_gmt":"2026-03-26T07:46:46","slug":"beschlagkuhlung-hydrokuhlanzug-h200-s","status":"publish","type":"product","link":"https:\/\/asicmarketplace.com\/de\/product\/fog-hashing-hydro-cooling-suit-h200-s\/","title":{"rendered":"Nebelhashing Hydro Cooling Anzug H200-S"},"content":{"rendered":"<p><strong>Nebelhashing Hydro Cooling Anzug H200-S<\/strong>\u00a0ist f\u00fcr das Mining zu Hause konzipiert und bietet eine einfache Plug-and-Play-Installation, extrem geringe Ger\u00e4uschentwicklung, \u00fcberlegene Effizienz und \u00dcbertaktungsunterst\u00fctzung f\u00fcr verbesserte Leistung und Stabilit\u00e4t.<\/p>\n<h4>Spezifikationen<\/h4>\n<table class=\"table table-striped\">\n<tbody>\n<tr>\n<th scope=\"row\">Hersteller<\/th>\n<td>Nebel Hashing<\/td>\n<\/tr>\n<tr>\n<th scope=\"row\">Modell<\/th>\n<td>Hydro Cooling Anzug H200-S<\/td>\n<\/tr>\n<tr>\n<th scope=\"row\">W\u00e4rmeableitf\u00e4higkeit<\/th>\n<td>200 kW<\/td>\n<\/tr>\n<tr>\n<th scope=\"row\">Minenkapazit\u00e4t<\/th>\n<td>36 * S21\/S19 Hydro<\/td>\n<\/tr>\n<tr>\n<th scope=\"row\">Zirkulationsmodus<\/th>\n<td>Einzelmodus \/ Dualmodus<\/td>\n<\/tr>\n<tr>\n<th scope=\"row\">Abmessungen<\/th>\n<td>1550 x 400 x 2200mm<\/td>\n<\/tr>\n<tr>\n<th scope=\"row\">Fu\u00dfabdruck<\/th>\n<td>1,36 m\u00b2<\/td>\n<\/tr>\n<tr>\n<th scope=\"row\">K\u00fchlmittel<\/th>\n<td>Reinstwasser \/ Enth\u00e4rtetes Wasser + Frostschutzmittel + Korrosionsschutzmittel<\/td>\n<\/tr>\n<tr>\n<th scope=\"row\">Max Einlass-\/Auslasstemperatur<\/th>\n<td>48 \/ 56 \u00b0C<\/td>\n<\/tr>\n<tr>\n<th scope=\"row\">Externe K\u00fchlung<\/th>\n<td>Trockenk\u00fchler \/ Wasserk\u00fchlturm<\/td>\n<\/tr>\n<tr>\n<th scope=\"row\">Durchflussmenge<\/th>\n<td>15 m\u00b3\/h<\/td>\n<\/tr>\n<tr>\n<th scope=\"row\">Maximale Lastleistung<\/th>\n<td>226 kW<\/td>\n<\/tr>\n<tr>\n<th scope=\"row\">Eingangsspannung<\/th>\n<td>3 Phasen 380-480V 50\/60Hz<\/td>\n<\/tr>\n<tr>\n<th scope=\"row\">Ausgangsspannung<\/th>\n<td>3 Phasen 380-480V 50\/60Hz<\/td>\n<\/tr>\n<tr>\n<th scope=\"row\">\n<div class=\"framer-1l86kgf\" data-framer-name=\"Label\" data-framer-component-type=\"RichTextContainer\">\n<p class=\"framer-text\">\u00dcberwachung und Verwaltung<\/p>\n<\/div>\n<\/th>\n<td>1. Unabh\u00e4ngige Steuerung jeder einzelnen Mining-Maschine<br \/>\n2. SPS-Steuerungssystem<\/td>\n<\/tr>\n<tr>\n<th scope=\"row\">Umgebungstemperatur<\/th>\n<td>-25\u00b0C bis 45\u00b0C<\/td>\n<\/tr>\n<tr>\n<th scope=\"row\">Konstruktionsdruck<\/th>\n<td>0,3 MPa<\/td>\n<\/tr>\n<tr>\n<th scope=\"row\">Extras<\/th>\n<td>Hochwertige Wasserpumpe \/ Vollst\u00e4ndig Edelstahl \/ EPDM Schlauch \/ Schnellkupplung<\/td>\n<\/tr>\n<\/tbody>\n<\/table>\n<p>&nbsp;<\/p>","protected":false},"excerpt":{"rendered":"<table class=\"title-box\" data-v-42215f76=\"\">\r\n<tbody>\r\n<tr data-v-42215f76=\"\">\r\n<td data-v-42215f76=\"\"><span data-v-42215f76=\"\"><strong>Anmerkung:<\/strong> Der Versand variiert je nach Standort. Chatten Sie mit uns f\u00fcr Ihren besten Preis.<\/span><\/td>\r\n<\/tr>\r\n<\/tbody>\r\n<\/table>","protected":false},"featured_media":30548,"comment_status":"open","ping_status":"closed","template":"","meta":{"content-type":""},"product_brand":[506],"product_cat":[509,511],"product_tag":[],"class_list":{"0":"post-30545","1":"product","2":"type-product","3":"status-publish","4":"has-post-thumbnail","6":"product_brand-accessories","7":"product_cat-fog-hashing","8":"product_cat-hydro-cooling","10":"first","11":"instock","12":"shipping-taxable","13":"purchasable","14":"product-type-variable","15":"has-default-attributes"},"acf":[],"_links":{"self":[{"href":"https:\/\/asicmarketplace.com\/de\/wp-json\/wp\/v2\/product\/30545","targetHints":{"allow":["GET"]}}],"collection":[{"href":"https:\/\/asicmarketplace.com\/de\/wp-json\/wp\/v2\/product"}],"about":[{"href":"https:\/\/asicmarketplace.com\/de\/wp-json\/wp\/v2\/types\/product"}],"replies":[{"embeddable":true,"href":"https:\/\/asicmarketplace.com\/de\/wp-json\/wp\/v2\/comments?post=30545"}],"wp:featuredmedia":[{"embeddable":true,"href":"https:\/\/asicmarketplace.com\/de\/wp-json\/wp\/v2\/media\/30548"}],"wp:attachment":[{"href":"https:\/\/asicmarketplace.com\/de\/wp-json\/wp\/v2\/media?parent=30545"}],"wp:term":[{"taxonomy":"product_brand","embeddable":true,"href":"https:\/\/asicmarketplace.com\/de\/wp-json\/wp\/v2\/product_brand?post=30545"},{"taxonomy":"product_cat","embeddable":true,"href":"https:\/\/asicmarketplace.com\/de\/wp-json\/wp\/v2\/product_cat?post=30545"},{"taxonomy":"product_tag","embeddable":true,"href":"https:\/\/asicmarketplace.com\/de\/wp-json\/wp\/v2\/product_tag?post=30545"}],"curies":[{"name":"wp","href":"https:\/\/api.w.org\/{rel}","templated":true}]}}