{"id":30552,"date":"2025-04-02T16:21:44","date_gmt":"2025-04-02T10:51:44","guid":{"rendered":"https:\/\/asicmarketplace.com\/?post_type=product&#038;p=30552"},"modified":"2026-03-26T13:16:40","modified_gmt":"2026-03-26T07:46:40","slug":"bitmain-antminer-anttrack-v1","status":"publish","type":"product","link":"https:\/\/asicmarketplace.com\/de\/product\/bitmain-antminer-antrack-v1\/","title":{"rendered":"Bitmain Antminer Antrack V1"},"content":{"rendered":"<p><strong>Antminer Antrack V1<\/strong> unterst\u00fctzt fortschrittliche Wasserk\u00fchlsysteme. Entwickelt f\u00fcr ernsthafte Miner, optimiert es W\u00e4rmemanagement, Stabilit\u00e4t und Energieeffizienz.<\/p>\n<h4>Spezifikationen<\/h4>\n<table class=\"table table-striped\">\n<tbody>\n<tr>\n<th scope=\"row\">Hersteller<\/th>\n<td>Bitmain<\/td>\n<\/tr>\n<tr>\n<th scope=\"row\">Modell<\/th>\n<td>Antrack<\/td>\n<\/tr>\n<tr>\n<th scope=\"row\">Version<\/th>\n<td>V1<\/td>\n<\/tr>\n<tr>\n<th scope=\"row\">Minenkapazit\u00e4t<\/th>\n<td>4 Einheiten ANTMINER (S19 Hyd.\/S21 Hyd. Serie)<\/td>\n<\/tr>\n<tr>\n<th scope=\"row\">Maximale Last<\/th>\n<td>24 kW<\/td>\n<\/tr>\n<tr>\n<th scope=\"row\"><\/th>\n<td><\/td>\n<\/tr>\n<tr>\n<th scope=\"row\"><strong>Hardwarekonfiguration<\/strong><\/th>\n<td><\/td>\n<\/tr>\n<tr>\n<th scope=\"row\">Gr\u00f6\u00dfe o.<\/th>\n<td>1000 x 600 x 2100mm<\/td>\n<\/tr>\n<tr>\n<th scope=\"row\">Gr\u00f6\u00dfe mit<\/th>\n<td>2260 x 1130 x 780mm<\/td>\n<\/tr>\n<tr>\n<th scope=\"row\">Gewicht Netto<\/th>\n<td>207<\/td>\n<\/tr>\n<tr>\n<th scope=\"row\">Netzwerkverbindungsmodus<\/th>\n<td>EJ45 Ethernet 10\/100M<\/td>\n<\/tr>\n<tr>\n<th scope=\"row\"><\/th>\n<td><\/td>\n<\/tr>\n<tr>\n<th scope=\"row\"><strong>Stromversorgung<\/strong><\/th>\n<td><\/td>\n<\/tr>\n<tr>\n<th scope=\"row\">Eingangsspannung<\/th>\n<td>380-415V<\/td>\n<\/tr>\n<tr>\n<th scope=\"row\">\u00a0Eingangsfrequenzbereich<\/th>\n<td>50-60<\/td>\n<\/tr>\n<tr>\n<th scope=\"row\">Stromst\u00e4rke,\u00a0<strong>Ampel<\/strong><sup>(1-2)<\/sup><\/th>\n<td>80<\/td>\n<\/tr>\n<tr>\n<th scope=\"row\"><\/th>\n<td><\/td>\n<\/tr>\n<tr>\n<th scope=\"row\"><strong>Umgebungsanforderungen<\/strong><\/th>\n<td><\/td>\n<\/tr>\n<tr>\n<th scope=\"row\">Umgebungstemperatur<\/th>\n<td>15-45\u00b0C<\/td>\n<\/tr>\n<tr>\n<th scope=\"row\">Wasserfluss,<strong>\u00a0L\/min<\/strong><\/th>\n<td>32.0~40.0<\/td>\n<\/tr>\n<tr>\n<th scope=\"row\">Wasserdruck,\u00a0<strong>Bar<\/strong><\/th>\n<td>\u22643,5<\/td>\n<\/tr>\n<tr>\n<th scope=\"row\">Arbeitsmedium<sup>(1-3)<\/sup><\/th>\n<td>Frostschutzmittel (10%)<\/td>\n<\/tr>\n<tr>\n<th scope=\"row\">Lagertemperatur<\/th>\n<td>-20~70<\/td>\n<\/tr>\n<tr>\n<th scope=\"row\">Fl\u00fcssiger pH-Wert<\/th>\n<td>7.8~8.5<\/td>\n<\/tr>\n<tr>\n<th scope=\"row\">Luftfeuchtigkeit<\/th>\n<td>10~90%<\/td>\n<\/tr>\n<tr>\n<th scope=\"row\">Garantie<\/th>\n<td>365 Tage<\/td>\n<\/tr>\n<\/tbody>\n<\/table>","protected":false},"excerpt":{"rendered":"<table class=\"title-box\" data-v-42215f76=\"\">\r\n<tbody>\r\n<tr data-v-42215f76=\"\">\r\n<td data-v-42215f76=\"\"><span data-v-42215f76=\"\"><strong>Anmerkung<\/strong> 1Set | 4 Hydro-cooling Miner Rack<\/span><\/td>\r\n<\/tr>\r\n<\/tbody>\r\n<\/table>\r\n<table class=\"title-box\" data-v-42215f76=\"\">\r\n<tbody>\r\n<tr data-v-42215f76=\"\">\r\n<td data-v-42215f76=\"\"><span data-v-42215f76=\"\"><strong>Anmerkung:<\/strong> Der Versand variiert je nach Standort. Chatten Sie mit uns f\u00fcr Ihren besten Preis.<\/span><\/td>\r\n<\/tr>\r\n<\/tbody>\r\n<\/table>","protected":false},"featured_media":30554,"comment_status":"open","ping_status":"closed","template":"","meta":{"content-type":""},"product_brand":[506],"product_cat":[512],"product_tag":[],"class_list":{"0":"post-30552","1":"product","2":"type-product","3":"status-publish","4":"has-post-thumbnail","6":"product_brand-accessories","7":"product_cat-mining-rack","9":"first","10":"instock","11":"shipping-taxable","12":"purchasable","13":"product-type-variable","14":"has-default-attributes"},"acf":[],"_links":{"self":[{"href":"https:\/\/asicmarketplace.com\/de\/wp-json\/wp\/v2\/product\/30552","targetHints":{"allow":["GET"]}}],"collection":[{"href":"https:\/\/asicmarketplace.com\/de\/wp-json\/wp\/v2\/product"}],"about":[{"href":"https:\/\/asicmarketplace.com\/de\/wp-json\/wp\/v2\/types\/product"}],"replies":[{"embeddable":true,"href":"https:\/\/asicmarketplace.com\/de\/wp-json\/wp\/v2\/comments?post=30552"}],"wp:featuredmedia":[{"embeddable":true,"href":"https:\/\/asicmarketplace.com\/de\/wp-json\/wp\/v2\/media\/30554"}],"wp:attachment":[{"href":"https:\/\/asicmarketplace.com\/de\/wp-json\/wp\/v2\/media?parent=30552"}],"wp:term":[{"taxonomy":"product_brand","embeddable":true,"href":"https:\/\/asicmarketplace.com\/de\/wp-json\/wp\/v2\/product_brand?post=30552"},{"taxonomy":"product_cat","embeddable":true,"href":"https:\/\/asicmarketplace.com\/de\/wp-json\/wp\/v2\/product_cat?post=30552"},{"taxonomy":"product_tag","embeddable":true,"href":"https:\/\/asicmarketplace.com\/de\/wp-json\/wp\/v2\/product_tag?post=30552"}],"curies":[{"name":"wp","href":"https:\/\/api.w.org\/{rel}","templated":true}]}}