{"id":30633,"date":"2025-04-04T14:21:52","date_gmt":"2025-04-04T08:51:52","guid":{"rendered":"https:\/\/asicmarketplace.com\/?post_type=product&#038;p=30633"},"modified":"2026-03-26T13:15:47","modified_gmt":"2026-03-26T07:45:47","slug":"antminer-antwire-20sp-p33-p131-2m-ersatzstromkabel","status":"publish","type":"product","link":"https:\/\/asicmarketplace.com\/de\/product\/antminer-antwire-20sp-p33-p131-2m-replacement-power-cable\/","title":{"rendered":"Antminer Antwire 20SP-P33-P13, 1,2m Ersatzstromkabel f\u00fcr (S19k Pro, S19j Pro +, S19 XP, S19j Pro, S19, S19 Pro, S19j XP, S21, S21 XP)"},"content":{"rendered":"<p>Die <strong>Bitmain<\/strong> <strong>Antminer<\/strong> <strong>Antwire 20SP-P13<\/strong> 1,2 m, Stromkabel ist f\u00fcr stromintensive Mining-Ausr\u00fcstung ausgelegt, darunter die luftgek\u00fchlten SHA-256 Miner (S19k Pro, S19j Pro+, S19 XP, S19j Pro, S19, S19 Pro, S19j XP, S21, S21 XP). Mit robuster Konstruktion und stabilem Stromausgang unterst\u00fctzt es einen langfristigen, unterbrechungsfreien Betrieb, perfekt f\u00fcr ernsthafte Miner, die zuverl\u00e4ssige Hardware-Zubeh\u00f6rteile suchen.<\/p>","protected":false},"excerpt":{"rendered":"<table class=\"title-box\" data-v-42215f76=\"\">\r\n<tbody>\r\n<tr data-v-42215f76=\"\">\r\n<td data-v-42215f76=\"\">Funktion: Ersatzstromkabel f\u00fcr <span data-v-42215f76=\"\">Antminer S19k Pro, Antminer S19j Pro+, Antminer S19 XP, Antminer S19j Pro, Antminer S19, Antminer S19 Pro, Antminer S19j XP, Antminer S21, Antminer S21 XP<\/span>.<\/td>\r\n<\/tr>\r\n<\/tbody>\r\n<\/table>\r\n&nbsp;","protected":false},"featured_media":30637,"comment_status":"open","ping_status":"closed","template":"","meta":{"content-type":""},"product_brand":[506],"product_cat":[513],"product_tag":[],"class_list":{"0":"post-30633","1":"product","2":"type-product","3":"status-publish","4":"has-post-thumbnail","6":"product_brand-accessories","7":"product_cat-power-cable","9":"first","10":"instock","11":"shipping-taxable","12":"purchasable","13":"product-type-variable","14":"has-default-attributes"},"acf":[],"_links":{"self":[{"href":"https:\/\/asicmarketplace.com\/de\/wp-json\/wp\/v2\/product\/30633","targetHints":{"allow":["GET"]}}],"collection":[{"href":"https:\/\/asicmarketplace.com\/de\/wp-json\/wp\/v2\/product"}],"about":[{"href":"https:\/\/asicmarketplace.com\/de\/wp-json\/wp\/v2\/types\/product"}],"replies":[{"embeddable":true,"href":"https:\/\/asicmarketplace.com\/de\/wp-json\/wp\/v2\/comments?post=30633"}],"wp:featuredmedia":[{"embeddable":true,"href":"https:\/\/asicmarketplace.com\/de\/wp-json\/wp\/v2\/media\/30637"}],"wp:attachment":[{"href":"https:\/\/asicmarketplace.com\/de\/wp-json\/wp\/v2\/media?parent=30633"}],"wp:term":[{"taxonomy":"product_brand","embeddable":true,"href":"https:\/\/asicmarketplace.com\/de\/wp-json\/wp\/v2\/product_brand?post=30633"},{"taxonomy":"product_cat","embeddable":true,"href":"https:\/\/asicmarketplace.com\/de\/wp-json\/wp\/v2\/product_cat?post=30633"},{"taxonomy":"product_tag","embeddable":true,"href":"https:\/\/asicmarketplace.com\/de\/wp-json\/wp\/v2\/product_tag?post=30633"}],"curies":[{"name":"wp","href":"https:\/\/api.w.org\/{rel}","templated":true}]}}