{"id":30639,"date":"2025-04-04T15:03:53","date_gmt":"2025-04-04T09:33:53","guid":{"rendered":"https:\/\/asicmarketplace.com\/?post_type=product&#038;p=30639"},"modified":"2026-04-06T10:16:18","modified_gmt":"2026-04-06T04:46:18","slug":"netzkabel-c19-16a-ersatznetzkabel","status":"publish","type":"product","link":"https:\/\/asicmarketplace.com\/de\/product\/power-cable-cord-c19-16a-replacement-power-cable\/","title":{"rendered":"Stromkabel C19, 16A 1,5m Ersatzstromkabel f\u00fcr (Antminer, Iceriver, iBeLink, Whatsminer)"},"content":{"rendered":"<p>Die <strong>Stromkabel C19<\/strong> Das Stromkabel (1,5 m, 16 A) ist f\u00fcr leistungsstarke Mining-Ger\u00e4te konzipiert, darunter luftgek\u00fchlte SHA-256 Miner von (Antminer, Iceriver, iBelink, Whatsminer). Mit robuster Konstruktion und stabiler Stromversorgung unterst\u00fctzt es einen langfristigen, unterbrechungsfreien Betrieb, perfekt f\u00fcr ernsthafte Miner, die zuverl\u00e4ssige Hardware-Zubeh\u00f6r suchen.<\/p>\n<p><strong>Produktparameter:<\/strong><\/p>\n<p>Leiterkernmaterial: sauerstofffreies Kupferkabel<\/p>\n<p>Aktuelle Spannung: 16A 250V<\/p>\n<p>Produktspezifikationen: 2,5 mm\u00b2<\/p>\n<p>Kabell\u00e4nge: 1,5M<\/p>\n<p>Oberhautmaterial: PVC-Material<\/p>","protected":false},"excerpt":{"rendered":"<table class=\"title-box\" data-v-42215f76=\"\">\r\n<tbody>\r\n<tr data-v-42215f76=\"\">\r\n<td data-v-42215f76=\"\">Funktion: Ersatzstromkabel f\u00fcr Antminer, Iceriver, iBelink, Whatsminer usw.<\/td>\r\n<\/tr>\r\n<\/tbody>\r\n<\/table>\r\n&nbsp;","protected":false},"featured_media":30647,"comment_status":"open","ping_status":"closed","template":"","meta":{"content-type":""},"product_brand":[506],"product_cat":[513],"product_tag":[],"class_list":{"0":"post-30639","1":"product","2":"type-product","3":"status-publish","4":"has-post-thumbnail","6":"product_brand-accessories","7":"product_cat-power-cable","9":"first","10":"instock","11":"shipping-taxable","12":"purchasable","13":"product-type-variable","14":"has-default-attributes"},"acf":[],"_links":{"self":[{"href":"https:\/\/asicmarketplace.com\/de\/wp-json\/wp\/v2\/product\/30639","targetHints":{"allow":["GET"]}}],"collection":[{"href":"https:\/\/asicmarketplace.com\/de\/wp-json\/wp\/v2\/product"}],"about":[{"href":"https:\/\/asicmarketplace.com\/de\/wp-json\/wp\/v2\/types\/product"}],"replies":[{"embeddable":true,"href":"https:\/\/asicmarketplace.com\/de\/wp-json\/wp\/v2\/comments?post=30639"}],"wp:featuredmedia":[{"embeddable":true,"href":"https:\/\/asicmarketplace.com\/de\/wp-json\/wp\/v2\/media\/30647"}],"wp:attachment":[{"href":"https:\/\/asicmarketplace.com\/de\/wp-json\/wp\/v2\/media?parent=30639"}],"wp:term":[{"taxonomy":"product_brand","embeddable":true,"href":"https:\/\/asicmarketplace.com\/de\/wp-json\/wp\/v2\/product_brand?post=30639"},{"taxonomy":"product_cat","embeddable":true,"href":"https:\/\/asicmarketplace.com\/de\/wp-json\/wp\/v2\/product_cat?post=30639"},{"taxonomy":"product_tag","embeddable":true,"href":"https:\/\/asicmarketplace.com\/de\/wp-json\/wp\/v2\/product_tag?post=30639"}],"curies":[{"name":"wp","href":"https:\/\/api.w.org\/{rel}","templated":true}]}}