{"id":30651,"date":"2025-04-04T15:13:31","date_gmt":"2025-04-04T09:43:31","guid":{"rendered":"https:\/\/asicmarketplace.com\/?post_type=product&#038;p=30651"},"modified":"2026-04-06T10:16:18","modified_gmt":"2026-04-06T04:46:18","slug":"netzkabel-c13-16a-15m-ersatzkabel","status":"publish","type":"product","link":"https:\/\/asicmarketplace.com\/de\/product\/power-cable-cord-c13-16a-1-5m-replacement-power-cable\/","title":{"rendered":"Netzkabel C13, 16A 1,5m Ersatzkabel f\u00fcr (L7, S19, K7, DR7, DG1+)"},"content":{"rendered":"<p>Die <strong>Stromkabel C13<\/strong> (1,5 m, 16 A) Stromkabel ist f\u00fcr den Hochleistungs-Mining-Equipment konzipiert, einschlie\u00dflich der luftgek\u00fchlten SHA-256 Miner (L7, S19, K7, DR7, DG1+). Mit robuster Konstruktion und stabiler Stromabgabe unterst\u00fctzt es einen langfristigen, unterbrechungsfreien Betrieb, perfekt f\u00fcr ernsthafte Miner, die nach zuverl\u00e4ssigem Hardwarezubeh\u00f6r suchen.<\/p>\n<p><strong>Produktparameter:<\/strong><\/p>\n<p>Kabell\u00e4nge: 1,5 m<\/p>\n<p>Hauptleitungsquerschnitt: 3\u00d72,5mm\u00b2<\/p>\n<p>Leiterquerschnitt: 3\u00d71,0 mm\u00b2, 3\u00d71,31 mm\u00b2 (nur US-Stecker), 3\u00d71,5 mm\u00b2<\/p>\n<p>Anwendbarer Stromverbrauch des Miners: Antminer \u00fcber 3600W<\/p>\n<p>Hinweis: Ein 3\u00d71,0mm\u00b2- oder 3\u00d71,5mm\u00b2-Kabel kann den Minen im Normalbetrieb betreiben.<br \/>\nWenn Sie h\u00f6here Anforderungen an die Qualit\u00e4t des Netzkabels haben, k\u00f6nnen Sie ein Kabel mit einem Leitungsdurchmesser von 3 \u00d7 1,5 mm\u00b2 f\u00fcr die Schukosteckdose w\u00e4hlen.<\/p>","protected":false},"excerpt":{"rendered":"<table class=\"title-box\" data-v-42215f76=\"\">\r\n<tbody>\r\n<tr data-v-42215f76=\"\">\r\n<td data-v-42215f76=\"\">Funktion: Ersatzstromkabel f\u00fcr Antminer L7, Antminer S19, Antminer K7, Antminer DR7, Elphapex DG1+<\/td>\r\n<\/tr>\r\n<\/tbody>\r\n<\/table>\r\n&nbsp;","protected":false},"featured_media":30655,"comment_status":"open","ping_status":"closed","template":"","meta":{"content-type":""},"product_brand":[506],"product_cat":[513],"product_tag":[],"class_list":{"0":"post-30651","1":"product","2":"type-product","3":"status-publish","4":"has-post-thumbnail","6":"product_brand-accessories","7":"product_cat-power-cable","9":"first","10":"instock","11":"shipping-taxable","12":"purchasable","13":"product-type-variable","14":"has-default-attributes"},"acf":[],"_links":{"self":[{"href":"https:\/\/asicmarketplace.com\/de\/wp-json\/wp\/v2\/product\/30651","targetHints":{"allow":["GET"]}}],"collection":[{"href":"https:\/\/asicmarketplace.com\/de\/wp-json\/wp\/v2\/product"}],"about":[{"href":"https:\/\/asicmarketplace.com\/de\/wp-json\/wp\/v2\/types\/product"}],"replies":[{"embeddable":true,"href":"https:\/\/asicmarketplace.com\/de\/wp-json\/wp\/v2\/comments?post=30651"}],"wp:featuredmedia":[{"embeddable":true,"href":"https:\/\/asicmarketplace.com\/de\/wp-json\/wp\/v2\/media\/30655"}],"wp:attachment":[{"href":"https:\/\/asicmarketplace.com\/de\/wp-json\/wp\/v2\/media?parent=30651"}],"wp:term":[{"taxonomy":"product_brand","embeddable":true,"href":"https:\/\/asicmarketplace.com\/de\/wp-json\/wp\/v2\/product_brand?post=30651"},{"taxonomy":"product_cat","embeddable":true,"href":"https:\/\/asicmarketplace.com\/de\/wp-json\/wp\/v2\/product_cat?post=30651"},{"taxonomy":"product_tag","embeddable":true,"href":"https:\/\/asicmarketplace.com\/de\/wp-json\/wp\/v2\/product_tag?post=30651"}],"curies":[{"name":"wp","href":"https:\/\/api.w.org\/{rel}","templated":true}]}}