{"id":31368,"date":"2025-05-05T17:46:50","date_gmt":"2025-05-05T12:16:50","guid":{"rendered":"https:\/\/asicmarketplace.com\/?post_type=product&#038;p=31368"},"modified":"2026-03-26T13:12:17","modified_gmt":"2026-03-26T07:42:17","slug":"bitmain-antminer-steuerplatinen-einheit-s21-imm","status":"publish","type":"product","link":"https:\/\/asicmarketplace.com\/de\/product\/bitmain-antminer-control-board-unit-s21-imm\/","title":{"rendered":"Bitmain Antminer Steuerplatine (S21 Imm., S21 XP Imm.)"},"content":{"rendered":"<p><strong>Bitmain Antminer<\/strong> <strong>Steuerplatine <\/strong>(S21 Imm. , S21 XP Imm.) f\u00fcr die K\u00fchlung von Minern eingerichtet, sorgt dieses Hochleistungs-Steuerboard f\u00fcr einen reibungslosen Betrieb, maximale Effizienz und unterst\u00fctzt eine optimale K\u00fchlung. Wir verkaufen hochwertige Ersatzteile f\u00fcr S21 XP-Steuerboards weltweit zu erschwinglichen Preisen.<\/p>","protected":false},"excerpt":{"rendered":"Bitmain Antminer Steuerplatine (S21 Imm. , S21 XP Imm.) zur K\u00fchlung von Minern, diese Hochleistungssteuerplatine sorgt f\u00fcr reibungslosen Betrieb, maximale Effizienz und unterst\u00fctzt eine optimale K\u00fchlung. Wir verkaufen hochwertige Ersatzteile f\u00fcr S21 XP Steuerplatinen weltweit zu erschwinglichen Preisen.","protected":false},"featured_media":31370,"comment_status":"open","ping_status":"closed","template":"","meta":{"content-type":""},"product_brand":[506],"product_cat":[503],"product_tag":[],"class_list":{"0":"post-31368","1":"product","2":"type-product","3":"status-publish","4":"has-post-thumbnail","6":"product_brand-accessories","7":"product_cat-control-board","9":"first","10":"instock","11":"shipping-taxable","12":"purchasable","13":"product-type-variable","14":"has-default-attributes"},"acf":[],"_links":{"self":[{"href":"https:\/\/asicmarketplace.com\/de\/wp-json\/wp\/v2\/product\/31368","targetHints":{"allow":["GET"]}}],"collection":[{"href":"https:\/\/asicmarketplace.com\/de\/wp-json\/wp\/v2\/product"}],"about":[{"href":"https:\/\/asicmarketplace.com\/de\/wp-json\/wp\/v2\/types\/product"}],"replies":[{"embeddable":true,"href":"https:\/\/asicmarketplace.com\/de\/wp-json\/wp\/v2\/comments?post=31368"}],"wp:featuredmedia":[{"embeddable":true,"href":"https:\/\/asicmarketplace.com\/de\/wp-json\/wp\/v2\/media\/31370"}],"wp:attachment":[{"href":"https:\/\/asicmarketplace.com\/de\/wp-json\/wp\/v2\/media?parent=31368"}],"wp:term":[{"taxonomy":"product_brand","embeddable":true,"href":"https:\/\/asicmarketplace.com\/de\/wp-json\/wp\/v2\/product_brand?post=31368"},{"taxonomy":"product_cat","embeddable":true,"href":"https:\/\/asicmarketplace.com\/de\/wp-json\/wp\/v2\/product_cat?post=31368"},{"taxonomy":"product_tag","embeddable":true,"href":"https:\/\/asicmarketplace.com\/de\/wp-json\/wp\/v2\/product_tag?post=31368"}],"curies":[{"name":"wp","href":"https:\/\/api.w.org\/{rel}","templated":true}]}}