{"id":31506,"date":"2025-05-12T12:10:51","date_gmt":"2025-05-12T06:40:51","guid":{"rendered":"https:\/\/asicmarketplace.com\/?post_type=product&#038;p=31506"},"modified":"2026-03-26T13:12:15","modified_gmt":"2026-03-26T07:42:15","slug":"elphapex-steuereinheit-dg1-plus","status":"publish","type":"product","link":"https:\/\/asicmarketplace.com\/de\/product\/elphapex-control-board-unit-dg1-plus\/","title":{"rendered":"ElphaPex Steuerplatine (DG1, DG1+)"},"content":{"rendered":"<p><strong>ElphaPex<\/strong> <strong>Steuerplatine <\/strong>(DG1 , DG1+) f\u00fcr die K\u00fchlung von Minern eingerichtet, sorgt diese Hochleistungssteuerplatine f\u00fcr einen reibungslosen Betrieb, maximale Effizienz und unterst\u00fctzt eine optimale K\u00fchlung. Wir verkaufen hochwertige Ersatzteile f\u00fcr Steuerplatinen weltweit zu erschwinglichen Preisen. L\u00f6st Probleme wie die Nichterkennung der IP-Adresse, den fehlenden Zugriff auf das Dashboard oder die Nicht-Erkennung von Hash-Boards, wodurch Miner wieder in den Normalbetrieb zur\u00fcckkehren k\u00f6nnen.<\/p>","protected":false},"excerpt":{"rendered":"<table class=\"title-box\" data-v-42215f76=\"\">\r\n<tbody>\r\n<tr data-v-42215f76=\"\">\r\n<td data-v-42215f76=\"\"><span data-v-42215f76=\"\">Funktion: Ersatzsteuerplatine f\u00fcr ElphaPex DG1, ElphaPex DG1+<\/span><\/td>\r\n<\/tr>\r\n<\/tbody>\r\n<\/table>\r\n&nbsp;","protected":false},"featured_media":31508,"comment_status":"open","ping_status":"closed","template":"","meta":{"content-type":""},"product_brand":[506],"product_cat":[503],"product_tag":[],"class_list":{"0":"post-31506","1":"product","2":"type-product","3":"status-publish","4":"has-post-thumbnail","6":"product_brand-accessories","7":"product_cat-control-board","9":"first","10":"instock","11":"shipping-taxable","12":"purchasable","13":"product-type-variable","14":"has-default-attributes"},"acf":[],"_links":{"self":[{"href":"https:\/\/asicmarketplace.com\/de\/wp-json\/wp\/v2\/product\/31506","targetHints":{"allow":["GET"]}}],"collection":[{"href":"https:\/\/asicmarketplace.com\/de\/wp-json\/wp\/v2\/product"}],"about":[{"href":"https:\/\/asicmarketplace.com\/de\/wp-json\/wp\/v2\/types\/product"}],"replies":[{"embeddable":true,"href":"https:\/\/asicmarketplace.com\/de\/wp-json\/wp\/v2\/comments?post=31506"}],"wp:featuredmedia":[{"embeddable":true,"href":"https:\/\/asicmarketplace.com\/de\/wp-json\/wp\/v2\/media\/31508"}],"wp:attachment":[{"href":"https:\/\/asicmarketplace.com\/de\/wp-json\/wp\/v2\/media?parent=31506"}],"wp:term":[{"taxonomy":"product_brand","embeddable":true,"href":"https:\/\/asicmarketplace.com\/de\/wp-json\/wp\/v2\/product_brand?post=31506"},{"taxonomy":"product_cat","embeddable":true,"href":"https:\/\/asicmarketplace.com\/de\/wp-json\/wp\/v2\/product_cat?post=31506"},{"taxonomy":"product_tag","embeddable":true,"href":"https:\/\/asicmarketplace.com\/de\/wp-json\/wp\/v2\/product_tag?post=31506"}],"curies":[{"name":"wp","href":"https:\/\/api.w.org\/{rel}","templated":true}]}}