{"id":31939,"date":"2025-06-02T11:38:50","date_gmt":"2025-06-02T06:08:50","guid":{"rendered":"https:\/\/asicmarketplace.com\/?post_type=product&#038;p=31939"},"modified":"2026-02-12T09:40:03","modified_gmt":"2026-02-12T04:10:03","slug":"nebel-hashing-tauchkuhlanzug-b100","status":"publish","type":"product","link":"https:\/\/asicmarketplace.com\/de\/product\/fog-hashing-immersion-cooling-suit-b100\/","title":{"rendered":"Nebel-Hashing Immersion Cooling Anzug B100"},"content":{"rendered":"<p><strong>Nebel-Hashing Immersion Cooling Anzug B100<\/strong>\u00a0ist f\u00fcr das Mining zu Hause konzipiert und bietet eine einfache Plug-and-Play-Installation, extrem geringe Ger\u00e4uschentwicklung, \u00fcberlegene Effizienz und \u00dcbertaktungsunterst\u00fctzung f\u00fcr verbesserte Leistung und Stabilit\u00e4t.<\/p>\n<h4>Spezifikationen<\/h4>\n<table class=\"table table-striped\">\n<tbody>\n<tr>\n<th scope=\"row\">Hersteller<\/th>\n<td>Nebel Hashing<\/td>\n<\/tr>\n<tr>\n<th scope=\"row\">Modell<\/th>\n<td>B100<\/td>\n<\/tr>\n<tr>\n<th scope=\"row\">Abmessungen<\/th>\n<td>2010 x 746 x 1190mm<\/td>\n<\/tr>\n<tr>\n<th scope=\"row\">Anzahl der Bergleute<\/th>\n<td>20*S21 | 18*T21\/M66S | 16*S21 Imm.\/S21 XP<\/td>\n<\/tr>\n<tr>\n<th scope=\"row\">K\u00fchlleistung<\/th>\n<td>100 kW<\/td>\n<\/tr>\n<tr>\n<th scope=\"row\">Zirkulationsmodus<\/th>\n<td>Einfache Schleife \/ Doppelte Schleife<\/td>\n<\/tr>\n<tr>\n<th scope=\"row\">K\u00fchlmittelmenge<\/th>\n<td>600 l<\/td>\n<\/tr>\n<tr>\n<th scope=\"row\">K\u00fchlart<\/th>\n<td>Trockenk\u00fchler<\/td>\n<\/tr>\n<tr>\n<th scope=\"row\">Eingangsspannung<\/th>\n<td>Dreiphasig 350-480V 50\/60Hz<\/td>\n<\/tr>\n<tr>\n<th scope=\"row\">Maximale Lastleistung<\/th>\n<td>110 kW<\/td>\n<\/tr>\n<tr>\n<th scope=\"row\">Stromlast au\u00dferhalb des Bergbaus<\/th>\n<td>5,6\u20139,5 kW<\/td>\n<\/tr>\n<tr>\n<th scope=\"row\">Max Einlass-\/Auslasstemperatur<\/th>\n<td>48\u00b0C\/56\u00b0C<\/td>\n<\/tr>\n<tr>\n<th scope=\"row\">Umgebungstemperatur<\/th>\n<td>-25\u00b0C bis 55\u00b0C<\/td>\n<\/tr>\n<tr>\n<th scope=\"row\">Rohrdurchmesser<\/th>\n<td>DN50<\/td>\n<\/tr>\n<tr>\n<th scope=\"row\">\u00dcberwachung<\/th>\n<td>1. Tankf\u00fcllstand Mini-LED, webbasiertes Portal zur Fernsteuerung<br \/>\n2. Standard-SNMP-Protokoll, E-Mail-Integration<\/td>\n<\/tr>\n<\/tbody>\n<\/table>\n<p>&nbsp;<\/p>","protected":false},"excerpt":{"rendered":"<table class=\"title-box\" data-v-42215f76=\"\">\r\n<tbody>\r\n<tr data-v-42215f76=\"\">\r\n<td data-v-42215f76=\"\"><span data-v-42215f76=\"\"><strong>Anmerkung:<\/strong> Der Versand variiert je nach Standort. Chatten Sie mit uns f\u00fcr Ihren besten Preis.<\/span><\/td>\r\n<\/tr>\r\n<\/tbody>\r\n<\/table>","protected":false},"featured_media":31942,"comment_status":"open","ping_status":"closed","template":"","meta":{"content-type":""},"product_brand":[506],"product_cat":[509,538],"product_tag":[],"class_list":{"0":"post-31939","1":"product","2":"type-product","3":"status-publish","4":"has-post-thumbnail","6":"product_brand-accessories","7":"product_cat-fog-hashing","8":"product_cat-immersion-cooling","10":"first","11":"instock","12":"shipping-taxable","13":"purchasable","14":"product-type-variable","15":"has-default-attributes"},"acf":[],"_links":{"self":[{"href":"https:\/\/asicmarketplace.com\/de\/wp-json\/wp\/v2\/product\/31939","targetHints":{"allow":["GET"]}}],"collection":[{"href":"https:\/\/asicmarketplace.com\/de\/wp-json\/wp\/v2\/product"}],"about":[{"href":"https:\/\/asicmarketplace.com\/de\/wp-json\/wp\/v2\/types\/product"}],"replies":[{"embeddable":true,"href":"https:\/\/asicmarketplace.com\/de\/wp-json\/wp\/v2\/comments?post=31939"}],"wp:featuredmedia":[{"embeddable":true,"href":"https:\/\/asicmarketplace.com\/de\/wp-json\/wp\/v2\/media\/31942"}],"wp:attachment":[{"href":"https:\/\/asicmarketplace.com\/de\/wp-json\/wp\/v2\/media?parent=31939"}],"wp:term":[{"taxonomy":"product_brand","embeddable":true,"href":"https:\/\/asicmarketplace.com\/de\/wp-json\/wp\/v2\/product_brand?post=31939"},{"taxonomy":"product_cat","embeddable":true,"href":"https:\/\/asicmarketplace.com\/de\/wp-json\/wp\/v2\/product_cat?post=31939"},{"taxonomy":"product_tag","embeddable":true,"href":"https:\/\/asicmarketplace.com\/de\/wp-json\/wp\/v2\/product_tag?post=31939"}],"curies":[{"name":"wp","href":"https:\/\/api.w.org\/{rel}","templated":true}]}}