{"id":34246,"date":"2025-09-05T14:30:16","date_gmt":"2025-09-05T09:00:16","guid":{"rendered":"https:\/\/asicmarketplace.com\/?post_type=product&#038;p=34246"},"modified":"2026-03-26T13:06:08","modified_gmt":"2026-03-26T07:36:08","slug":"canaan-avalon-lufter-120mm","status":"publish","type":"product","link":"https:\/\/asicmarketplace.com\/de\/product\/canaan-avalon-fan-120mm\/","title":{"rendered":"Canaan Avalon L\u00fcfter 120mm (A1366, A1466, A1566)"},"content":{"rendered":"<p>Die <strong>Ventilator<\/strong> f\u00fcr <strong>Canaan Avalon (120mm)<\/strong> ist ein Hochgeschwindigkeits-12V-L\u00fcfter, der f\u00fcr Avalon (A1366, A1466, A1566) und mehr entwickelt wurde. Mit Doppelkugellagern, PWM-Temperaturregelung und einstellbarer Geschwindigkeit sorgt er f\u00fcr effiziente K\u00fchlung und zuverl\u00e4ssige Miner-Leistung.<\/p>\n<p><strong>Einstellbarer L\u00fcfter<\/strong><\/p>\n<p>Modell: DF1205012B2FN<\/p>\n<p>Spannung: 12V<\/p>\n<p>Aktuell: 8A<\/p>\n<p>Gr\u00f6\u00dfe: 120mm x 120mm x 50mm<\/p>\n<p>L\u00fcfteranschluss: Y-Kabel, 4 Pins<\/p>","protected":false},"excerpt":{"rendered":"<table class=\"title-box\" data-v-42215f76=\"\">\r\n<tbody>\r\n<tr data-v-42215f76=\"\">\r\n<td data-v-42215f76=\"\"><span data-v-42215f76=\"\">Funktion: Ersatznetzteil f\u00fcr Avalon A1566, A1466, A1346<\/span><\/td>\r\n<\/tr>\r\n<\/tbody>\r\n<\/table>","protected":false},"featured_media":34248,"comment_status":"open","ping_status":"closed","template":"","meta":{"content-type":""},"product_brand":[506],"product_cat":[500],"product_tag":[],"class_list":{"0":"post-34246","1":"product","2":"type-product","3":"status-publish","4":"has-post-thumbnail","6":"product_brand-accessories","7":"product_cat-fan","9":"first","10":"instock","11":"shipping-taxable","12":"purchasable","13":"product-type-variable","14":"has-default-attributes"},"acf":[],"_links":{"self":[{"href":"https:\/\/asicmarketplace.com\/de\/wp-json\/wp\/v2\/product\/34246","targetHints":{"allow":["GET"]}}],"collection":[{"href":"https:\/\/asicmarketplace.com\/de\/wp-json\/wp\/v2\/product"}],"about":[{"href":"https:\/\/asicmarketplace.com\/de\/wp-json\/wp\/v2\/types\/product"}],"replies":[{"embeddable":true,"href":"https:\/\/asicmarketplace.com\/de\/wp-json\/wp\/v2\/comments?post=34246"}],"wp:featuredmedia":[{"embeddable":true,"href":"https:\/\/asicmarketplace.com\/de\/wp-json\/wp\/v2\/media\/34248"}],"wp:attachment":[{"href":"https:\/\/asicmarketplace.com\/de\/wp-json\/wp\/v2\/media?parent=34246"}],"wp:term":[{"taxonomy":"product_brand","embeddable":true,"href":"https:\/\/asicmarketplace.com\/de\/wp-json\/wp\/v2\/product_brand?post=34246"},{"taxonomy":"product_cat","embeddable":true,"href":"https:\/\/asicmarketplace.com\/de\/wp-json\/wp\/v2\/product_cat?post=34246"},{"taxonomy":"product_tag","embeddable":true,"href":"https:\/\/asicmarketplace.com\/de\/wp-json\/wp\/v2\/product_tag?post=34246"}],"curies":[{"name":"wp","href":"https:\/\/api.w.org\/{rel}","templated":true}]}}