{"id":35040,"date":"2025-10-11T12:22:38","date_gmt":"2025-10-11T06:52:38","guid":{"rendered":"https:\/\/asicmarketplace.com\/?post_type=product&#038;p=35040"},"modified":"2026-03-10T09:13:23","modified_gmt":"2026-03-10T03:43:23","slug":"verstarker-wasserkuhlung-radiator-umwalzpumpe","status":"publish","type":"product","link":"https:\/\/asicmarketplace.com\/de\/product\/amp-water-cooling-radiator-circulation-pump\/","title":{"rendered":"AMP Wasserk\u00fchlung Radiator Umw\u00e4lzpumpe 24V Tankk\u00fchler"},"content":{"rendered":"<p>Das Dual Pump Wasserk\u00fchlsystem ist eine Hochleistungs-B\u00fcrstenlose-DC-Wasserpumpe, die f\u00fcr die K\u00fchlung von ASIC-Minern und das thermische Management von Servern entwickelt wurde. Sein duales, ger\u00e4uscharmes Pumpendesign liefert die doppelte K\u00fchlleistung, den doppelten Durchfluss und den doppelten F\u00f6rderdruck in einem kompakten Geh\u00e4use und sorgt so f\u00fcr \u00fcberlegene W\u00e4rmeableitung und Systemstabilit\u00e4t. Selbst wenn eine Pumpe ausf\u00e4llt, l\u00e4uft die andere weiter und verhindert so \u00dcberhitzung, Hardwaresch\u00e4den und Ausfallzeiten beim Mining. Gebaut f\u00fcr den 24\/7-Kryptomining-Betrieb, gew\u00e4hrleistet es maximale K\u00fchlluft, Zuverl\u00e4ssigkeit und langfristige Leistung.<\/p>\n<p>Dieses System wird mit einer Doppelpumpenkonfiguration geliefert, die eine leistungsstarke und zuverl\u00e4ssige Leistung bietet. Hergestellt aus hochwertigen, langlebigen Materialien, garantiert es langfristige Stabilit\u00e4t und einen reibungslosen Betrieb. Mit intelligentem Wassermangel-Schutz \u00fcberwacht und steuert es automatisch Start-Stopp-Funktionen, um eine sichere und effiziente Nutzung zu gew\u00e4hrleisten.<\/p>\n<h4>Spezifikationen<\/h4>\n<table class=\"table table-striped\">\n<tbody>\n<tr>\n<th scope=\"row\">Betriebsspannung<\/th>\n<td>24V DC<\/td>\n<\/tr>\n<tr>\n<th scope=\"row\">Maximaler Kopf<\/th>\n<td>38\u00b11 Mio<\/td>\n<\/tr>\n<tr>\n<th scope=\"row\">Nennleistung<\/th>\n<td>163,2W<\/td>\n<\/tr>\n<tr>\n<th scope=\"row\">Abdichtung<\/th>\n<td>0,2 Mpa<\/td>\n<\/tr>\n<tr>\n<th scope=\"row\">Maximaler Fluss<\/th>\n<td>25\u00b11 L\/min<\/td>\n<\/tr>\n<tr>\n<th scope=\"row\">Nennstrom<\/th>\n<td>6,8\u00b15%A<\/td>\n<\/tr>\n<tr>\n<th scope=\"row\">Oberfl\u00e4che Form<\/th>\n<td>G1\/2 (4 Punkte) Gewindeanschluss<\/td>\n<\/tr>\n<tr>\n<th scope=\"row\">L\u00e4rm<\/th>\n<td>50db<\/td>\n<\/tr>\n<tr>\n<th scope=\"row\">Design Leben<\/th>\n<td>30.000 Stunden<\/td>\n<\/tr>\n<tr>\n<th scope=\"row\">Pumpenmaterial<\/th>\n<td>Aluminiumlegierung + PC + POM<\/td>\n<\/tr>\n<tr>\n<th scope=\"row\">Arbeitsprinzip<\/th>\n<td>Kreiselpumpe<\/td>\n<\/tr>\n<tr>\n<th scope=\"row\">Anmerkungen<\/th>\n<td>\u00a0Dreiphasen-b\u00fcrstenlose Gleichstrom-Wasserpumpe<\/td>\n<\/tr>\n<\/tbody>\n<\/table>","protected":false},"excerpt":{"rendered":"The Dual Pump Water Cooling System is a high-performance brushless DC water pump engineered for ASIC miner cooling and server thermal management. Its dual low noise pump design delivers twice the cooling power, flow rate, and head pressure in a compact form, providing superior heat dissipation and system stability. Even if one pump fails, the&#8230; <a class=\"view-article\" href=\"https:\/\/asicmarketplace.com\/de\/product\/amp-water-cooling-radiator-circulation-pump\/\">View Article<\/a>","protected":false},"featured_media":35042,"comment_status":"open","ping_status":"closed","template":"","meta":{"content-type":""},"product_brand":[506],"product_cat":[511],"product_tag":[],"class_list":{"0":"post-35040","1":"product","2":"type-product","3":"status-publish","4":"has-post-thumbnail","6":"product_brand-accessories","7":"product_cat-hydro-cooling","9":"first","10":"outofstock","11":"shipping-taxable","12":"purchasable","13":"product-type-variable","14":"has-default-attributes"},"acf":[],"_links":{"self":[{"href":"https:\/\/asicmarketplace.com\/de\/wp-json\/wp\/v2\/product\/35040","targetHints":{"allow":["GET"]}}],"collection":[{"href":"https:\/\/asicmarketplace.com\/de\/wp-json\/wp\/v2\/product"}],"about":[{"href":"https:\/\/asicmarketplace.com\/de\/wp-json\/wp\/v2\/types\/product"}],"replies":[{"embeddable":true,"href":"https:\/\/asicmarketplace.com\/de\/wp-json\/wp\/v2\/comments?post=35040"}],"wp:featuredmedia":[{"embeddable":true,"href":"https:\/\/asicmarketplace.com\/de\/wp-json\/wp\/v2\/media\/35042"}],"wp:attachment":[{"href":"https:\/\/asicmarketplace.com\/de\/wp-json\/wp\/v2\/media?parent=35040"}],"wp:term":[{"taxonomy":"product_brand","embeddable":true,"href":"https:\/\/asicmarketplace.com\/de\/wp-json\/wp\/v2\/product_brand?post=35040"},{"taxonomy":"product_cat","embeddable":true,"href":"https:\/\/asicmarketplace.com\/de\/wp-json\/wp\/v2\/product_cat?post=35040"},{"taxonomy":"product_tag","embeddable":true,"href":"https:\/\/asicmarketplace.com\/de\/wp-json\/wp\/v2\/product_tag?post=35040"}],"curies":[{"name":"wp","href":"https:\/\/api.w.org\/{rel}","templated":true}]}}