{"id":35419,"date":"2025-10-29T13:49:09","date_gmt":"2025-10-29T08:19:09","guid":{"rendered":"https:\/\/asicmarketplace.com\/?post_type=product&#038;p=35419"},"modified":"2026-03-24T09:37:02","modified_gmt":"2026-03-24T04:07:02","slug":"kuhlkorper-fur-wasserkuhlung-aus-transparentem-silikon","status":"publish","type":"product","link":"https:\/\/asicmarketplace.com\/de\/product\/amp-water-cooling-radiator-transparent-silicone\/","title":{"rendered":"AMP Wasserk\u00fchlung Radiator Transparentes Silikon Asic Miner"},"content":{"rendered":"<p>Der D8 D10 FEP Wellk\u00fchlungsschlauch wurde f\u00fcr Hochleistungs-ASIC-Miner-Wasserk\u00fchlungssysteme entwickelt. Hergestellt aus hochwertigem Teflon (FEP), gew\u00e4hrleistet er einen gleichm\u00e4\u00dfigen K\u00fchlmittelfluss zwischen Wassermanifold, K\u00fchlplatte und Radiator. Seine transparente, gewellte Struktur verhindert Knicke, Verwicklungen und Verformungen w\u00e4hrend des Dauerbetriebs.<\/p>\n<p>Hitzebest\u00e4ndig, korrosions- und verschlei\u00dffest, beh\u00e4lt dieser Schlauch eine stabile W\u00e4rme\u00fcbertragung unter anspruchsvollen Bergbaubedingungen. Flexibel, langlebig und einfach zu installieren, ist er ein gro\u00dfartiges Upgrade f\u00fcr jedes professionelle ASIC-Wasserk\u00fchlsystem.<\/p>\n<p><strong>Spezifikationen:<\/strong><br \/>\nDiese Silikonschl\u00e4uche bieten au\u00dfergew\u00f6hnliche Klarheit, sind ungiftig und geruchsneutral und \u00fcbertreffen herk\u00f6mmliche doppelt vulkanisierte Typen (24).<br data-start=\"204\" data-end=\"207\" \/>Es gew\u00e4hrleistet ausgezeichnete Hitzebest\u00e4ndigkeit, langanhaltende Haltbarkeit und beh\u00e4lt Flexibilit\u00e4t und Transparenz ohne Vergilben oder Anlaufen bei.<\/p>\n<p><strong>Leistungsspektrum:<br \/>\n<\/strong>1)Kompatibel mit Wasserk\u00fchlung Radiator Anschl\u00fcssen mit Pagoden-Anschl\u00fcssen<br \/>\n2)Ideal zum Verbinden von Wasserk\u00fchlplatten mit Pagodenanschl\u00fcssen<br \/>\n3) Entwickelt f\u00fcr nahtlose Verbindung zu Wasserverteilern \u00fcber Pagoden-Anschl\u00fcsse<\/p>\n<p><strong>Spezifikationen:<\/strong><\/p>\n<ul>\n<li>L\u00e4nge: 5M<\/li>\n<li>Temperaturbereich: -60\u2103~200\u2103<\/li>\n<li>Produkth\u00e4rte: 45~80\u00b0C<\/li>\n<li>Dehnung: 500~700%<\/li>\n<li>Produktgr\u00f6\u00dfe: 10mm x 12mm x 14mm<\/li>\n<\/ul>","protected":false},"excerpt":{"rendered":"The D8 D10 FEP corrugated cooling hose is created for high performance ASIC miner water cooling setups. Made from premium Teflon (FEP), it ensures consistent coolant flow between the water manifold, cooling plate, and radiator. Its transparent, corrugated structure prevents kinking, tangling, and deformation during continuous operation. Resistant to high temperatures, corrosion, and wear, this&#8230; <a class=\"view-article\" href=\"https:\/\/asicmarketplace.com\/de\/product\/amp-water-cooling-radiator-transparent-silicone\/\">View Article<\/a>","protected":false},"featured_media":35426,"comment_status":"open","ping_status":"closed","template":"","meta":{"content-type":""},"product_brand":[506],"product_cat":[511],"product_tag":[],"class_list":{"0":"post-35419","1":"product","2":"type-product","3":"status-publish","4":"has-post-thumbnail","6":"product_brand-accessories","7":"product_cat-hydro-cooling","9":"first","10":"outofstock","11":"shipping-taxable","12":"purchasable","13":"product-type-variable","14":"has-default-attributes"},"acf":[],"_links":{"self":[{"href":"https:\/\/asicmarketplace.com\/de\/wp-json\/wp\/v2\/product\/35419","targetHints":{"allow":["GET"]}}],"collection":[{"href":"https:\/\/asicmarketplace.com\/de\/wp-json\/wp\/v2\/product"}],"about":[{"href":"https:\/\/asicmarketplace.com\/de\/wp-json\/wp\/v2\/types\/product"}],"replies":[{"embeddable":true,"href":"https:\/\/asicmarketplace.com\/de\/wp-json\/wp\/v2\/comments?post=35419"}],"wp:featuredmedia":[{"embeddable":true,"href":"https:\/\/asicmarketplace.com\/de\/wp-json\/wp\/v2\/media\/35426"}],"wp:attachment":[{"href":"https:\/\/asicmarketplace.com\/de\/wp-json\/wp\/v2\/media?parent=35419"}],"wp:term":[{"taxonomy":"product_brand","embeddable":true,"href":"https:\/\/asicmarketplace.com\/de\/wp-json\/wp\/v2\/product_brand?post=35419"},{"taxonomy":"product_cat","embeddable":true,"href":"https:\/\/asicmarketplace.com\/de\/wp-json\/wp\/v2\/product_cat?post=35419"},{"taxonomy":"product_tag","embeddable":true,"href":"https:\/\/asicmarketplace.com\/de\/wp-json\/wp\/v2\/product_tag?post=35419"}],"curies":[{"name":"wp","href":"https:\/\/api.w.org\/{rel}","templated":true}]}}