{"id":35538,"date":"2025-11-04T20:36:55","date_gmt":"2025-11-04T15:06:55","guid":{"rendered":"https:\/\/asicmarketplace.com\/?post_type=product&#038;p=35538"},"modified":"2026-04-06T10:16:18","modified_gmt":"2026-04-06T04:46:18","slug":"antminer-antwire-ul-sjt-ersatzstromkabel","status":"publish","type":"product","link":"https:\/\/asicmarketplace.com\/de\/product\/antminer-antwire-ul-sjt-replacement-power-cable\/","title":{"rendered":"Ersatzstromkabel Antminer Antwire UL-SJT 3C*14AWG 2xC13 PA45*6C 1m f\u00fcr (S19K Pro, S19j Pro+..)"},"content":{"rendered":"<p>Die <strong>Bitmain<\/strong> <strong>Antminer<\/strong> <strong>Antw. UL-SJT <\/strong>3C*14 AWG 1m, dieses Stromkabel ist f\u00fcr Hochleistungs-Mining-Ger\u00e4te ausgelegt, einschlie\u00dflich der luftgek\u00fchlten Miner (S19k Pro, S19j Pro+, S19 XP, S19j Pro, S19, S19 Pro). Mit seiner robusten Konstruktion und stabilen Stromversorgung unterst\u00fctzt es einen langfristigen, ununterbrochenen Betrieb, perfekt f\u00fcr ernsthafte Miner, die zuverl\u00e4ssiges Hardware-Zubeh\u00f6r suchen.<\/p>","protected":false},"excerpt":{"rendered":"<table class=\"title-box\" data-v-42215f76=\"\">\r\n<tbody>\r\n<tr data-v-42215f76=\"\">\r\n<td data-v-42215f76=\"\">Funktion: Ersatzstromkabel f\u00fcr Antminer S19k Pro, Antminer S19j Pro+, Antminer S19 XP, Antminer S19j Pro, Antminer S19, Antminer S19 Pro<\/td>\r\n<\/tr>\r\n<\/tbody>\r\n<\/table>\r\n&nbsp;","protected":false},"featured_media":35540,"comment_status":"open","ping_status":"closed","template":"","meta":{"content-type":""},"product_brand":[506],"product_cat":[15,513],"product_tag":[],"class_list":{"0":"post-35538","1":"product","2":"type-product","3":"status-publish","4":"has-post-thumbnail","6":"product_brand-accessories","7":"product_cat-bitmain","8":"product_cat-power-cable","10":"first","11":"outofstock","12":"shipping-taxable","13":"purchasable","14":"product-type-variable","15":"has-default-attributes"},"acf":[],"_links":{"self":[{"href":"https:\/\/asicmarketplace.com\/de\/wp-json\/wp\/v2\/product\/35538","targetHints":{"allow":["GET"]}}],"collection":[{"href":"https:\/\/asicmarketplace.com\/de\/wp-json\/wp\/v2\/product"}],"about":[{"href":"https:\/\/asicmarketplace.com\/de\/wp-json\/wp\/v2\/types\/product"}],"replies":[{"embeddable":true,"href":"https:\/\/asicmarketplace.com\/de\/wp-json\/wp\/v2\/comments?post=35538"}],"wp:featuredmedia":[{"embeddable":true,"href":"https:\/\/asicmarketplace.com\/de\/wp-json\/wp\/v2\/media\/35540"}],"wp:attachment":[{"href":"https:\/\/asicmarketplace.com\/de\/wp-json\/wp\/v2\/media?parent=35538"}],"wp:term":[{"taxonomy":"product_brand","embeddable":true,"href":"https:\/\/asicmarketplace.com\/de\/wp-json\/wp\/v2\/product_brand?post=35538"},{"taxonomy":"product_cat","embeddable":true,"href":"https:\/\/asicmarketplace.com\/de\/wp-json\/wp\/v2\/product_cat?post=35538"},{"taxonomy":"product_tag","embeddable":true,"href":"https:\/\/asicmarketplace.com\/de\/wp-json\/wp\/v2\/product_tag?post=35538"}],"curies":[{"name":"wp","href":"https:\/\/api.w.org\/{rel}","templated":true}]}}