{"id":36272,"date":"2025-12-16T13:51:48","date_gmt":"2025-12-16T08:21:48","guid":{"rendered":"https:\/\/asicmarketplace.com\/?post_type=product&#038;p=36272"},"modified":"2026-03-24T09:37:02","modified_gmt":"2026-03-24T04:07:02","slug":"bitmain-antminer-dcrack-36kw-asic-miner-luftkuhlungsschrank","status":"publish","type":"product","link":"https:\/\/asicmarketplace.com\/de\/product\/bitmain-antminer-dcrack-36kw-asic-miner-air-cooling-cabinet\/","title":{"rendered":"Bitmain Antminer DCRACK 36KW Asic Miner Luftk\u00fchlungsschrank"},"content":{"rendered":"<p><strong>Bitmain Antminer DCRACK<\/strong> ist ein 36kW, 47U Krypto-Mining-Rack, das f\u00fcr ernsthafte Farmen entwickelt wurde, die eine organisierte, effiziente luftgek\u00fchlte ASIC-Unterbringung mit schnellen Spot-Versandoptionen w\u00fcnschen.<\/p>\n<p><strong>Bitmain Antminer DCRACK<\/strong> ist ein leistungsstarker 36kW, 47U Mining-Rack, der entwickelt wurde, um Ihre luftgek\u00fchlten ASIC-Miner in einem professionellen Schrank mit hoher Dichte zu konsolidieren. Dieser luftgek\u00fchlte Schrank sorgt f\u00fcr einen stabilen Luftstrom, eine zuverl\u00e4ssige W\u00e4rmeableitung und ein aufger\u00e4umtes Kabelmanagement, damit Ihr Krypto-Mining-Rack effizient und wartungsfreundlich bleibt. Er ist f\u00fcr ernsthafte Miner konzipiert, unterst\u00fctzt gro\u00dfe Eins\u00e4tze und hilft gleichzeitig, Ausfallzeiten zu reduzieren und den Energieverbrauch in Ihrer Farm zu optimieren. Bestellen Sie Bitmain DCRACK online unter Asic Marketplace, um wettbewerbsf\u00e4hige Preise, vertrauensw\u00fcrdige Lieferung und bequemen Spotversand f\u00fcr Ihr n\u00e4chstes Infrastruktur-Upgrade zu sichern.<\/p>\n<h4>Spezifikationen<\/h4>\n<table class=\"table table-striped\">\n<tbody>\n<tr>\n<th scope=\"row\">Hersteller<\/th>\n<td>Bitmain<\/td>\n<\/tr>\n<tr>\n<th scope=\"row\">Modell<\/th>\n<td>DCRACK<\/td>\n<\/tr>\n<tr>\n<th scope=\"row\">Version<\/th>\n<td>V1<\/td>\n<\/tr>\n<tr>\n<th scope=\"row\">Kapazit\u00e4t<\/th>\n<td>47U<\/td>\n<\/tr>\n<tr>\n<th scope=\"row\">Maximale Last,\u00a0<strong>Kilowatt<\/strong><\/th>\n<td>36kW<\/td>\n<\/tr>\n<tr>\n<th scope=\"row\">PUE@25\u2103 Umgebung, 25\u2103 Zuluft<sup>(1-1)<\/sup><\/th>\n<td>1.17<\/td>\n<\/tr>\n<tr>\n<th scope=\"row\">Zulufttemperatur f\u00fcr klassische Server,\u00a0<strong>\u2103<\/strong><\/th>\n<td>18~27\u2103<\/td>\n<\/tr>\n<tr>\n<th scope=\"row\"><\/th>\n<td><\/td>\n<\/tr>\n<tr>\n<th scope=\"row\"><strong>Serverschrank<\/strong><\/th>\n<td><\/td>\n<\/tr>\n<tr>\n<th scope=\"row\">Gr\u00f6\u00dfe o.<\/th>\n<td>1600 x 1200 x 2350 mm<\/td>\n<\/tr>\n<tr>\n<th scope=\"row\">Gr\u00f6\u00dfe mit<\/th>\n<td>1720 x 1300 x 2400 mm<\/td>\n<\/tr>\n<tr>\n<th scope=\"row\">Nettogewicht<\/th>\n<td>668kg<\/td>\n<\/tr>\n<tr>\n<th scope=\"row\">Netzwerkverbindungsmodus<\/th>\n<td>RJ45 Ethernet 10\/100M<\/td>\n<\/tr>\n<tr>\n<th scope=\"row\">\u00a0Eingangsspannung<\/th>\n<td>380-415V<\/td>\n<\/tr>\n<tr>\n<th scope=\"row\">Stromst\u00e4rke,\u00a0<strong>Ampel<\/strong><sup>(2-2)<\/sup><\/th>\n<td>63<\/td>\n<\/tr>\n<tr>\n<th scope=\"row\">L\u00fcfter, Nennleistung,\u00a0<b>W<\/b><\/th>\n<td>2500<\/td>\n<\/tr>\n<tr>\n<th scope=\"row\">L\u00e4rm<\/th>\n<td>85 dB<\/td>\n<\/tr>\n<tr>\n<th scope=\"row\">L\u00fcftergr\u00f6\u00dfe<\/th>\n<td>378 x 378 x 375mm<\/td>\n<\/tr>\n<tr>\n<th scope=\"row\">Anzahl der Fans<\/th>\n<td>3<\/td>\n<\/tr>\n<tr>\n<th scope=\"row\"><\/th>\n<td><\/td>\n<\/tr>\n<tr>\n<th scope=\"row\"><strong>Externer K\u00fchler<\/strong><\/th>\n<td><\/td>\n<\/tr>\n<tr>\n<th scope=\"row\">Gr\u00f6\u00dfe o.<\/th>\n<td>1896 x 1026 x 2180 mm<\/td>\n<\/tr>\n<tr>\n<th scope=\"row\">Gr\u00f6\u00dfe mit<\/th>\n<td>2000 x 1130 x 2360 mm<\/td>\n<\/tr>\n<tr>\n<th scope=\"row\">Nettogewicht<\/th>\n<td>396Kg<\/td>\n<\/tr>\n<tr>\n<th scope=\"row\">\u00a0Eingangsspannung<\/th>\n<td>380\u2013415 V<\/td>\n<\/tr>\n<tr>\n<th scope=\"row\">Stromst\u00e4rke,\u00a0<strong>Ampel<\/strong><sup>(2-2)<\/sup><\/th>\n<td>63<\/td>\n<\/tr>\n<tr>\n<th scope=\"row\"><\/th>\n<td><\/td>\n<\/tr>\n<tr>\n<th scope=\"row\"><strong>W\u00e4rmepumpe<\/strong><\/th>\n<td><\/td>\n<\/tr>\n<tr>\n<th scope=\"row\">Nennleistung,\u00a0<strong>Kilowatt<\/strong><\/th>\n<td>8.5<\/td>\n<\/tr>\n<tr>\n<th scope=\"row\">COP (typisch)<\/th>\n<td>4.75<\/td>\n<\/tr>\n<tr>\n<th scope=\"row\">K\u00e4ltemittel<\/th>\n<td>R410A<\/td>\n<\/tr>\n<tr>\n<th scope=\"row\"><\/th>\n<td><\/td>\n<\/tr>\n<tr>\n<th scope=\"row\">Ventilator<\/th>\n<td><\/td>\n<\/tr>\n<tr>\n<th scope=\"row\">Nennleistung,\u00a0<strong>k<\/strong><b>W<\/b><\/th>\n<td>1.85<\/td>\n<\/tr>\n<tr>\n<th scope=\"row\">L\u00e4rm<\/th>\n<td>82 dB<\/td>\n<\/tr>\n<tr>\n<th scope=\"row\">Gr\u00f6\u00dfe<\/th>\n<td>805 x 805 x 21 mm<\/td>\n<\/tr>\n<tr>\n<th scope=\"row\">Anzahl der Fans<\/th>\n<td>2<\/td>\n<\/tr>\n<tr>\n<th scope=\"row\"><\/th>\n<td><\/td>\n<\/tr>\n<tr>\n<th scope=\"row\"><strong>K\u00e4ltemittelpumpe<\/strong><\/th>\n<td><\/td>\n<\/tr>\n<tr>\n<th scope=\"row\">Nennleistung,\u00a0<strong>W<\/strong><\/th>\n<td>550<\/td>\n<\/tr>\n<tr>\n<th scope=\"row\">Durchflussmenge,\u00a0<strong>m<sup>3<\/sup>Ein Fehler ist aufgetreten.<\/strong><\/th>\n<td>1<\/td>\n<\/tr>\n<tr>\n<th scope=\"row\">Pumpenkopf,\u00a0<strong>m<\/strong><\/th>\n<td>48<\/td>\n<\/tr>\n<tr>\n<th scope=\"row\">Gr\u00f6\u00dfe<\/th>\n<td>420 x 152 x 202 mm<\/td>\n<\/tr>\n<tr>\n<th scope=\"row\"><\/th>\n<td><\/td>\n<\/tr>\n<tr>\n<th scope=\"row\"><strong>Umgebungsanforderungen<\/strong><\/th>\n<td><\/td>\n<\/tr>\n<tr>\n<th scope=\"row\">Temperatur<\/th>\n<td>-20\u201345\u2103<\/td>\n<\/tr>\n<tr>\n<th scope=\"row\">Installationsabstand (max),\u00a0<strong>m<\/strong><sup>(2-3)<\/sup><\/th>\n<td>50<\/td>\n<\/tr>\n<tr>\n<th scope=\"row\">Lagertemperatur<\/th>\n<td>-20~70<\/td>\n<\/tr>\n<tr>\n<th scope=\"row\">Luftfeuchtigkeit<\/th>\n<td>10~90%<\/td>\n<\/tr>\n<\/tbody>\n<\/table>","protected":false},"excerpt":{"rendered":"<table class=\"title-box\" data-v-42215f76=\"\">\r\n<tbody>\r\n<tr data-v-42215f76=\"\">\r\n<td data-v-42215f76=\"\"><span data-v-42215f76=\"\"><strong>Anmerkung<\/strong> 1 Satz | 47HE Rackstellplatz f\u00fcr luftgek\u00fchlte Server<\/span><\/td>\r\n<\/tr>\r\n<\/tbody>\r\n<\/table>\r\n<table class=\"title-box\" data-v-42215f76=\"\">\r\n<tbody>\r\n<tr data-v-42215f76=\"\">\r\n<td data-v-42215f76=\"\"><span data-v-42215f76=\"\"><strong>Anmerkung:<\/strong> Der Versand variiert je nach Standort. Chatten Sie mit uns f\u00fcr Ihren besten Preis.<\/span><\/td>\r\n<\/tr>\r\n<\/tbody>\r\n<\/table>","protected":false},"featured_media":36274,"comment_status":"open","ping_status":"closed","template":"","meta":{"content-type":""},"product_brand":[506],"product_cat":[512,15],"product_tag":[],"class_list":{"0":"post-36272","1":"product","2":"type-product","3":"status-publish","4":"has-post-thumbnail","6":"product_brand-accessories","7":"product_cat-mining-rack","8":"product_cat-bitmain","10":"first","11":"outofstock","12":"shipping-taxable","13":"purchasable","14":"product-type-variable","15":"has-default-attributes"},"acf":[],"_links":{"self":[{"href":"https:\/\/asicmarketplace.com\/de\/wp-json\/wp\/v2\/product\/36272","targetHints":{"allow":["GET"]}}],"collection":[{"href":"https:\/\/asicmarketplace.com\/de\/wp-json\/wp\/v2\/product"}],"about":[{"href":"https:\/\/asicmarketplace.com\/de\/wp-json\/wp\/v2\/types\/product"}],"replies":[{"embeddable":true,"href":"https:\/\/asicmarketplace.com\/de\/wp-json\/wp\/v2\/comments?post=36272"}],"wp:featuredmedia":[{"embeddable":true,"href":"https:\/\/asicmarketplace.com\/de\/wp-json\/wp\/v2\/media\/36274"}],"wp:attachment":[{"href":"https:\/\/asicmarketplace.com\/de\/wp-json\/wp\/v2\/media?parent=36272"}],"wp:term":[{"taxonomy":"product_brand","embeddable":true,"href":"https:\/\/asicmarketplace.com\/de\/wp-json\/wp\/v2\/product_brand?post=36272"},{"taxonomy":"product_cat","embeddable":true,"href":"https:\/\/asicmarketplace.com\/de\/wp-json\/wp\/v2\/product_cat?post=36272"},{"taxonomy":"product_tag","embeddable":true,"href":"https:\/\/asicmarketplace.com\/de\/wp-json\/wp\/v2\/product_tag?post=36272"}],"curies":[{"name":"wp","href":"https:\/\/api.w.org\/{rel}","templated":true}]}}