{"id":36275,"date":"2025-12-16T14:32:37","date_gmt":"2025-12-16T09:02:37","guid":{"rendered":"https:\/\/asicmarketplace.com\/?post_type=product&#038;p=36275"},"modified":"2026-03-24T09:37:02","modified_gmt":"2026-03-24T04:07:02","slug":"bitmain-antminer-dctank-aw1-120kw-asic-miner-luftkuhlungsschrank","status":"publish","type":"product","link":"https:\/\/asicmarketplace.com\/de\/product\/bitmain-antminer-dctank-aw1-120kw-asic-miners-air-cooling-cabinet\/","title":{"rendered":"Bitmain Antminer DCTANK AW1 120KW Asic Luftk\u00fchlungsschrank f\u00fcr Miner"},"content":{"rendered":"<p><strong>Bitmain Antminer DCTANK AW1<\/strong> ist ein Asic Marketplace luftgek\u00fchlter Bergbaucontainer mit 120 kW, den Sie online zu scharfen Preisen und mit reibungsloser globaler Lieferung kaufen k\u00f6nnen.<\/p>\n<p><strong>Bitmain Antminer DCTANK AW1<\/strong> ist ein Asic Marketplace120kW, 376U luftgek\u00fchlter Mining-Container, der f\u00fcr ernsthafte Miner entwickelt wurde, die maximale Dichte und eine saubere Infrastruktur zu einem wettbewerbsf\u00e4higen Preis w\u00fcnschen. Diese Bitmain Antminer DCTANK-L\u00f6sung integriert ein 8-Schrank-Rack-System, wobei jeder Schrank eine Kapazit\u00e4t von 47U f\u00fcr Mining-Racks bietet, sodass Sie Hunderte von klassischen luftgek\u00fchlten ASIC-Minern in einer modularen Einheit unterbringen k\u00f6nnen. Der Container ist mit effizientem Luftstrom und einem PUE von nur 1,11 bei 25\u00b0C ausgelegt und hilft, Energieverschwendung zu reduzieren und Ihre Krypto-Hardware stabil und produktiv zu halten. Das Layout ist f\u00fcr einfachere Verkabelung, Wartung und zuk\u00fcnftige Erweiterungen optimiert und somit ideal f\u00fcr neue Farmen und Upgrades von verstreuten Racks. Wenn Sie den Bitmain Antminer DCTANK AW1 online bei Asic Marketplace bestellen, erhalten Sie vertrauensw\u00fcrdige Bitmain-Infrastruktur, flexible Zahlungsoptionen per Bank\u00fcberweisung oder Kryptow\u00e4hrung sowie zuverl\u00e4ssigen Versand vom Lager zu Ihrer Anlage.<\/p>\n<h4>Spezifikationen<\/h4>\n<table class=\"table table-striped\">\n<tbody>\n<tr>\n<th scope=\"row\">Hersteller<\/th>\n<td>Bitmain<\/td>\n<\/tr>\n<tr>\n<th scope=\"row\">Modell<\/th>\n<td>DCTANK AW1<\/td>\n<\/tr>\n<tr>\n<th scope=\"row\">Serverkapazit\u00e4t,\u00a0<strong>U<\/strong><\/th>\n<td>376<\/td>\n<\/tr>\n<tr>\n<th scope=\"row\">Containerzertifizierung<\/th>\n<td>CCS<\/td>\n<\/tr>\n<tr>\n<th scope=\"row\">Sicherheitszertifizierung<\/th>\n<td>NFPA 79:2024<br \/>\nUL 508A:2018 R7.22<br \/>\nCSA C22.2 Nr. 301:23<br \/>\nANSI\/ISO 12100:2012<br \/>\nEN ISO 12100:2010<br \/>\nEN 60204-1:2018<\/td>\n<\/tr>\n<tr>\n<th scope=\"row\">Eingangsspannung und -frequenz<\/th>\n<td>400V | 50\/60Hz<\/td>\n<\/tr>\n<tr>\n<th scope=\"row\">Gesamt-IT-Last,\u00a0<strong>KW<\/strong><\/th>\n<td>120<\/td>\n<\/tr>\n<tr>\n<th scope=\"row\">Versandgewicht,\u00a0<strong>T<\/strong><\/th>\n<td>4.6<\/td>\n<\/tr>\n<tr>\n<th scope=\"row\">Hauptschalter von Stromverteilerschr\u00e4nken (A)<\/th>\n<td>250\u00d72<\/td>\n<\/tr>\n<tr>\n<th scope=\"row\">Bemessungsstrom,<strong>\u00a0A<\/strong><\/th>\n<td>\u2264405<\/td>\n<\/tr>\n<tr>\n<th scope=\"row\">Anzahl der Server-Schr\u00e4nke<\/th>\n<td>8<\/td>\n<\/tr>\n<tr>\n<th scope=\"row\">Einzelkabinenkapazit\u00e4t,<strong>\u00a0U<\/strong><\/th>\n<td>47<\/td>\n<\/tr>\n<tr>\n<th scope=\"row\">Leistungsdichte eines einzelnen Schrankes,<strong>\u00a0KW<\/strong><\/th>\n<td>15<\/td>\n<\/tr>\n<tr>\n<th scope=\"row\">Einlasskabel<\/th>\n<td>Das ankommende Kabel ben\u00f6tigt zwei dreiphasige F\u00fcnfleiterkabel.,<br \/>\nL1 einadriges Kabel 350 kcMil (185 mm\u00b2)<br \/>\nL2 Einleiterkabel \u00a0350 kcmil (185 mm\u00b2)<br \/>\nL3 Einleiterkabel 350kcMil (185 mm\u00b2)<br \/>\nN Einadriges Kabel 250 kcMil (127 mm\u00b2)<br \/>\nPE-Einleiterkabel 250 kcmil (127 mm\u00b2)<\/td>\n<\/tr>\n<tr>\n<th scope=\"row\"><\/th>\n<td><\/td>\n<\/tr>\n<tr>\n<th scope=\"row\">K\u00fchlturm<\/th>\n<td><\/td>\n<\/tr>\n<tr>\n<th scope=\"row\">Gr\u00f6\u00dfe<\/th>\n<td>6058 \u00d7 2438 \u00d7 2896 mm<\/td>\n<\/tr>\n<tr>\n<th scope=\"row\">PUE bei 25\u00b0C Umgebungstemperatur<\/th>\n<td>1.11<\/td>\n<\/tr>\n<tr>\n<th scope=\"row\">Gek\u00fchlte Nennleistung,\u00a0<strong>Kilowatt<\/strong><\/th>\n<td>120<\/td>\n<\/tr>\n<tr>\n<th scope=\"row\">Containerzertifizierung<\/th>\n<td>CCS<\/td>\n<\/tr>\n<tr>\n<th scope=\"row\">Motornennspannung und -frequenz<\/th>\n<td>400V | 50\/60Hz<\/td>\n<\/tr>\n<tr>\n<th scope=\"row\">Versandgewicht,\u00a0<b>T<\/b><\/th>\n<td>5.8<\/td>\n<\/tr>\n<tr>\n<th scope=\"row\">Betriebsgewicht,\u00a0<b>T<\/b><\/th>\n<td>7.8<\/td>\n<\/tr>\n<tr>\n<th scope=\"row\">Zulufttemperatur,\u00a0<strong>\u2103<\/strong><\/th>\n<td>25<\/td>\n<\/tr>\n<tr>\n<th scope=\"row\">R\u00fccklufttemperatur ,<strong>\u00b0C<\/strong><\/th>\n<td>38<\/td>\n<\/tr>\n<tr>\n<th scope=\"row\">Wasserverbrauch @ 25\u02daC,\u00a0<strong>m<sup>3<\/sup>Ein Fehler ist aufgetreten.<\/strong><\/th>\n<td>0.2<\/td>\n<\/tr>\n<tr>\n<th scope=\"row\">L\u00e4rm<\/th>\n<td>75db<\/td>\n<\/tr>\n<tr>\n<th scope=\"row\">Temperatur<\/th>\n<td>-40 \u2013 45\u00b0C<\/td>\n<\/tr>\n<tr>\n<th scope=\"row\">Luftfeuchtigkeit<\/th>\n<td>5 -95%<\/td>\n<\/tr>\n<\/tbody>\n<\/table>","protected":false},"excerpt":{"rendered":"<table class=\"title-box\" data-v-42215f76=\"\">\r\n<tbody>\r\n<tr data-v-42215f76=\"\">\r\n<td data-v-42215f76=\"\"><span data-v-42215f76=\"\"><strong>Anmerkung<\/strong> 1 Satz | 376U Rack-Platz<\/span><\/td>\r\n<\/tr>\r\n<\/tbody>\r\n<\/table>\r\n<table class=\"title-box\" data-v-42215f76=\"\">\r\n<tbody>\r\n<tr data-v-42215f76=\"\">\r\n<td data-v-42215f76=\"\"><span data-v-42215f76=\"\"><strong>Anmerkung:<\/strong> Der Versand variiert je nach Standort. Chatten Sie mit uns f\u00fcr Ihren besten Preis.<\/span><\/td>\r\n<\/tr>\r\n<\/tbody>\r\n<\/table>","protected":false},"featured_media":36277,"comment_status":"open","ping_status":"closed","template":"","meta":{"content-type":""},"product_brand":[506],"product_cat":[512,15],"product_tag":[],"class_list":{"0":"post-36275","1":"product","2":"type-product","3":"status-publish","4":"has-post-thumbnail","6":"product_brand-accessories","7":"product_cat-mining-rack","8":"product_cat-bitmain","10":"first","11":"outofstock","12":"shipping-taxable","13":"purchasable","14":"product-type-variable","15":"has-default-attributes"},"acf":[],"_links":{"self":[{"href":"https:\/\/asicmarketplace.com\/de\/wp-json\/wp\/v2\/product\/36275","targetHints":{"allow":["GET"]}}],"collection":[{"href":"https:\/\/asicmarketplace.com\/de\/wp-json\/wp\/v2\/product"}],"about":[{"href":"https:\/\/asicmarketplace.com\/de\/wp-json\/wp\/v2\/types\/product"}],"replies":[{"embeddable":true,"href":"https:\/\/asicmarketplace.com\/de\/wp-json\/wp\/v2\/comments?post=36275"}],"wp:featuredmedia":[{"embeddable":true,"href":"https:\/\/asicmarketplace.com\/de\/wp-json\/wp\/v2\/media\/36277"}],"wp:attachment":[{"href":"https:\/\/asicmarketplace.com\/de\/wp-json\/wp\/v2\/media?parent=36275"}],"wp:term":[{"taxonomy":"product_brand","embeddable":true,"href":"https:\/\/asicmarketplace.com\/de\/wp-json\/wp\/v2\/product_brand?post=36275"},{"taxonomy":"product_cat","embeddable":true,"href":"https:\/\/asicmarketplace.com\/de\/wp-json\/wp\/v2\/product_cat?post=36275"},{"taxonomy":"product_tag","embeddable":true,"href":"https:\/\/asicmarketplace.com\/de\/wp-json\/wp\/v2\/product_tag?post=36275"}],"curies":[{"name":"wp","href":"https:\/\/api.w.org\/{rel}","templated":true}]}}