{"id":36701,"date":"2026-01-06T13:55:01","date_gmt":"2026-01-06T08:25:01","guid":{"rendered":"https:\/\/asicmarketplace.com\/?post_type=product&#038;p=36701"},"modified":"2026-03-26T13:01:36","modified_gmt":"2026-03-26T07:31:36","slug":"elphapex-fp-201-ersatznetzteil-fur-dg-home-1","status":"publish","type":"product","link":"https:\/\/asicmarketplace.com\/de\/product\/elphapex-fp-201-replacement-power-supply-unit-for-dg-home-1\/","title":{"rendered":"Elphapex FP-201 Ersatznetzteil f\u00fcr DG Hydro 1"},"content":{"rendered":"<p>Die <strong>ElphaPex FP-201 <\/strong>PSU ist kundenspezifisch aufgebaut und verf\u00fcgt \u00fcber eine breite Spannungsunterst\u00fctzung von 37 V bis 47 V. Gebaut f\u00fcr Effizienz, gew\u00e4hrleistet er zuverl\u00e4ssige Leistung und optimale Mining-Performance.<\/p>\n<h4>Spezifikationen<\/h4>\n<ul>\n<li>Modell: FP-201<\/li>\n<li>380-480VAC, 50\/60Hz, 17A<\/li>\n<li>33V-47V\/280A\uff0c7V\/2A<\/li>\n<li>Leistung: 10000W<\/li>\n<li>Abmessungen: L487,7 mm \u00d7 B140 mm \u00d7 H72 mm<\/li>\n<li>Version :BC<\/li>\n<\/ul>","protected":false},"excerpt":{"rendered":"<table class=\"title-box\" data-v-42215f76=\"\">\r\n<tbody>\r\n<tr data-v-42215f76=\"\">\r\n<td data-v-42215f76=\"\"><span data-v-42215f76=\"\">Funktion: Ersatznetzteil f\u00fcr ElphPex DG Hydro 1<\/span><\/td>\r\n<\/tr>\r\n<\/tbody>\r\n<\/table>\r\n&nbsp;","protected":false},"featured_media":36703,"comment_status":"open","ping_status":"closed","template":"","meta":{"content-type":""},"product_brand":[506],"product_cat":[498],"product_tag":[],"class_list":{"0":"post-36701","1":"product","2":"type-product","3":"status-publish","4":"has-post-thumbnail","6":"product_brand-accessories","7":"product_cat-power-supply","9":"first","10":"instock","11":"shipping-taxable","12":"purchasable","13":"product-type-variable","14":"has-default-attributes"},"acf":[],"_links":{"self":[{"href":"https:\/\/asicmarketplace.com\/de\/wp-json\/wp\/v2\/product\/36701","targetHints":{"allow":["GET"]}}],"collection":[{"href":"https:\/\/asicmarketplace.com\/de\/wp-json\/wp\/v2\/product"}],"about":[{"href":"https:\/\/asicmarketplace.com\/de\/wp-json\/wp\/v2\/types\/product"}],"replies":[{"embeddable":true,"href":"https:\/\/asicmarketplace.com\/de\/wp-json\/wp\/v2\/comments?post=36701"}],"wp:featuredmedia":[{"embeddable":true,"href":"https:\/\/asicmarketplace.com\/de\/wp-json\/wp\/v2\/media\/36703"}],"wp:attachment":[{"href":"https:\/\/asicmarketplace.com\/de\/wp-json\/wp\/v2\/media?parent=36701"}],"wp:term":[{"taxonomy":"product_brand","embeddable":true,"href":"https:\/\/asicmarketplace.com\/de\/wp-json\/wp\/v2\/product_brand?post=36701"},{"taxonomy":"product_cat","embeddable":true,"href":"https:\/\/asicmarketplace.com\/de\/wp-json\/wp\/v2\/product_cat?post=36701"},{"taxonomy":"product_tag","embeddable":true,"href":"https:\/\/asicmarketplace.com\/de\/wp-json\/wp\/v2\/product_tag?post=36701"}],"curies":[{"name":"wp","href":"https:\/\/api.w.org\/{rel}","templated":true}]}}