{"id":36710,"date":"2026-01-06T14:08:03","date_gmt":"2026-01-06T08:38:03","guid":{"rendered":"https:\/\/asicmarketplace.com\/?post_type=product&#038;p=36710"},"modified":"2026-03-26T13:01:20","modified_gmt":"2026-03-26T07:31:20","slug":"elphapex-lufter-2200-u-min-dg-home-1","status":"publish","type":"product","link":"https:\/\/asicmarketplace.com\/de\/product\/elphapex-fan-2200rpm-dg-home-1\/","title":{"rendered":"ElphaPex L\u00fcfter 2200 U\/min (DG Home 1)"},"content":{"rendered":"<p>Die <strong>Ventilator<\/strong> f\u00fcr <strong>ElphaPex (2200 U\/min)<\/strong> ein Hochgeschwindigkeits-12V-L\u00fcfter, der f\u00fcr ElphaPex (DG Home 1) und mehr entwickelt wurde. Mit Doppelkugellagern, PWM-Temperaturregelung und einstellbarer Geschwindigkeit sorgt er f\u00fcr effiziente K\u00fchlung und zuverl\u00e4ssige Miner-Leistung.<\/p>\n<p>&nbsp;<\/p>\n<h4>Technische Daten :<\/h4>\n<ul data-v-0b2f759f=\"\">\n<li data-v-0b2f759f=\"\">12V<\/li>\n<li data-v-0b2f759f=\"\">4-Wege-Anschlussklemme<\/li>\n<li data-v-0b2f759f=\"\">Kabell\u00e4nge: 400 mm<\/li>\n<li data-v-0b2f759f=\"\">Drehzahl: 2200 U\/min<\/li>\n<li data-v-0b2f759f=\"\">Abmessungen: 120x120x25mm<\/li>\n<li data-v-0b2f759f=\"\">Doppellager (NMB), IP54 (verkapselte Schraubanschl\u00fcsse)<\/li>\n<\/ul>\n<p>&nbsp;<\/p>","protected":false},"excerpt":{"rendered":"<table class=\"title-box\" data-v-42215f76=\"\">\r\n<tbody>\r\n<tr data-v-42215f76=\"\">\r\n<td data-v-42215f76=\"\"><span data-v-42215f76=\"\">Funktion: Ersatzl\u00fcfter f\u00fcr ElphaPex DG Home 1<\/span><\/td>\r\n<\/tr>\r\n<\/tbody>\r\n<\/table>\r\n&nbsp;","protected":false},"featured_media":36712,"comment_status":"open","ping_status":"closed","template":"","meta":{"content-type":""},"product_brand":[506],"product_cat":[500],"product_tag":[],"class_list":{"0":"post-36710","1":"product","2":"type-product","3":"status-publish","4":"has-post-thumbnail","6":"product_brand-accessories","7":"product_cat-fan","9":"first","10":"instock","11":"shipping-taxable","12":"purchasable","13":"product-type-variable","14":"has-default-attributes"},"acf":[],"_links":{"self":[{"href":"https:\/\/asicmarketplace.com\/de\/wp-json\/wp\/v2\/product\/36710","targetHints":{"allow":["GET"]}}],"collection":[{"href":"https:\/\/asicmarketplace.com\/de\/wp-json\/wp\/v2\/product"}],"about":[{"href":"https:\/\/asicmarketplace.com\/de\/wp-json\/wp\/v2\/types\/product"}],"replies":[{"embeddable":true,"href":"https:\/\/asicmarketplace.com\/de\/wp-json\/wp\/v2\/comments?post=36710"}],"wp:featuredmedia":[{"embeddable":true,"href":"https:\/\/asicmarketplace.com\/de\/wp-json\/wp\/v2\/media\/36712"}],"wp:attachment":[{"href":"https:\/\/asicmarketplace.com\/de\/wp-json\/wp\/v2\/media?parent=36710"}],"wp:term":[{"taxonomy":"product_brand","embeddable":true,"href":"https:\/\/asicmarketplace.com\/de\/wp-json\/wp\/v2\/product_brand?post=36710"},{"taxonomy":"product_cat","embeddable":true,"href":"https:\/\/asicmarketplace.com\/de\/wp-json\/wp\/v2\/product_cat?post=36710"},{"taxonomy":"product_tag","embeddable":true,"href":"https:\/\/asicmarketplace.com\/de\/wp-json\/wp\/v2\/product_tag?post=36710"}],"curies":[{"name":"wp","href":"https:\/\/api.w.org\/{rel}","templated":true}]}}