{"id":37873,"date":"2026-04-13T17:53:20","date_gmt":"2026-04-13T12:23:20","guid":{"rendered":"https:\/\/asicmarketplace.com\/?post_type=product&#038;p=37873"},"modified":"2026-04-14T13:38:18","modified_gmt":"2026-04-14T08:08:18","slug":"bitdeer-sealminer-steuerplatine-a2","status":"publish","type":"product","link":"https:\/\/asicmarketplace.com\/de\/product\/bitdeer-sealminer-control-board-unit-a2\/","title":{"rendered":"Bitdeer SealMiner Steuerplatine f\u00fcr A2"},"content":{"rendered":"<p><strong>Bitdeer SealMiner<\/strong>\u00a0<strong>Steuerplatine <\/strong>(A2) Ausger\u00fcstet f\u00fcr die K\u00fchlung von Minern, sorgt diese Hochleistungs-Steuerplatine f\u00fcr einen reibungslosen Betrieb, maximale Effizienz und unterst\u00fctzt eine optimale K\u00fchlung. Wir verkaufen hochwertige Ersatzteile f\u00fcr Steuerplatinen weltweit zu erschwinglichen Preisen. Behebung von Problemen wie Nicht-Erkennung der IP-Adresse, Zugriff auf das Dashboard oder Erkennung von Hash-Boards, damit Miner wieder normal arbeiten k\u00f6nnen.<\/p>","protected":false},"excerpt":{"rendered":"<table class=\"title-box\" data-v-42215f76=\"\">\r\n<tbody>\r\n<tr data-v-42215f76=\"\">\r\n<td data-v-42215f76=\"\"><span data-v-42215f76=\"\">Funktion: Ersatzsteuerplatine f\u00fcr Bitdeer SealMiner A2<\/span><\/td>\r\n<\/tr>\r\n<\/tbody>\r\n<\/table>\r\n&nbsp;","protected":false},"featured_media":37875,"comment_status":"open","ping_status":"closed","template":"","meta":{"content-type":""},"product_brand":[506],"product_cat":[503],"product_tag":[],"class_list":{"0":"post-37873","1":"product","2":"type-product","3":"status-publish","4":"has-post-thumbnail","6":"product_brand-accessories","7":"product_cat-control-board","9":"first","10":"instock","11":"shipping-taxable","12":"purchasable","13":"product-type-variable","14":"has-default-attributes"},"acf":[],"_links":{"self":[{"href":"https:\/\/asicmarketplace.com\/de\/wp-json\/wp\/v2\/product\/37873","targetHints":{"allow":["GET"]}}],"collection":[{"href":"https:\/\/asicmarketplace.com\/de\/wp-json\/wp\/v2\/product"}],"about":[{"href":"https:\/\/asicmarketplace.com\/de\/wp-json\/wp\/v2\/types\/product"}],"replies":[{"embeddable":true,"href":"https:\/\/asicmarketplace.com\/de\/wp-json\/wp\/v2\/comments?post=37873"}],"wp:featuredmedia":[{"embeddable":true,"href":"https:\/\/asicmarketplace.com\/de\/wp-json\/wp\/v2\/media\/37875"}],"wp:attachment":[{"href":"https:\/\/asicmarketplace.com\/de\/wp-json\/wp\/v2\/media?parent=37873"}],"wp:term":[{"taxonomy":"product_brand","embeddable":true,"href":"https:\/\/asicmarketplace.com\/de\/wp-json\/wp\/v2\/product_brand?post=37873"},{"taxonomy":"product_cat","embeddable":true,"href":"https:\/\/asicmarketplace.com\/de\/wp-json\/wp\/v2\/product_cat?post=37873"},{"taxonomy":"product_tag","embeddable":true,"href":"https:\/\/asicmarketplace.com\/de\/wp-json\/wp\/v2\/product_tag?post=37873"}],"curies":[{"name":"wp","href":"https:\/\/api.w.org\/{rel}","templated":true}]}}