{"id":15760,"date":"2022-11-28T18:01:37","date_gmt":"2022-11-28T12:31:37","guid":{"rendered":"https:\/\/asicmarketplace.com\/?page_id=15760"},"modified":"2023-06-27T13:26:55","modified_gmt":"2023-06-27T07:56:55","slug":"politica-de-envio-y-devolucion","status":"publish","type":"page","link":"https:\/\/asicmarketplace.com\/es\/shipping-and-return-policy\/","title":{"rendered":"Pol\u00edtica de env\u00edo y devoluci\u00f3n"},"content":{"rendered":"<h3>Procesamiento y Tiempo de Env\u00edo<\/h3>\n<ol>\n<li style=\"font-weight: 400;\" aria-level=\"1\">Los modelos en inventario se enviar\u00e1n de 48-72 hrs de Asicmarketplace en la bodega de Honk Kong.<\/li>\n<li style=\"font-weight: 400;\" aria-level=\"1\">Los equipo de minado de segunda mano y usados se enviar\u00e1n de 5-7 d\u00edas.<\/li>\n<li style=\"font-weight: 400;\" aria-level=\"1\">Probamos todos los equipos de minado usados antes del env\u00edo.<\/li>\n<li style=\"font-weight: 400;\" aria-level=\"1\">Todos los equipos de minado son enviados por DHL, FEDEX, UPS,EMS, etc.<\/li>\n<li style=\"font-weight: 400;\" aria-level=\"1\">Le proporcionaremos un n\u00famero de gu\u00eda de 24-48 horas una vez que los bienes han salido de la bodega.<\/li>\n<li style=\"font-weight: 400;\" aria-level=\"1\">Usualmente toma de 5-10 d\u00edas llegar a cualquier parte del mundo de Hong Kong por env\u00edo expr\u00e9s.<\/li>\n<li style=\"font-weight: 400;\" aria-level=\"1\">Le notificaremos de todas las actualizaciones acerca de su orden en un correo electr\u00f3nico.<\/li>\n<\/ol>\n<h3>Soporte y Garant\u00eda<\/h3>\n<ol>\n<li style=\"font-weight: 400;\" aria-level=\"1\">Todos los equipos de minado nuevos tienen 180 d\u00edas de garant\u00eda del fabricante.<\/li>\n<li style=\"font-weight: 400;\" aria-level=\"1\">Nuestro equipo t\u00e9cnico est\u00e1 disponible 24\/7 para ayudarle con cualquier tipo de problema a trav\u00e9s de team viewer.<\/li>\n<\/ol>\n<h3>Impuestos y derechos aduanales<\/h3>\n<ol>\n<li style=\"font-weight: 400;\" aria-level=\"1\">Proporcionamos servicio DDP (puerta a puerta) a Estados Unidos, Alemania, B\u00e9lgica, Luxemburgo, Pa\u00edses Bajos, Dinamarca, Rep\u00fablica Checa, Polonia, Austria, Irlanda, Portugal, Suecia, Espa\u00f1a, Rusia, Vietnam, Kazajist\u00e1n, EAU, Malasia, Tailandia y algunos otros pa\u00edses.<\/li>\n<li style=\"font-weight: 400;\" aria-level=\"1\">Nos encargamos de las aduanas y de la operaci\u00f3n puerta a puerta en el pa\u00eds del comprador, por lo que el comprador no tiene que pagar ning\u00fan derecho de importaci\u00f3n ni gastos de aduana en el servicio DDP.<\/li>\n<li style=\"font-weight: 400;\" aria-level=\"1\">Para el servicio DDP el comprador necesita solicitarlo manualmente: sales@asicmarketplace.com<\/li>\n<li style=\"font-weight: 400;\" aria-level=\"1\">Excepto para los pa\u00edses DDP anteriormente mencionados, le ayudamos a reducir sus impuestos al enviar con una factura m\u00e1s baja.<\/li>\n<\/ol>\n<h3>Env\u00edo y Empaque<\/h3>\n<ol>\n<li style=\"font-weight: 400;\" aria-level=\"1\">Todos los equipos de minado incluyen una fuente de alimentaci\u00f3n adecuada y el empaque original de la empresa.<\/li>\n<li style=\"font-weight: 400;\" aria-level=\"1\">Ponemos calcoman\u00edas de \"FR\u00c1GIL\" en todos los lados de la caja para que no se quiebren fr\u00e1gil durante el transporte.<\/li>\n<\/ol>\n<h3>Devoluciones<\/h3>\n<ol>\n<li>En caso de que un menor deba ser devuelto a Hong Kong, el cliente ser\u00e1 responsable de cubrir cualquier costo de env\u00edo adicional.<\/li>\n<\/ol>","protected":false},"excerpt":{"rendered":"Tiempo de procesamiento y env\u00edo Los modelos en stock se enviar\u00e1n en 48-72 horas desde el almac\u00e9n de Hong Kong del mercado de Asic. Los Miners usados y de segunda mano se enviar\u00e1n en 5-7 d\u00edas. Probamos todos los mineros usados antes de enviarlos. Todos los mineros ser\u00e1n enviados por DHL, FEDEX, UPS, EMS, etc. Le proporcionaremos un seguimiento... <a class=\"view-article\" href=\"https:\/\/asicmarketplace.com\/es\/shipping-and-return-policy\/\">Ver art\u00edculo<\/a>","protected":false},"author":1,"featured_media":0,"parent":0,"menu_order":0,"comment_status":"closed","ping_status":"closed","template":"","meta":{"content-type":"","footnotes":""},"class_list":["post-15760","page","type-page","status-publish","hentry"],"acf":[],"_links":{"self":[{"href":"https:\/\/asicmarketplace.com\/es\/wp-json\/wp\/v2\/pages\/15760","targetHints":{"allow":["GET"]}}],"collection":[{"href":"https:\/\/asicmarketplace.com\/es\/wp-json\/wp\/v2\/pages"}],"about":[{"href":"https:\/\/asicmarketplace.com\/es\/wp-json\/wp\/v2\/types\/page"}],"author":[{"embeddable":true,"href":"https:\/\/asicmarketplace.com\/es\/wp-json\/wp\/v2\/users\/1"}],"replies":[{"embeddable":true,"href":"https:\/\/asicmarketplace.com\/es\/wp-json\/wp\/v2\/comments?post=15760"}],"version-history":[{"count":5,"href":"https:\/\/asicmarketplace.com\/es\/wp-json\/wp\/v2\/pages\/15760\/revisions"}],"predecessor-version":[{"id":15870,"href":"https:\/\/asicmarketplace.com\/es\/wp-json\/wp\/v2\/pages\/15760\/revisions\/15870"}],"wp:attachment":[{"href":"https:\/\/asicmarketplace.com\/es\/wp-json\/wp\/v2\/media?parent=15760"}],"curies":[{"name":"wp","href":"https:\/\/api.w.org\/{rel}","templated":true}]}}