{"id":16474,"date":"2023-02-13T22:29:07","date_gmt":"2023-02-13T16:59:07","guid":{"rendered":"https:\/\/asicmarketplace.com\/?page_id=16474"},"modified":"2023-06-12T18:58:54","modified_gmt":"2023-06-12T13:28:54","slug":"politica-de-cookies","status":"publish","type":"page","link":"https:\/\/asicmarketplace.com\/es\/cookies-policy\/","title":{"rendered":"cookie pol\u00edtica"},"content":{"rendered":"<h3 style=\"text-align: left;\">Pol\u00edtica de Cookies<\/h3>\n<p style=\"text-align: left;\" class=\"translation-block\">Entendemos la importancia de mantener nuestra informaci\u00f3n sensible de usuario segura. Nuestra pol\u00edtica de cookies proporciona la m\u00e1xima protecci\u00f3n para nuestros usuarios y los mantiene en cumplimiento con la ley. Por favor tome nota de que al aceptar y navegar en <a href=\"https:\/\/asicmarketplace.com\/es\/\" target=\"_self\">asicmarketplace.com<\/a>, usted est\u00e1 aceptando las pol\u00edticas que est\u00e1n descritas abajo.<\/p>\n<p style=\"text-align: left;\">Esta pol\u00edtica de cookies tambi\u00e9n explica c\u00f3mo vamos a usar su informaci\u00f3n personal y qu\u00e9 sucede con cualquier informaci\u00f3n personal que nos proporcione. Toda esta informaci\u00f3n est\u00e1 disponible para que la vea en cualquier momento, d\u00e1ndole control total sobre c\u00f3mo procesamos su informaci\u00f3n. Usamos cookies para obtener informaci\u00f3n estad\u00edstica acerca de c\u00f3mo nuestros clientes usan nuestro servicio, lo cual nos ayuda a mejorar nuestros productos y servicios de manera acorde. Adem\u00e1s, actualizamos las pol\u00edticas de esta p\u00e1gina de vez en cuando, as\u00ed que contin\u00fae revisando la p\u00e1gina de manera regular para permanecer actualizado con todos los cambios.<\/p>\n<h3 style=\"text-align: left;\">Informaci\u00f3n Personal y no Personal<\/h3>\n<p style=\"text-align: left;\" class=\"translation-block\">Priorizamos su privacidad. Podr\u00edamos recolectar informaci\u00f3n del cliente como nombre, correo electr\u00f3nico, n\u00famero de tel\u00e9fono, etc. solo cuando sea proporcionada voluntariamente por usted. De manera similar, informaci\u00f3n no personal como tipo de navegador, direcci\u00f3n IP, etc. tambi\u00e9n puede ser recolectada de nuestros usuarios al visitar <a href=\"https:\/\/asicmarketplace.com\/es\/\" target=\"_self\">asicmarketplace.com<\/a>.<\/p>\n<h3 style=\"text-align: left;\">Cookies<\/h3>\n<p style=\"text-align: left;\">Las cookies nos permiten ofrecer muchas funciones de nuestro sitio web, incluyendo una experiencia de compra personalizada, la cual le ayuda a determinar nuestras preferencias de usuario y c\u00f3mo nuestros clientes usan nuestro servicio.<\/p>\n<h3 style=\"text-align: left;\">Divulgando su informaci\u00f3n<\/h3>\n<p style=\"text-align: left;\">No divulgaremos cualquier informaci\u00f3n personal o no personal, excepto en aquellas instancias en las cuales sea necesario para proporcionar servicios que ha solicitado de nosotros o cuando creamos sea de buena fe.<\/p>\n<p style=\"text-align: left;\">Para proporcionar una experiencia de usuario mejorada en nuestro sitio web usamos cookies para almacenar cierta informaci\u00f3n que necesita ser recuperada despu\u00e9s al momento de que visita o mientras navega sitios web dentro del mismo dominio. Usamos una combinaci\u00f3n de cookies de inicio de sesi\u00f3n para autenticar las sesiones de usuario y cookies permanentes que almacenan sus preferencias como configuraci\u00f3n de lenguaje, etc.<br \/>\nRecolectamos solo la informaci\u00f3n necesaria que requerimos para procesar \u00f3rdenes, entregar productos y proporcionar soporte al cliente.<br \/>\nLe aseguramos que no divulgaremos su informaci\u00f3n personal recopilada a cualquier otra parte, excepto en algunas circunstancias que se muestran a continuaci\u00f3n:<\/p>\n<ul>\n<li style=\"text-align: left;\">En cualquier situaci\u00f3n en donde tengamos que vender cualquiera o todos nuestros negocios al comprador.<\/li>\n<li style=\"text-align: left;\">Podr\u00edamos divulgar su informaci\u00f3n personal cuando sea legalmente requerido por ley.<\/li>\n<li style=\"text-align: left;\">Para protegerlo contra fraude y reducir el riesgo de actividad fraudulenta.<\/li>\n<\/ul>\n<h3 style=\"text-align: left;\">Enlaces\/ Website de Terceros<\/h3>\n<p style=\"text-align: left;\">Asic Marketplace puede hacer enlaces con sitios web y servicios de terceros cuando sea requerido; sin embargo, no somos responsables de las declaraciones de privacidad, pr\u00e1cticas o contenidos de dichos sitios de terceros.<\/p>\n<h3 style=\"text-align: left;\">Cambios a la Pol\u00edtica de Privacidad<\/h3>\n<p style=\"text-align: left;\" class=\"translation-block\">Asic Marketplace se reserva el derecho de cambiar, editar o modificar esta Pol\u00edtica de Privacidad en cualquier momento, sin previo aviso, as\u00ed que contin\u00fae revisando la p\u00e1gina de manera regular para permanecer actualizado con los cambios que realizamos.<\/p>\n<p style=\"text-align: left;\" class=\"translation-block\">En caso de tener cualquier duda o si necesita ayuda puede <a href=\"https:\/\/asicmarketplace.com\/es\/contactenos\/\" target=\"_blank\" rel=\"noopener\"> localizarnos<\/a> en <a href=\"mailto:sales@asicmarketplace.com\" target=\"_self\">sales@asicmarketplace.com<\/a> (Enlace para localizarnos es el hiperenlace en la p\u00e1gina de cont\u00e1ctenos).<\/p>","protected":false},"excerpt":{"rendered":"Pol\u00edtica de cookies Somos conscientes de la importancia de mantener seguros los datos sensibles y la informaci\u00f3n de nuestros usuarios. Nuestra pol\u00edtica de cookies proporciona la m\u00e1xima protecci\u00f3n para nuestros usuarios y mantiene a los usuarios en el cumplimiento de la ley. Por favor, aseg\u00farese de que al aceptar y navegar por asicmarketplace.com, usted est\u00e1 aceptando las pol\u00edticas que se describen a continuaci\u00f3n, Esta pol\u00edtica de cookies tambi\u00e9n explica c\u00f3mo... <a class=\"view-article\" href=\"https:\/\/asicmarketplace.com\/es\/cookies-policy\/\">Ver art\u00edculo<\/a>","protected":false},"author":1,"featured_media":0,"parent":0,"menu_order":0,"comment_status":"closed","ping_status":"closed","template":"","meta":{"content-type":"","footnotes":""},"class_list":["post-16474","page","type-page","status-publish","hentry"],"acf":[],"_links":{"self":[{"href":"https:\/\/asicmarketplace.com\/es\/wp-json\/wp\/v2\/pages\/16474","targetHints":{"allow":["GET"]}}],"collection":[{"href":"https:\/\/asicmarketplace.com\/es\/wp-json\/wp\/v2\/pages"}],"about":[{"href":"https:\/\/asicmarketplace.com\/es\/wp-json\/wp\/v2\/types\/page"}],"author":[{"embeddable":true,"href":"https:\/\/asicmarketplace.com\/es\/wp-json\/wp\/v2\/users\/1"}],"replies":[{"embeddable":true,"href":"https:\/\/asicmarketplace.com\/es\/wp-json\/wp\/v2\/comments?post=16474"}],"version-history":[{"count":7,"href":"https:\/\/asicmarketplace.com\/es\/wp-json\/wp\/v2\/pages\/16474\/revisions"}],"predecessor-version":[{"id":16497,"href":"https:\/\/asicmarketplace.com\/es\/wp-json\/wp\/v2\/pages\/16474\/revisions\/16497"}],"wp:attachment":[{"href":"https:\/\/asicmarketplace.com\/es\/wp-json\/wp\/v2\/media?parent=16474"}],"curies":[{"name":"wp","href":"https:\/\/api.w.org\/{rel}","templated":true}]}}