{"id":18149,"date":"2023-08-11T23:45:26","date_gmt":"2023-08-11T18:15:26","guid":{"rendered":"https:\/\/asicmarketplace.com\/?page_id=18149"},"modified":"2024-08-20T11:17:12","modified_gmt":"2024-08-20T05:47:12","slug":"return-policy","status":"publish","type":"page","link":"https:\/\/asicmarketplace.com\/es\/return-policy\/","title":{"rendered":"Pol\u00edtica de devoluciones"},"content":{"rendered":"<h3>Pol\u00edtica de devoluciones<\/h3>\n<p class=\"translation-block\"><span style=\"font-weight: 400\">Para solicitar una devoluci\u00f3n, debes ponerte en contacto con nuestro servicio de atenci\u00f3n al cliente en <a href=\"mailto:sales@asicmarketplace.com\" target=\"_self\">sales@asicmarketplace.com<\/a>. Si la raz\u00f3n de tu solicitud de devoluci\u00f3n es v\u00e1lida, nuestro equipo examinar\u00e1 el asunto para realizar una inspecci\u00f3n exhaustiva.<\/span><\/p>\n<ul>\n<li style=\"font-weight: 400\"><span style=\"font-weight: 400\">Env\u00ede un correo electr\u00f3nico a nuestro servicio de atenci\u00f3n al cliente explicando la causa por la que desea devolver el producto en un plazo de 30 d\u00edas, junto con las fotograf\u00edas cuando se le solicite.\u00a0<\/span><\/li>\n<li>Se le cobrar\u00e1n 30$ gastos de devoluci\u00f3n por devolver el producto.<\/li>\n<li style=\"font-weight: 400\"><span style=\"font-weight: 400\">Despu\u00e9s de que hagas la solicitud de devoluci\u00f3n, aseg\u00farate de que el producto est\u00e9 bien embalado y que todas las etiquetas est\u00e9n intactas, junto con las facturas adecuadas y todo lo que viene con el producto.<\/span><\/li>\n<li style=\"font-weight: 400\"><span style=\"font-weight: 400\">Cuando el producto llega a nuestro almac\u00e9n, se somete a una inspecci\u00f3n de calidad. Si pasa la inspecci\u00f3n de calidad, procesaremos su devoluci\u00f3n<\/span><\/li>\n<\/ul>","protected":false},"excerpt":{"rendered":"Pol\u00edtica de devoluciones Para realizar una devoluci\u00f3n, debe ponerse en contacto con nuestro servicio de atenci\u00f3n al cliente en sales@asicmarketplace.com. Si el motivo de su solicitud de devoluci\u00f3n es viable, nuestro equipo estudiar\u00e1 el asunto para realizar una inspecci\u00f3n exhaustiva.  Env\u00ede un correo electr\u00f3nico a nuestro servicio de atenci\u00f3n al cliente explicando la causa por la que desea devolver el producto en un plazo de 30 d\u00edas, junto con las fotos cuando se le solicite. ... <a class=\"view-article\" href=\"https:\/\/asicmarketplace.com\/es\/return-policy\/\">Ver art\u00edculo<\/a>","protected":false},"author":1,"featured_media":0,"parent":0,"menu_order":0,"comment_status":"closed","ping_status":"closed","template":"","meta":{"content-type":"","footnotes":""},"class_list":["post-18149","page","type-page","status-publish","hentry"],"acf":[],"_links":{"self":[{"href":"https:\/\/asicmarketplace.com\/es\/wp-json\/wp\/v2\/pages\/18149","targetHints":{"allow":["GET"]}}],"collection":[{"href":"https:\/\/asicmarketplace.com\/es\/wp-json\/wp\/v2\/pages"}],"about":[{"href":"https:\/\/asicmarketplace.com\/es\/wp-json\/wp\/v2\/types\/page"}],"author":[{"embeddable":true,"href":"https:\/\/asicmarketplace.com\/es\/wp-json\/wp\/v2\/users\/1"}],"replies":[{"embeddable":true,"href":"https:\/\/asicmarketplace.com\/es\/wp-json\/wp\/v2\/comments?post=18149"}],"version-history":[{"count":9,"href":"https:\/\/asicmarketplace.com\/es\/wp-json\/wp\/v2\/pages\/18149\/revisions"}],"predecessor-version":[{"id":33501,"href":"https:\/\/asicmarketplace.com\/es\/wp-json\/wp\/v2\/pages\/18149\/revisions\/33501"}],"wp:attachment":[{"href":"https:\/\/asicmarketplace.com\/es\/wp-json\/wp\/v2\/media?parent=18149"}],"curies":[{"name":"wp","href":"https:\/\/api.w.org\/{rel}","templated":true}]}}