{"id":18316,"date":"2023-08-30T00:18:09","date_gmt":"2023-08-29T18:48:09","guid":{"rendered":"https:\/\/asicmarketplace.com\/?page_id=18316"},"modified":"2024-03-04T15:44:32","modified_gmt":"2024-03-04T10:14:32","slug":"fraud-prevention","status":"publish","type":"page","link":"https:\/\/asicmarketplace.com\/es\/fraud-prevention\/","title":{"rendered":"Prevenci\u00f3n de Fraudes"},"content":{"rendered":"<p style=\"text-align: left\">Tenemos informaci\u00f3n importante para nuestros Valiosos Clientes. Hemos tenido conocimiento de varios intentos maliciosos que se llevaron a cabo en nombre de ASIC MARKETPLACE. Priorizamos la seguridad y protecci\u00f3n de los datos financieros y transacciones de nuestros clientes. Por lo tanto, deseamos brindarle instrucciones y medidas esenciales que podr\u00edan ayudar a evitar que sea v\u00edctima de dicho fraude.<\/p>\n<p style=\"text-align: left\"><b>Por favor, abstente de participar en cualquier tipo de actividad fraudulenta!!<\/b><\/p>\n<h3 style=\"text-align: left\">Verificar la autenticidad<\/h3>\n<p style=\"text-align: left\">Si recibe cualquier tipo de mensajes\/correos electr\u00f3nicos\/llamadas que afirmen ser de nuestra plataforma y soliciten su informaci\u00f3n personal y financiera, verifique su autenticidad. Sin ninguna verificaci\u00f3n, por favor, no realice ning\u00fan pago ni responda a correos electr\u00f3nicos o llamadas de ninguna plataforma que parezca ser similar a la nuestra.<\/p>\n<hr \/>\n<h3 style=\"text-align: left\">Nuestros Canales de Comunicaci\u00f3n Leg\u00edtimos<\/h3>\n<p style=\"text-align: left\">Nuestros canales de comunicaci\u00f3n oficiales y leg\u00edtimos son los siguientes:<\/p>\n<ul style=\"text-align: left\">\n<li class=\"translation-block\"><b>Sitio web oficial:<\/b> <a href=\"https:\/\/asicmarketplace.com\/es\/\" target=\"_self\">https:\/\/asicmarketplace.com\/<\/a><\/li>\n<li class=\"translation-block\"><b>Correo de Soporte al Cliente:<\/b>sales@asicmarkeplace.com<\/li>\n<li><b>El n\u00famero de contacto de atenci\u00f3n al cliente:<\/b> +12546516565<\/li>\n<li><b>N\u00famero de contacto de WhatsApp:<\/b>: +12546516565<\/li>\n<\/ul>\n<p style=\"text-align: left\">No tenemos ning\u00fan otro canal de comunicaci\u00f3n aparte de estos. Si alguna vez encuentras alguna plataforma o sitio web que utilice nuestra informaci\u00f3n, aseg\u00farate de reportar esa p\u00e1gina junto con las capturas de pantalla o enlaces de inmediato a nuestro correo electr\u00f3nico en sales@asicmarketplace.com.<\/p>\n<hr \/>\n<h3 style=\"text-align: left\">Nuestras cuentas de redes sociales<\/h3>\n<ul style=\"text-align: left\">\n<li class=\"translation-block\">Twitter: <a href=\"https:\/\/twitter.com\/AsicMarketplace\" target=\"_blank\" rel=\"noopener\">https:\/\/twitter.com\/AsicMarketplace<\/a><\/li>\n<li class=\"translation-block\">Facebook: <a href=\"https:\/\/www.facebook.com\/asicmarketplace\/\" target=\"_blank\" rel=\"noopener\">https:\/\/www.facebook.com\/asicmarketplace\/<\/a><\/li>\n<\/ul>\n<hr \/>\n<h3 style=\"text-align: left\">Nunca compartas ning\u00fan OTP o credenciales de inicio de sesi\u00f3n<\/h3>\n<p style=\"text-align: left\">Nunca le pedimos que comparta un Contrase\u00f1a de un solo uso (OTP). Por lo tanto, evite compartir cualquier tipo de OTP si se le solicita, afirmando ser nosotros. No le pedimos sus Datos de Inicio de Sesi\u00f3n ni informaci\u00f3n personal. Por lo tanto, abst\u00e9ngase de compartir sus Credenciales de Inicio de Sesi\u00f3n o cualquier informaci\u00f3n confidencial con nadie.<\/p>\n<hr \/>\n<h3 style=\"text-align: left\">Utilice contrase\u00f1as seguras<\/h3>\n<p style=\"text-align: left\">Para asegurar tu cuenta y proteger tu informaci\u00f3n, aseg\u00farate de utilizar solo contrase\u00f1as fuertes. Usa caracteres en may\u00fasculas y min\u00fasculas, junto con n\u00fameros y s\u00edmbolos \u00fanicos, para proteger tu cuenta y que nadie pueda acceder a ella.<\/p>\n<hr \/>\n<h3 style=\"text-align: left\">No toques enlaces sospechosos<\/h3>\n<p style=\"text-align: left\">La estafa m\u00e1s com\u00fan realizada por hackers y estafadores es el env\u00edo de correos no deseados o enlaces sospechosos a m\u00faltiples usuarios simult\u00e1neamente. Se ha informado que personas de todo el mundo, cuando hacen clic en cualquier enlace de este tipo, sus pantallas se cuelgan, se vuelven negras o permanecen normales. Despu\u00e9s de un tiempo, se les deduce una gran cantidad de dinero de sus cuentas bancarias. Por lo tanto, tenga cuidado de nunca hacer clic en ning\u00fan enlace que se le env\u00ede en cualquier plataforma que afirme ser nosotros o alguien m\u00e1s. Aseg\u00farese de confirmar la autenticidad de la fuente antes de considerar dichos enlaces, o simplemente ign\u00f3relos.<\/p>\n<hr \/>\n<h3 style=\"text-align: left\">C\u00f3mo reportar actividad sospechosa?<\/h3>\n<p style=\"text-align: left\">Aqu\u00ed tienes lo que puedes hacer para proteger tu informaci\u00f3n y evitar volverte vulnerable a actividades fraudulentas:<\/p>\n<hr \/>\n<h3 style=\"text-align: left\">Evitar correos electr\u00f3nicos o llamadas sospechosas<\/h3>\n<p style=\"text-align: left\">Por favor, no responda a correos electr\u00f3nicos o llamadas sospechosas que le pidan su informaci\u00f3n personal y financiera, alegando ser un ejecutivo de nuestra plataforma.<\/p>\n<hr \/>\n<h3 style=\"text-align: left\">Contacte con nuestro Servicio de Atenci\u00f3n al Cliente<\/h3>\n<p style=\"text-align: left\" class=\"translation-block\">Reporte dichos correos electr\u00f3nicos y n\u00fameros de tel\u00e9fono poni\u00e9ndose en contacto con nuestra p\u00e1gina de soporte al cliente utilizando el enlace de nuestra p\u00e1gina  <a href=\"https:\/\/asicmarketplace.com\/es\/contactenos\/\" target=\"_self\">de soporte<\/a> o a trav\u00e9s de nuestro correo electr\u00f3nico oficial y n\u00famero de tel\u00e9fono mencionados arriba.<\/p>\n<hr \/>\n<h3 style=\"text-align: left\">Informe a la Comisi\u00f3n Federal de Comercio<\/h3>\n<p style=\"text-align: left\">Presentar un informe a la Comisi\u00f3n Federal de Comercio si se ha deducido alguna cantidad de su cuenta a trav\u00e9s de medios sospechosos.<\/p>\n<hr \/>\n<h3 style=\"text-align: left\"><b>Ten en cuenta:<\/b><\/h3>\n<ul style=\"text-align: left\">\n<li>Es nuestra responsabilidad informar a nuestros clientes sobre cualquier posible fraude que pueda llevarse a cabo utilizando nuestra identidad algo similar. Aseg\u00farese de estar bien familiarizado con nuestros t\u00e9rminos y condiciones antes de continuar o realizar cualquier transacci\u00f3n.<\/li>\n<\/ul>\n<ul style=\"text-align: left\">\n<li class=\"translation-block\">Puedes visitar nuestra p\u00e1gina de <a href=\"https:\/\/asicmarketplace.com\/es\/preguntas-frecuentes\/\" target=\"_self\">preguntas frecuentes<\/a> para encontrar las respuestas a tus preguntas sobre privacidad, protecci\u00f3n de tu informaci\u00f3n, pagos y seguridad. Sin embargo, para cualquier otra inquietud y consulta, ponte en contacto con nosotros sin dudarlo utilizando los detalles mencionados anteriormente.<\/li>\n<\/ul>\n<p style=\"text-align: left\">Agradecemos su paciencia y su valioso tiempo!<\/p>","protected":false},"excerpt":{"rendered":"Tenemos informaci\u00f3n importante para nuestros valiosos clientes. Ha llegado a nuestro conocimiento que se han llevado a cabo varios intentos maliciosos en nombre de ASIC MARKETPLACE. Damos prioridad a la seguridad y protecci\u00f3n de los datos y transacciones financieras de nuestros clientes. Por lo tanto, queremos proporcionarle instrucciones y medidas esenciales que potencialmente le salvar\u00e1n... <a class=\"view-article\" href=\"https:\/\/asicmarketplace.com\/es\/fraud-prevention\/\">Ver art\u00edculo<\/a>","protected":false},"author":1,"featured_media":0,"parent":0,"menu_order":0,"comment_status":"closed","ping_status":"closed","template":"","meta":{"content-type":"","footnotes":""},"class_list":["post-18316","page","type-page","status-publish","hentry"],"acf":[],"_links":{"self":[{"href":"https:\/\/asicmarketplace.com\/es\/wp-json\/wp\/v2\/pages\/18316","targetHints":{"allow":["GET"]}}],"collection":[{"href":"https:\/\/asicmarketplace.com\/es\/wp-json\/wp\/v2\/pages"}],"about":[{"href":"https:\/\/asicmarketplace.com\/es\/wp-json\/wp\/v2\/types\/page"}],"author":[{"embeddable":true,"href":"https:\/\/asicmarketplace.com\/es\/wp-json\/wp\/v2\/users\/1"}],"replies":[{"embeddable":true,"href":"https:\/\/asicmarketplace.com\/es\/wp-json\/wp\/v2\/comments?post=18316"}],"version-history":[{"count":7,"href":"https:\/\/asicmarketplace.com\/es\/wp-json\/wp\/v2\/pages\/18316\/revisions"}],"predecessor-version":[{"id":21564,"href":"https:\/\/asicmarketplace.com\/es\/wp-json\/wp\/v2\/pages\/18316\/revisions\/21564"}],"wp:attachment":[{"href":"https:\/\/asicmarketplace.com\/es\/wp-json\/wp\/v2\/media?parent=18316"}],"curies":[{"name":"wp","href":"https:\/\/api.w.org\/{rel}","templated":true}]}}