{"id":2414,"date":"2021-02-26T19:34:43","date_gmt":"2021-02-26T19:34:43","guid":{"rendered":"https:\/\/asicmarketplace.com\/?page_id=2414"},"modified":"2023-06-12T19:49:49","modified_gmt":"2023-06-12T14:19:49","slug":"politica-de-privacidad","status":"publish","type":"page","link":"https:\/\/asicmarketplace.com\/es\/privacy-policy\/","title":{"rendered":"Pol\u00edtica de Privacidad"},"content":{"rendered":"<p style=\"text-align: left;\"><\/p>\r\n<p style=\"text-align: left;\">\u00a1Gracias por visitar Asic Marketplace!<\/p>\r\n<p style=\"text-align: left;\">Respetamos su privacidad y estamos comprometidos a protegerla.<\/p>\r\n<p style=\"text-align: left;\">Esta pol\u00edtica de privacidad regula c\u00f3mo asicmarketplace.com recolecta, usa, mantiene y divulga informaci\u00f3n recolectada de usuarios en este sitio web y nuestros productos y servicios.<\/p>\r\n<p style=\"text-align: left;\">Al navegar nuestro sitio web usted est\u00e1 de acuerdo con los t\u00e9rminos de esta pol\u00edtica de privacidad as\u00ed como nuestros t\u00e9rminos de uso.<\/p>\r\n<h3>1. Tipos de Informaci\u00f3n Recolectada<\/h3>\r\n<h4>1.1 Datos de Uso<\/h4>\r\n<p style=\"text-align: left;\">Utilizamos datos de uso para proporcionar nuestros servicios a usted, entender y mejorar los anuncios desplegados que creemos puedan interesarle. Podemos recolectar informaci\u00f3n acerca de c\u00f3mo usar el servicio, por ejemplo, qu\u00e9 p\u00e1ginas visita y qu\u00e9 tanto tiempo est\u00e1 en el servicio.<\/p>\r\n<p style=\"text-align: left;\">Los detalles acerca de los Datos de Uso se recolectan con cada visita al sitio web, que incluye datos del visitante de:<\/p>\r\n<p style=\"text-align: left;\">Los datos de uso incluyen informaci\u00f3n como:<\/p>\r\n<ul style=\"text-align: left;\">\r\n<li>Direcci\u00f3n del Protocolo de Internet del ordenador (direcci\u00f3n IP)<\/li>\r\n<li>Tipo de buscador<\/li>\r\n<li>Versi\u00f3n del buscador<\/li>\r\n<li>Fecha &amp; Hora de acceso<\/li>\r\n<li>Nombre de URL de la p\u00e1gina web visitada en el sitio web<\/li>\r\n<li>Sistema operativo del dispositivo<\/li>\r\n<li>Datos del proveedor de Internet<\/li>\r\n<li>Geolocalizaci\u00f3n<\/li>\r\n<li>Configuraci\u00f3n del idioma<\/li>\r\n<\/ul>\r\n<h4 style=\"text-align: left;\">1.2 Cookies<\/h4>\r\n<p style=\"text-align: left;\">Nuestro sitio web utiliza cookies para proporcionar contenido personalizado a sus intereses y guardar su informaci\u00f3n de ingreso para f\u00e1cil acceso.\nLas cookies son archivos de texto que son enviados a su computadora cuando visita un sitio web.<\/p>\r\n<p style=\"text-align: left;\">Las cookies fueron dise\u00f1adas para ayudar a los sitios web o para trabajar m\u00e1s eficientemente, as\u00ed como proporcionar informaci\u00f3n a los due\u00f1os del sitio.<\/p>\r\n<p style=\"text-align: left;\">Las cookies pueden ser cookies \u201cpersistentes\u201d o  de \u201csesi\u00f3n\u201d. Las cookies persistentes permanecen en su dispositivo por mucho m\u00e1s tiempo (aunque por cu\u00e1nto tiempo depende de la cookie) y permiten al sitio web recordar cosas como sus preferencias e informaci\u00f3n de ingreso durante largos per\u00edodos de tiempo. Las cookies de sesi\u00f3n s\u00f3lo duran mientras visita una p\u00e1gina o sitio en particular; estas desaparecen una vez que cierra su buscador y\/o apaga su computadora.<\/p>\r\n<p style=\"text-align: left;\">Ejemplos de cookies que usamos:<\/p>\r\n<ul style=\"text-align: left;\">\r\n<li>Cookies de sesi\u00f3n<\/li>\r\n<li>Cookies de preferencia<\/li>\r\n<li>Cookies de seguridad<\/li>\r\n<\/ul>\r\n<h4 style=\"text-align: left;\">1.3 Informaci\u00f3n Personal<\/h4>\r\n<ul style=\"text-align: left;\">\r\n<li>Nombre completo<\/li>\r\n<li>Detalles de contacto como n\u00famero de tel\u00e9fono, direcci\u00f3n residencial, direcci\u00f3n de correo electr\u00f3nico y m\u00e1s.<\/li>\r\n<li>Otra informaci\u00f3n personal como im\u00e1genes, detalles de verificaci\u00f3n de identidad, etc.<\/li>\r\n<\/ul>\r\n<h3>2. Uso de Informaci\u00f3n<\/h3>\r\n<p style=\"text-align: left;\">Usamos la informaci\u00f3n recolectada (como se mencion\u00f3 en el punto no. 1) para varios prop\u00f3sitos, incluyendo:<\/p>\r\n<ul style=\"text-align: left;\">\r\n<li>Notificar acerca de cambios en nuestro servicio<\/li>\r\n<li>Proporcionar servicios<\/li>\r\n<li>Permitir la participaci\u00f3n en funciones interactivas de nuestro sitio web<\/li>\r\n<li>Atenci\u00f3n al cliente y soporte<\/li>\r\n<li>Monitorear el uso de nuestros servicios<\/li>\r\n<li>Detectar, prevenir y abordar asuntos t\u00e9cnicos<\/li>\r\n<\/ul>\r\n<h3>3. Transferencia de Informaci\u00f3n<\/h3>\r\n<p style=\"text-align: left;\">Podr\u00edamos transferir informaci\u00f3n personal en computadoras fuera de la jurisdicci\u00f3n de su pa\u00eds, estado o cualquier otra jurisdicci\u00f3n gubernamental en lo que respecta a su ubicaci\u00f3n en donde las leyes de protecci\u00f3n puedan diferir de aquellas en su actual jurisdicci\u00f3n de ubicaci\u00f3n.<\/p>\r\n<p style=\"text-align: left;\">Al ingresar a esta pol\u00edtica de privacidad usted est\u00e1 de acuerdo en que podamos transferir su informaci\u00f3n para y desde cualquier pa\u00eds en el que nosotros, nuestros afiliados (compa\u00f1\u00edas que tienen un inter\u00e9s sustancial en la propiedad ) o nuestros proveedores de servicio est\u00e1n localizados.<\/p>\r\n<p style=\"text-align: left;\">Estamos comprometidos a proteger su informaci\u00f3n personal. Empleamos una variedad de tecnolog\u00edas y procedimientos de seguridad para ayudar a proteger su informaci\u00f3n personal de acceso, uso o divulgaci\u00f3n no autorizadas.<\/p>\r\n<h3>4. Divulgaci\u00f3n de Informaci\u00f3n<\/h3>\r\n<h4 style=\"text-align: left;\">4.1 Requerimientos Legales<\/h4>\r\n<p style=\"text-align: left;\">Podr\u00edamos divulgar su informaci\u00f3n personal:<\/p>\r\n<ul style=\"text-align: left;\">\r\n<li>Para cumplimiento con obligaciones legales<\/li>\r\n<li>Para proteger y defender nuestros derechos<\/li>\r\n<li>Para investigar cualquier infracci\u00f3n posible o no autorizada<\/li>\r\n<li>Para proteger la seguridad personal del usuario<\/li>\r\n<li>Para proteger contra cualquier responsabilidad legal<\/li>\r\n<\/ul>\r\n<h4 style=\"text-align: left;\">4.2 Transferencia de Informaci\u00f3n de Terceros<\/h4>\r\n<p style=\"text-align: left;\">Compartiremos informaci\u00f3n con terceros para administrar su cuenta y completar transacciones en su representaci\u00f3n. Esto puede incluir proporcionar atenci\u00f3n al cliente, soporte t\u00e9cnico y mejorar nuestros productos y servicios. Estos terceros tienen acceso a informaci\u00f3n personal necesaria para realizar sus funciones y proporcionarnos servicios.<\/p>\r\n<p style=\"text-align: left;\">Por favor tome nota de que cuando cuando clic en enlaces de nuestra tienda o sitio web, pueden dirigirse a otros sitios web. No tenemos control sobre estas pol\u00edticas y lo alentamos a que lea la declaraci\u00f3n de privacidad individual de cada empresa.<\/p>\r\n<h3>5. Seguridad de Informaci\u00f3n<\/h3>\r\n<p style=\"text-align: left;\">Nos importa la seguridad de su informaci\u00f3n. Usamos m\u00e9todos est\u00e1ndar de la industria para proteger la informaci\u00f3n personal entregada a nosotros durante la transmisi\u00f3n una vez que es recibida en nuestro sitio. Sin embargo, ninguna medida de seguridad es 100% infalible.<\/p>\r\n<h3>6. Proveedores de Servicio<\/h3>\r\n<p style=\"text-align: left;\">Podr\u00edamos emplear compa\u00f1\u00edas de terceros y\/o sitios web (\u201cProveedores de Servicio\u201d) para realizar tareas en nuestra representaci\u00f3n. Estos terceros s\u00f3lo tienen acceso a su informaci\u00f3n personal para realizar estas tareas y est\u00e1n obligados a no divulgarlas o usarlas para otros prop\u00f3sitos.<\/p>\r\n<h3>7. Anal\u00edtica<\/h3>\r\n<p style=\"text-align: left;\">Podr\u00edamos usar varias herramientas anal\u00edticas para interpretar y analizar las estad\u00edsticas de nuestro sitio web. Estas herramientas nos ayudan a entender c\u00f3mo los visitantes interact\u00faan con nuestro sitio, qu\u00e9 p\u00e1ginas ven y cu\u00e1nto tiempo se quedan en cada p\u00e1gina. Tambi\u00e9n usamos estas herramientas para ayudarnos a mejorar nuestro contenido y servicios.<\/p>\r\n<p style=\"text-align: left;\">Google Analytics es un gran ejemplo de una herramienta de an\u00e1lisis que utilizamos.<\/p>\r\n<p style=\"text-align: left;\">Podr\u00edamos recolectar informaci\u00f3n, incluyendo el sistema operativo de su computadora, tipo de navegador y la direcci\u00f3n IP para administraci\u00f3n del sistema y crear reportes. Esta informaci\u00f3n estad\u00edstica acerca de las acciones de navegaci\u00f3n y patrones de nuestros usuarios no identifica a ning\u00fan individuo. \nTambi\u00e9n podr\u00edamos usar esta informaci\u00f3n para optimizar nuestro sitio web y mejorar la experiencia del usuario.<\/p>\r\n<h3>8. Enlaces a otros Sitios Web<\/h3>\r\n<p style=\"text-align: left;\">Podr\u00edamos usar sitios de redes sociales de terceros (como Facebook y Twitter) para promover nuestro Servicio. Para hacerlo, podr\u00edamos recibir informaci\u00f3n acerca de usted de la red social, como su nombre y direcci\u00f3n de correo electr\u00f3nico.<\/p>\r\n<p style=\"text-align: left;\">Tambi\u00e9n podr\u00edamos permitir a terceros desplegar anuncios en nuestro servicio. Estas compa\u00f1\u00edas podr\u00edan usar informaci\u00f3n (sin incluir su nombre, direcci\u00f3n, correo electr\u00f3nico o n\u00famero de tel\u00e9fono) acerca de sus visitas a este y otros sitios web para proporcionar anuncios acerca de bienes y servicios de inter\u00e9s para usted.<\/p>\r\n<p style=\"text-align: left;\">No somos responsables de pr\u00e1cticas de privacidad de cualquiera de estos terceros. Lo alentamos a que lea las pr\u00e1cticas de privacidad de cualquiera de estos sitios o servicios de terceros que usted visita.<\/p>\r\n<h3>9. Alteraci\u00f3n, modificaci\u00f3n y cambios a esta Pol\u00edtica de Privacidad<\/h3>\r\n<p style=\"text-align: left;\">Esta Pol\u00edtica de Privacidad describe la informaci\u00f3n que recolectamos de usted mientras usa nuestro Servicio y c\u00f3mo usamos esta informaci\u00f3n. Esta pol\u00edtica de privacidad aplica a todos los productos, servicios y sitios web que ofrecemos (colectivamente, el \u201cServicio\u201d). Podr\u00edamos actualizar nuestra Pol\u00edtica de Privacidad peri\u00f3dicamente.<\/p>\r\n<p style=\"text-align: left;\">Le notificaremos de cualquier cambio material a nuestra Pol\u00edtica de Privacidad. Le recomendamos revisar esta p\u00e1gina peri\u00f3dicamente para cualquier cambio en nuestra Pol\u00edtica de Privacidad.<\/p>\r\n<h3>10. Sus Derechos<\/h3>\r\n<p style=\"text-align: left;\">Respetamos su derecho de privacidad y es por eso que protegemos cuidadosamente la informaci\u00f3n que recibimos de usted. En caso contrario, queremos que conozca sus derechos legales, que incluyen:<\/p>\r\n<ul style=\"text-align: left;\">\r\n<li>Usted nos ha permitido procesar su informaci\u00f3n personal, y es libre de retirar este consentimiento.<\/li>\r\n<li>Confirmar que tenemos sus datos y recibir una copia de la informaci\u00f3n almacenada.<\/li>\r\n<li>Derecho a rectificar la informaci\u00f3n imprecisa.<\/li>\r\n<li>Derecho a oponerse a que sus datos personales se utilicen con fines de marketing o elaboraci\u00f3n de perfiles basados en los intereses leg\u00edtimos de un tercero.<\/li>\r\n<li>Derecho a regular y restringir el uso de su informaci\u00f3n personal.<\/li>\r\n<li>Derecho a que su informaci\u00f3n personal sea borrada de nuestro sistema.<\/li>\r\n<\/ul>\r\n<p style=\"text-align: left;\">Por favor tome nota de que existen excepciones a estos derechos y que a\u00fan cuando estamos obligados a proporcionarle esta informaci\u00f3n, pueden existir circunstancias excepcionales en las que no podamos (por ejemplo, debido a que ya no se mantiene la informaci\u00f3n o tenemos un deber primordial de proteger los datos personales), sin embargo, siempre intentaremos responder a su satisfacci\u00f3n.<\/p>\r\n<p style=\"text-align: left;\">Ejercer sus derechos para conocer o borrar informaci\u00f3n personal<\/p>\r\n<p style=\"text-align: left;\">Usted puede ejercer sus derechos en cualquier momento contact\u00e1ndonos a trav\u00e9s de:<\/p>\r\n<ul style=\"text-align: left;\">\r\n<li>Escribirnos a <a href=\"mailto:sales@asicmarketplace.com\">sales@asicmarketplace.com<\/a><\/li>\r\n<li>Llamarnos al <a href=\"tel:12546516565\">+1-254-651-6565<\/a><\/li>\r\n<\/ul>\r\n<p style=\"text-align: left;\">Solo usted o alguien autorizado en su representaci\u00f3n puede solicitar informaci\u00f3n al respecto o borrar su informaci\u00f3n personal. Tambi\u00e9n puede enviar solicitudes en representaci\u00f3n de ni\u00f1os, siempre y cuando tengan la debida autorizaci\u00f3n.<\/p>\r\n<p style=\"text-align: left;\">Su solicitud para eliminar o conocer debe incluir:<\/p>\r\n<ul style=\"text-align: left;\">\r\n<li>Si est\u00e1 enviado una solicitud para usted, por favor elija el tipo de solicitante apropiado y proporcione suficiente informaci\u00f3n para que podamos verificar que usted es la persona correcta.<\/li>\r\n<li>Proporcione suficiente informaci\u00f3n para ayudarnos a entender, evaluar y responder.<\/li>\r\n<\/ul>\r\n<p style=\"text-align: left;\">Necesitamos asegurarnos de que usted es qui\u00e9n dice y que tiene el derecho de ver la informaci\u00f3n que mantenemos. Tambi\u00e9n necesitamos que mantenga su informaci\u00f3n personal segura.<\/p>\r\n<p style=\"text-align: left;\">Entendemos que compartir su informaci\u00f3n personal con otros puede ser inc\u00f3modo. Solo usaremos su informaci\u00f3n personal para verificar que est\u00e1 solicitando la informaci\u00f3n correcta y que tiene derecho a solicitar dicha informaci\u00f3n.<\/p>\r\n<p style=\"text-align: left;\">Si no tiene una cuenta en nuestro sitio web, no es necesario que cree una cuenta para enviar su solicitud para conocer o eliminar su informaci\u00f3n personal. Sin embargo, puede solicitar la misma informaci\u00f3n a trav\u00e9s de una cuenta protegida por contrase\u00f1a. Adem\u00e1s, s\u00f3lo utilizaremos su informaci\u00f3n personal para verificar su identidad y autorizarle a realizar la solicitud.<\/p>\r\n<h3>11. \u00a1Cont\u00e1ctenos!<\/h3>\r\n<p style=\"text-align: left;\" class=\"translation-block\">Por favor cont\u00e1ctenos en <a href=\"mailto:sales@asicmarketplace.com\" target=\"_self\">sales@asicmarketplace.com<\/a> si tiene alguna duda, consulta o pregunta.<\/p>","protected":false},"excerpt":{"rendered":"Gracias por visitar Asic Marketplace. Respetamos su privacidad y nos comprometemos a protegerla. Esta pol\u00edtica de privacidad rige la forma en que asicmarketplace.com recopila, utiliza, mantiene y divulga la informaci\u00f3n recogida de los usuarios de este sitio web y de nuestros productos y servicios. Al navegar por nuestro sitio web, usted acepta los t\u00e9rminos de esta pol\u00edtica de privacidad, as\u00ed como... <a class=\"view-article\" href=\"https:\/\/asicmarketplace.com\/es\/privacy-policy\/\">Ver art\u00edculo<\/a>","protected":false},"author":1,"featured_media":0,"parent":0,"menu_order":0,"comment_status":"closed","ping_status":"closed","template":"","meta":{"content-type":"","footnotes":""},"class_list":["post-2414","page","type-page","status-publish","hentry"],"acf":[],"_links":{"self":[{"href":"https:\/\/asicmarketplace.com\/es\/wp-json\/wp\/v2\/pages\/2414","targetHints":{"allow":["GET"]}}],"collection":[{"href":"https:\/\/asicmarketplace.com\/es\/wp-json\/wp\/v2\/pages"}],"about":[{"href":"https:\/\/asicmarketplace.com\/es\/wp-json\/wp\/v2\/types\/page"}],"author":[{"embeddable":true,"href":"https:\/\/asicmarketplace.com\/es\/wp-json\/wp\/v2\/users\/1"}],"replies":[{"embeddable":true,"href":"https:\/\/asicmarketplace.com\/es\/wp-json\/wp\/v2\/comments?post=2414"}],"version-history":[{"count":17,"href":"https:\/\/asicmarketplace.com\/es\/wp-json\/wp\/v2\/pages\/2414\/revisions"}],"predecessor-version":[{"id":15526,"href":"https:\/\/asicmarketplace.com\/es\/wp-json\/wp\/v2\/pages\/2414\/revisions\/15526"}],"wp:attachment":[{"href":"https:\/\/asicmarketplace.com\/es\/wp-json\/wp\/v2\/media?parent=2414"}],"curies":[{"name":"wp","href":"https:\/\/api.w.org\/{rel}","templated":true}]}}