{"id":2670,"date":"2021-02-27T19:02:32","date_gmt":"2021-02-27T19:02:32","guid":{"rendered":"https:\/\/asicmarketplace.com\/?page_id=2670"},"modified":"2023-06-27T13:31:34","modified_gmt":"2023-06-27T08:01:34","slug":"terminos-y-condiciones","status":"publish","type":"page","link":"https:\/\/asicmarketplace.com\/es\/terms-and-conditions\/","title":{"rendered":"T\u00e9rminos y condiciones"},"content":{"rendered":"<h3 style=\"text-align: left;\">Condiciones Generales<\/h3>\n<p style=\"text-align: left;\">\u00a1Hola y bienvenidos a Asic Marketplace!<\/p>\n<p style=\"text-align: left;\">Asic Marketplace opera este sitio web. A trav\u00e9s del sitio, los t\u00e9rminos \u201cnosotros\u201d y \u201cnuestros\u201d se refieren a Asic Marketplace.<\/p>\n<p style=\"text-align: left;\">Por favor tome nota que durante ciertos per\u00edodos promocionales, este sitio puede tener t\u00e9rminos, condiciones y avisos especiales publicados adem\u00e1s de o en lugar de los t\u00e9rminos, condiciones y avisos de otra manera aplicable a este sitio. Los t\u00e9rminos, condiciones y avisos est\u00e1n en la p\u00e1gina de T\u00e9rminos de Uso.<\/p>\n<p style=\"text-align: left;\">Nos reservamos el derecho de modificar o reemplazar estos T\u00e9rminos de Uso publicando actualizaciones y cambios a nuestro sitio web. Es responsabilidad de usted revisar esta p\u00e1gina peri\u00f3dicamente para revisar los cambios. Su uso del o acceso continuo al sitio web despu\u00e9s de publicar cualquier cambio constituye la aceptaci\u00f3n de estos cambios.<\/p>\n<p style=\"text-align: left;\">Nos reservamos el derecho de negar el servicio a cualquier persona, en cualquier momento, por las razones que mejor conozcamos. No debe reproducir, duplicar, copiar o explotar ninguna parte del producto, utilizar el producto o acceder al producto o a cualquier contacto del sitio web sin nuestro permiso.<\/p>\n<p style=\"text-align: left;\">Los contenidos de estos T\u00e9rminos de Uso est\u00e1n incluidos s\u00f3lo para su conveniencia y no limitar\u00e1n o de otra manera afectar\u00e1n estos derechos y t\u00e9rminos.<\/p>\n<h3 style=\"text-align: left;\">Limitaci\u00f3n de Responsabilidad<\/h3>\n<p style=\"text-align: left;\">La informaci\u00f3n proporcionada en este Sitio web es proporcionada \u201ccomo es\u201d sin garant\u00eda o condici\u00f3n de cualquier tipo, ya sea expresa o impl\u00edcita. En la medida en que lo permita la legislaci\u00f3n aplicable, La Gerencia renuncia a todas las garant\u00edas y condiciones con respecto a esta informaci\u00f3n, incluidas todas las garant\u00edas y condiciones impl\u00edcitas de comerciabilidad, adecuaci\u00f3n a un fin determinado y no infracci\u00f3n.<\/p>\n<h3 style=\"text-align: left;\">Aceptaci\u00f3n de T\u00e9rminos de Uso<\/h3>\n<p style=\"text-align: left;\">Al usar nuestro Sitio y Servicios y\/o al dar clic en \u201cEstoy de acuerdo\u201d debajo de estos T\u00e9rminos, usted est\u00e1 de acuerdo en que:<\/p>\n<ol style=\"text-align: left;\">\n<li>Usted usar\u00e1 nuestro Sitio y Servicios de acuerdo con estos T\u00e9rminos y no violar\u00e1 ninguna ley aplicable;<\/li>\n<li>Usted tiene por lo menos 18 a\u00f1os;<\/li>\n<li>Usted cumplir\u00e1 con todas las leyes aplicables en lo que concierne a la transmisi\u00f3n de informaci\u00f3n t\u00e9cnica exportada de los Estados Unidos o el pa\u00eds del cual accede a nuestro Sitio;<\/li>\n<li>Usted no usar\u00e1 nuestro Sitio para cualquier prop\u00f3sito que sea ilegal o prohibido por estos T\u00e9rminos;<\/li>\n<li>Usted no interferir\u00e1 con o perturbar\u00e1 nuestro Sitio o Servicios (incluyendo hackeo), ni intentar\u00e1 ganar acceso no autorizado a ellos a trav\u00e9s de la miner\u00eda de contrase\u00f1as u otros medios;<\/li>\n<li>Usted no transmitir\u00e1 a trav\u00e9s de nuestro Sitio cualquier informaci\u00f3n que infrinja los derechos de propiedad intelectual de otra persona.<\/li>\n<\/ol>\n<h3 style=\"text-align: left;\">Derechos y Obligaciones<\/h3>\n<p style=\"text-align: left;\">No somos responsables por la conducta, ya sea cuando est\u00e9 en l\u00ednea o desconectado, de cualquier usuario de nuestro Sitio o Servicios. Usted es exclusivamente responsable de sus interacciones con otros usuarios de nuestro Sitio y Servicios y cualquier otra parte con quien interact\u00fae a trav\u00e9s de nuestro Sitio y Servicios. Nos reservamos el derecho pero no tenemos obligaci\u00f3n de monitorear disputas entre usted y otros usuarios.<\/p>\n<p style=\"text-align: left;\">Tampoco somos responsables por cualquier da\u00f1o causado por virus u otros componentes da\u00f1inos en su sistema.<\/p>\n<p style=\"text-align: left;\">Le proporcionaremos informaci\u00f3n acerca de las diferentes maneras en las que recolectamos y usamos informaci\u00f3n personal de acuerdo con las leyes aplicables. Si est\u00e1 de acuerdo en que podamos procesar su informaci\u00f3n personal de acuerdo con nuestra Pol\u00edtica de Privacidad, entonces solo recolectamos dicha informaci\u00f3n seg\u00fan sea necesario para que proporcionemos servicios que cumplan los requerimientos.<\/p>\n<h3 style=\"text-align: left;\">Pol\u00edtica de Privacidad<\/h3>\n<p style=\"text-align: left;\">Su privacidad es importante para nosotros. Mantendremos la Pol\u00edtica de Privacidad para informar a nuestros clientes c\u00f3mo recolectamos, usamos y protegemos la informaci\u00f3n entregada a nuestro sitio web. Por favor lea esta declaraci\u00f3n cuidadosamente antes de usar el Sitio o entregar cualquier informaci\u00f3n a nosotros porque describe c\u00f3mo usamos su informaci\u00f3n personal y protegemos su privacidad cuando usa este Sitio. Al usar este Sitio, usted est\u00e1 de acuerdo que los t\u00e9rminos de esta Pol\u00edtica de Privacidad regir\u00e1n su uso. Si usted no est\u00e1 de acuerdo con estos t\u00e9rminos y condiciones, no use nuestro Sitio para cualquier prop\u00f3sito ni nos proporcione informaci\u00f3n personal acerca de usted.<\/p>\n<h3 style=\"text-align: left;\">Est\u00e1ndares de Uso<\/h3>\n<ol style=\"text-align: left;\">\n<li>Usted no podr\u00e1 usar el Sitio para cualquier prop\u00f3sito ilegal o no autorizado. En el uso de nuestro Sitio, usted no debe violar ninguna ley en su jurisdicci\u00f3n (incluyendo pero no limitado a leyes de derechos de autor).<\/li>\n<li>Usted es responsable por toda la actividad bajo su cuenta y est\u00e1 de acuerdo que no vender\u00e1, transferir\u00e1, licenciar\u00e1 o asignar\u00e1 su cuenta, seguidores, nombre de usuario o cualquier informaci\u00f3n personal relacionada a su cuenta. Tambi\u00e9n est\u00e1 de acuerdo que no solicitar\u00e1, recolectar\u00e1 o usar\u00e1 sus credenciales de ingreso a otros usuarios.<\/li>\n<li>Usted est\u00e1 de acuerdo en que podamos remover cualquier contenido que viole estos T\u00e9rminos en cualquier momento, sin previo aviso y bajo nuestra entera discreci\u00f3n. Tambi\u00e9n podr\u00edamos terminar el acceso de un usuario a nuestro Sitio al recibir una queja formal u orden legal en relaci\u00f3n con la violaci\u00f3n de estas Condiciones por parte de dicho usuario.<\/li>\n<li>Usted no podr\u00e1 usar el Sitio para cualquier prop\u00f3sito ilegal y est\u00e1 de acuerdo en cumplir con todas las leyes y regulaciones aplicables respecto al uso de nuestro Sitio. Usted tiene prohibido violar o intentar violar la seguridad del Sitio, incluyendo, sin limitaci\u00f3n:<\/li>\n<\/ol>\n<p style=\"text-align: left;\">a. Acceder informaci\u00f3n que no es para usted o ingresar a un servidor o a una cuenta a la que usted no tenga autorizado ingresar;<\/p>\n<p style=\"text-align: left;\">b. Intentar sondear, escanear o probar la vulnerabilidad de un sistema o red o violar las medidas de seguridad o autenticaci\u00f3n sin la debida autorizaci\u00f3n;<\/p>\n<p style=\"text-align: left;\">c. Intentar interferir con el servicio de cualquier usuario, host o red, incluyendo, sin limitaci\u00f3n, el env\u00edo de un virus al Sitio, la sobrecarga, el \"flooding\", el \"spamming\" o cualquier otra actividad fraudulenta.<\/p>\n<h3 style=\"text-align: left;\">Cuenta, Contrase\u00f1a y Seguridad<\/h3>\n<p style=\"text-align: left;\">Nos tomamos su seguridad y privacidad muy seriamente. Utilizamos la tecnolog\u00eda de encriptaci\u00f3n est\u00e1ndar del sector para proteger la informaci\u00f3n de su cuenta y su contrase\u00f1a contra el acceso no autorizado.<\/p>\n<p style=\"text-align: left;\">Cuando registre su cuenta con nosotros, usted necesitar\u00e1 crear una contrase\u00f1a. Usted es responsable por proteger la confidencialidad de su contrase\u00f1a e informaci\u00f3n de su cuenta. Usted es tambi\u00e9n responsable por todas las actividades que ocurran bajo su cuenta o contrase\u00f1a. Si cree que alguien ha obtenido acceso no autorizado a su contrase\u00f1a o cuenta, p\u00f3ngase en contacto con nosotros inmediatamente en <a href=\"mailto:sales@asicmarketplace.com\">sales@asicmarketplace.com<\/a>.<\/p>\n<h3 style=\"text-align: left;\">Derechos de Propiedad Intelectual<\/h3>\n<p style=\"text-align: left;\">A menos que sea indicado de otra manera, todos los derechos de propiedad intelectual, incluyendo los derechos de autor, patentes, marcas y secretos comerciales de este Sitio, nos pertenecen a nosotros o a nuestros licenciantes. Usted no puede reproducir, modificar, mostrar o distribuir ninguna parte de este Sitio sin nuestra previa autorizaci\u00f3n por escrito. Usted tampoco deber\u00e1 aplicar ingenier\u00eda inversa a cualquier aspecto de este Sitio, crear trabajos derivados basados en \u00e9l o intentar acceder a cualquier \u00e1rea no destinada al uso p\u00fablico sin obtener nuestro permiso por escrito. Cualquier uso no autorizado dar\u00e1 lugar a acciones legales inmediatas contra los infractores en virtud del derecho internacional y a acciones civiles en el sistema judicial.<\/p>\n<h3 style=\"text-align: left;\">Modificaci\u00f3n de los Productos y sus Precios<\/h3>\n<p style=\"text-align: left;\">No podemos notificarle de ning\u00fan cambio significativo del producto que podamos hacer al enviarle un correo electr\u00f3nico a la direcci\u00f3n asociada a su cuenta o publicando un aviso en nuestro sitio web. Si usted no est\u00e1 de acuerdo con los cambios, usted debe dejar de usar nuestro sitio y sus Servicios. El uso continuo de nuestro sitio y Servicios despu\u00e9s de cualquier cambio indicar\u00e1 su reconocimiento de dicho cambio y de estar obligado por los t\u00e9rminos y condiciones de estos T\u00e9rminos de Uso modificados.<\/p>\n<p style=\"text-align: left;\"><strong>Arbitraje<\/strong><\/p>\n<p style=\"text-align: left;\">Arbitraje significa que las partes en una disputa est\u00e1n de acuerdo en renunciar a su derecho a un juicio con jurado y, en su lugar, que sus reclamaciones sean atendidas por un \u00e1rbitro.<\/p>\n<p style=\"text-align: left;\">En caso de disputa, si se elige el arbitraje, el usuario est\u00e1 de acuerdo en que todas las disputas sean arbitradas individualmente y no como una acci\u00f3n colectiva u otra acci\u00f3n representativa. El usuario tambi\u00e9n acepta no participar en una acci\u00f3n representativa durante o despu\u00e9s del proceso de arbitraje.<\/p>\n<h3 style=\"text-align: left;\">Exactitud de la Informaci\u00f3n de Facturaci\u00f3n<\/h3>\n<p style=\"text-align: left;\">Todos los pedidos realizados con nosotros est\u00e1n sujetos a verificaci\u00f3n de disponibilidad de producto y ser\u00e1n procesados solo despu\u00e9s de la confirmaci\u00f3n de disponibilidad y de la recepci\u00f3n del pago. Nos reservamos el derecho de rechazar cualquier pedido que realice con nosotros. Bajo nuestra entera discreci\u00f3n, podemos limitar o cancelar cantidades compradas por persona, casa o pedido. Estas restricciones pueden incluir pedidos realizados bajo la misma cuenta de cliente, tarjeta de cr\u00e9dito y\/u pedidos usando la misma direcci\u00f3n de facturaci\u00f3n y\/o env\u00edo. Si cambiamos o cancelamos un pedido, podemos intentar notificarle a usted por correo electr\u00f3nico y \/o direcci\u00f3n de facturaci\u00f3n \/ n\u00famero de tel\u00e9fono proporcionado al momento de la realizaci\u00f3n del pedido. Nos reservamos el derecho de limitar o prohibir pedidos que, bajo nuestro solo juicio parezcan ser de concesionarios, revendedores o distribuidores<\/p>\n<p style=\"text-align: left;\">Usted est\u00e1 de acuerdo en proporcionar informaci\u00f3n de compra y de cuenta actual, completa y precisa para todas las compras realizadas en nuestra tienda. Se compromete a actualizar puntualmente su cuenta y otros datos, incluyendo su direcci\u00f3n de correo electr\u00f3nico, n\u00fameros de tarjetas de cr\u00e9dito y fechas de expiraci\u00f3n, para que podamos completar sus transacciones y ponernos en contacto con usted cuando sea necesario.<\/p>\n<h3 style=\"text-align: left;\">Contenido de Enlaces de Terceros<\/h3>\n<p style=\"text-align: left;\">Usted reconoce y est\u00e1 de acuerdo en que no somos responsables de la precisi\u00f3n, legalidad o decencia del material contenido en enlaces de terceros. No hacemos ninguna declaraci\u00f3n o garant\u00eda sobre la calidad, seguridad o idoneidad de cualquier aspecto de otros sitios web. La existencia de un enlace a otro sitio web no implica nuestra aprobaci\u00f3n de dicho sitio web.<\/p>\n<h3 style=\"text-align: left;\">Pol\u00edtica de Garant\u00eda<\/h3>\n<p style=\"text-align: left;\">Todos nuestros equipos de minado vienen con una garant\u00eda de fabricante que var\u00eda de 180-360 d\u00edas de acuerdo con la marca y modelo del minero. NO podemos ser responsables de cualquier da\u00f1o o defecto en el equipo de minado.<\/p>\n<p style=\"text-align: left;\">Nuestros equipos de minado son proporcionados por los mejores fabricantes de la industria. Entendemos que comprar un equipo de minado es una inversi\u00f3n importante y queremos asegurarle que su compra est\u00e1 en orden.<\/p>\n<p style=\"text-align: left;\">Usted puede referirse a la pol\u00edtica de garant\u00eda del fabricante para entender su manera de manejar inquietudes de la garant\u00eda.<\/p>\n<h3 style=\"text-align: left;\">Descargo de Responsabilidad<\/h3>\n<p style=\"text-align: left;\">No garantizamos la precisi\u00f3n, integridad o actualidad del Contenido o de los datos o resultados obtenidos por el uso del Sitio. Usted entiende que utiliza el Contenido bajo su propio riesgo.<\/p>\n<p style=\"text-align: left;\">Usted est\u00e1 de acuerdo en que no seremos responsables de cualquier da\u00f1o o p\u00e9rdida que surja de su uso del Sitio, ya sea directa, indirecta, incidental, consecuente o de otro tipo.<\/p>\n<p style=\"text-align: left;\">Usted se compromete a indemnizarnos y a eximirnos de cualquier responsabilidad, p\u00e9rdida o gasto (incluidos los honorarios legales razonables) que se deriven de su uso de este Sitio o de la violaci\u00f3n de estas Condiciones de Uso.<\/p>\n<h3 style=\"text-align: left;\">Cont\u00e1ctenos<\/h3>\n<p style=\"text-align: left;\"><a href=\"mailto:sales@asicmarketplace.com\">sales@asicmarketplace.com<\/a><br \/>\n<a href=\"tel:12546516565\">+1-254-651-6565<\/a><br \/>\n8 Yip Shing St, Castle Peak Road, Piso B, 8\/F,<br \/>\nTung Luen Ind, Bldg. Kwai Chung, Hong Kong<\/p>","protected":false},"excerpt":{"rendered":"Condiciones generales \u00a1Hola y bienvenido a Asic Marketplace! Asic Marketplace gestiona este sitio web. En todo el sitio, los t\u00e9rminos \u201cnosotros\u201d, \u201cnos\u201d y \u201cnuestro\u201d se refieren a Asic Marketplace. Tenga en cuenta que durante ciertos per\u00edodos promocionales, este sitio puede tener t\u00e9rminos, condiciones y avisos especiales publicados adem\u00e1s de o en lugar de los t\u00e9rminos, condiciones y avisos... <a class=\"view-article\" href=\"https:\/\/asicmarketplace.com\/es\/terms-and-conditions\/\">Ver art\u00edculo<\/a>","protected":false},"author":1,"featured_media":0,"parent":0,"menu_order":0,"comment_status":"closed","ping_status":"closed","template":"","meta":{"content-type":"","footnotes":""},"class_list":["post-2670","page","type-page","status-publish","hentry"],"acf":[],"_links":{"self":[{"href":"https:\/\/asicmarketplace.com\/es\/wp-json\/wp\/v2\/pages\/2670","targetHints":{"allow":["GET"]}}],"collection":[{"href":"https:\/\/asicmarketplace.com\/es\/wp-json\/wp\/v2\/pages"}],"about":[{"href":"https:\/\/asicmarketplace.com\/es\/wp-json\/wp\/v2\/types\/page"}],"author":[{"embeddable":true,"href":"https:\/\/asicmarketplace.com\/es\/wp-json\/wp\/v2\/users\/1"}],"replies":[{"embeddable":true,"href":"https:\/\/asicmarketplace.com\/es\/wp-json\/wp\/v2\/comments?post=2670"}],"version-history":[{"count":5,"href":"https:\/\/asicmarketplace.com\/es\/wp-json\/wp\/v2\/pages\/2670\/revisions"}],"predecessor-version":[{"id":15527,"href":"https:\/\/asicmarketplace.com\/es\/wp-json\/wp\/v2\/pages\/2670\/revisions\/15527"}],"wp:attachment":[{"href":"https:\/\/asicmarketplace.com\/es\/wp-json\/wp\/v2\/media?parent=2670"}],"curies":[{"name":"wp","href":"https:\/\/api.w.org\/{rel}","templated":true}]}}