{"id":13474,"date":"2022-06-27T07:04:56","date_gmt":"2022-06-27T07:04:56","guid":{"rendered":"https:\/\/asicmarketplace.com\/?post_type=product&#038;p=13474"},"modified":"2026-03-10T09:13:11","modified_gmt":"2026-03-10T03:43:11","slug":"ipollo-g1-grin-coin-miner-36gps","status":"publish","type":"product","link":"https:\/\/asicmarketplace.com\/es\/product\/ipollo-g1-grin-coin-miner-36gps\/","title":{"rendered":"iPollo G1 Grin Coin Miner (36Gps)"},"content":{"rendered":"<h3 style=\"text-align: center;\">RESUMEN<\/h3>\n<p style=\"text-align: center;\"><strong>iPollo G1<\/strong> (36GPS) de <strong>Cuckatoo32<\/strong> con una potencia hash de<strong> 36 gps<\/strong> en <strong>2800W<\/strong> consumo de energ\u00eda.<\/p>\n<h3 style=\"text-align: center;\">ESPECIFICACIONES<\/h3>\n<table class=\"alignleft\">\n<tbody>\n<tr>\n<th scope=\"row\">Fabricante<\/th>\n<td>Ipollo<\/td>\n<\/tr>\n<tr>\n<th scope=\"row\">Modelo<\/th>\n<td>G1<\/td>\n<\/tr>\n<tr>\n<th scope=\"row\">Tambi\u00e9n conocido como<\/th>\n<td>Minero Ipollo G1 Grin<\/td>\n<\/tr>\n<tr>\n<th scope=\"row\">Liberar<\/th>\n<td>Diciembre de 2020<\/td>\n<\/tr>\n<tr>\n<th scope=\"row\">Ventilador(es)<\/th>\n<td>4<\/td>\n<\/tr>\n<tr>\n<th scope=\"row\">Potencia<\/th>\n<td>2800W<\/td>\n<\/tr>\n<tr>\n<th scope=\"row\">Algoritmo<\/th>\n<td>Cuckatoo32<\/td>\n<\/tr>\n<tr>\n<th scope=\"row\">Interfaz - Ethernet<\/th>\n<td>Ethernet<\/td>\n<\/tr>\n<tr>\n<th scope=\"row\">Peso<\/th>\n<td>20Kg<\/td>\n<\/tr>\n<tr>\n<th scope=\"row\">Nivel de ruido<\/th>\n<td>75 dB<\/td>\n<\/tr>\n<tr>\n<th scope=\"row\">Tama\u00f1o<\/th>\n<td>158 x 350 x 355 mm<\/td>\n<\/tr>\n<\/tbody>\n<\/table>\n<p><!-- .elementskit-card END --><\/p>","protected":false},"excerpt":{"rendered":"RESUMEN iPollo G1 (36Gps) del algoritmo Cuckatoo32 con una potencia de c\u00e1lculo de 36Gps y un consumo de energ\u00eda de 2800W. ESPECIFICACIONES Fabricante Ipollo Modelo G1 Tambi\u00e9n conocido como Ipollo G1 Grin Miner Lanzamiento Diciembre 2020 Ventilador(es) 4 Potencia 2800W Algoritmo Cuckatoo32 Interfaz Ethernet Peso 20Kg Nivel de ruido 75db Tama\u00f1o 158 x 350 x 355mm","protected":false},"featured_media":16145,"comment_status":"open","ping_status":"closed","template":"","meta":{"content-type":""},"product_brand":[505],"product_cat":[196],"product_tag":[],"class_list":{"0":"post-13474","1":"product","2":"type-product","3":"status-publish","4":"has-post-thumbnail","6":"product_brand-asic-miners","7":"product_cat-ipollo","9":"first","10":"outofstock","11":"shipping-taxable","12":"purchasable","13":"product-type-variable","14":"has-default-attributes"},"acf":[],"_links":{"self":[{"href":"https:\/\/asicmarketplace.com\/es\/wp-json\/wp\/v2\/product\/13474","targetHints":{"allow":["GET"]}}],"collection":[{"href":"https:\/\/asicmarketplace.com\/es\/wp-json\/wp\/v2\/product"}],"about":[{"href":"https:\/\/asicmarketplace.com\/es\/wp-json\/wp\/v2\/types\/product"}],"replies":[{"embeddable":true,"href":"https:\/\/asicmarketplace.com\/es\/wp-json\/wp\/v2\/comments?post=13474"}],"wp:featuredmedia":[{"embeddable":true,"href":"https:\/\/asicmarketplace.com\/es\/wp-json\/wp\/v2\/media\/16145"}],"wp:attachment":[{"href":"https:\/\/asicmarketplace.com\/es\/wp-json\/wp\/v2\/media?parent=13474"}],"wp:term":[{"taxonomy":"product_brand","embeddable":true,"href":"https:\/\/asicmarketplace.com\/es\/wp-json\/wp\/v2\/product_brand?post=13474"},{"taxonomy":"product_cat","embeddable":true,"href":"https:\/\/asicmarketplace.com\/es\/wp-json\/wp\/v2\/product_cat?post=13474"},{"taxonomy":"product_tag","embeddable":true,"href":"https:\/\/asicmarketplace.com\/es\/wp-json\/wp\/v2\/product_tag?post=13474"}],"curies":[{"name":"wp","href":"https:\/\/api.w.org\/{rel}","templated":true}]}}