{"id":13481,"date":"2022-06-27T07:03:55","date_gmt":"2022-06-27T07:03:55","guid":{"rendered":"https:\/\/asicmarketplace.com\/?post_type=product&#038;p=13481"},"modified":"2026-04-27T09:13:05","modified_gmt":"2026-04-27T03:43:05","slug":"ipollo-g1-mini-grin-coin-miner-1-2gh","status":"publish","type":"product","link":"https:\/\/asicmarketplace.com\/es\/product\/ipollo-g1-mini-grin-coin-miner-1-2gh\/","title":{"rendered":"iPollo G1 Mini Grin Coin Miner (1.2Gh)"},"content":{"rendered":"<h3 style=\"text-align: center;\">RESUMEN<\/h3>\n<p style=\"text-align: center;\"><strong>iPollo G1 Mini<\/strong> (1.2Gh) de <strong>Cuckatoo32<\/strong> con una potencia hash de<strong> 1.2Gh<\/strong> en <strong>120W<\/strong> consumo de energ\u00eda.<\/p>\n<h3 style=\"text-align: center;\">ESPECIFICACIONES<\/h3>\n<table class=\"alignleft\">\n<tbody>\n<tr>\n<th scope=\"row\">Fabricante<\/th>\n<td>Ipollo<\/td>\n<\/tr>\n<tr>\n<th scope=\"row\">Modelo<\/th>\n<td>G1 Mini<\/td>\n<\/tr>\n<tr>\n<th scope=\"row\">Tambi\u00e9n conocido como<\/th>\n<td>Ipollo G1 Mini Grin Miner<\/td>\n<\/tr>\n<tr>\n<th scope=\"row\">Liberar<\/th>\n<td>Enero 2021<\/td>\n<\/tr>\n<tr>\n<th scope=\"row\">Voltaje<\/th>\n<td>100-240V<\/td>\n<\/tr>\n<tr>\n<th scope=\"row\">Potencia<\/th>\n<td>120W<\/td>\n<\/tr>\n<tr>\n<th scope=\"row\">Algoritmo<\/th>\n<td>Cuckatoo32<\/td>\n<\/tr>\n<tr>\n<th scope=\"row\">Interfaz - Ethernet<\/th>\n<td>Ethernet<\/td>\n<\/tr>\n<tr>\n<th scope=\"row\">Peso<\/th>\n<td>2.50Kg<\/td>\n<\/tr>\n<tr>\n<th scope=\"row\">Nivel de ruido<\/th>\n<td>40 dB<\/td>\n<\/tr>\n<tr>\n<th scope=\"row\">Tama\u00f1o<\/th>\n<td>148 x 158 x 78 mm<\/td>\n<\/tr>\n<\/tbody>\n<\/table>\n<p><!-- .elementskit-card END --><\/p>","protected":false},"excerpt":{"rendered":"RESUMEN iPollo G1 Mini (1.2Gh) del algoritmo Cuckatoo32 con una potencia de c\u00e1lculo de 1.2Gh y un consumo de energ\u00eda de 120W. ESPECIFICACIONES Fabricante Ipollo Modelo G1 Mini Tambi\u00e9n conocido como Ipollo G1 Mini Grin Miner Lanzamiento Enero 2021 Voltaje 100-240V Potencia 120W Algoritmo Cuckatoo32 Interfaz Ethernet Peso 2.50Kg Nivel de ruido 40db Tama\u00f1o 148 x 158 x 78mm","protected":false},"featured_media":16004,"comment_status":"open","ping_status":"closed","template":"","meta":{"content-type":""},"product_brand":[505],"product_cat":[196],"product_tag":[],"class_list":{"0":"post-13481","1":"product","2":"type-product","3":"status-publish","4":"has-post-thumbnail","6":"product_brand-asic-miners","7":"product_cat-ipollo","8":"product_shipping_class-shipping-cost","10":"first","11":"outofstock","12":"shipping-taxable","13":"purchasable","14":"product-type-variable","15":"has-default-attributes"},"acf":[],"_links":{"self":[{"href":"https:\/\/asicmarketplace.com\/es\/wp-json\/wp\/v2\/product\/13481","targetHints":{"allow":["GET"]}}],"collection":[{"href":"https:\/\/asicmarketplace.com\/es\/wp-json\/wp\/v2\/product"}],"about":[{"href":"https:\/\/asicmarketplace.com\/es\/wp-json\/wp\/v2\/types\/product"}],"replies":[{"embeddable":true,"href":"https:\/\/asicmarketplace.com\/es\/wp-json\/wp\/v2\/comments?post=13481"}],"wp:featuredmedia":[{"embeddable":true,"href":"https:\/\/asicmarketplace.com\/es\/wp-json\/wp\/v2\/media\/16004"}],"wp:attachment":[{"href":"https:\/\/asicmarketplace.com\/es\/wp-json\/wp\/v2\/media?parent=13481"}],"wp:term":[{"taxonomy":"product_brand","embeddable":true,"href":"https:\/\/asicmarketplace.com\/es\/wp-json\/wp\/v2\/product_brand?post=13481"},{"taxonomy":"product_cat","embeddable":true,"href":"https:\/\/asicmarketplace.com\/es\/wp-json\/wp\/v2\/product_cat?post=13481"},{"taxonomy":"product_tag","embeddable":true,"href":"https:\/\/asicmarketplace.com\/es\/wp-json\/wp\/v2\/product_tag?post=13481"}],"curies":[{"name":"wp","href":"https:\/\/api.w.org\/{rel}","templated":true}]}}