{"id":15645,"date":"2022-11-30T15:37:01","date_gmt":"2022-11-30T10:07:01","guid":{"rendered":"https:\/\/asicmarketplace.com\/?post_type=product&#038;p=15645"},"modified":"2026-03-26T15:19:30","modified_gmt":"2026-03-26T09:49:30","slug":"bitmain-antminer-s19-pro-hydro-btc-miner","status":"publish","type":"product","link":"https:\/\/asicmarketplace.com\/es\/product\/bitmain-antminer-s19-pro-hydro-btc-miner\/","title":{"rendered":"Bitmain Antminer S19 Pro Hydro BTC Miner"},"content":{"rendered":"<h3 style=\"text-align: center;\">RESUMEN<\/h3>\n<p style=\"text-align: center;\"><strong>Antminer S19 Pro hidro <\/strong>(184Th) de <strong><b>SHA-256<\/b><\/strong>\u00a0con una potencia hash de<strong> 184Th\/s<\/strong> en <strong>5428W<\/strong> consumo de energ\u00eda.<\/p>\n<h3 style=\"text-align: center;\">ESPECIFICACIONES<\/h3>\n<table class=\"table table-striped\">\n<tbody>\n<tr>\n<th scope=\"row\">Fabricante<\/th>\n<td>Bitmain<\/td>\n<\/tr>\n<tr>\n<th scope=\"row\">Modelo<\/th>\n<td>Antminer S19 Pro hidro<\/td>\n<\/tr>\n<tr>\n<th scope=\"row\">Liberar<\/th>\n<td>Enero de 2023<\/td>\n<\/tr>\n<tr>\n<th scope=\"row\">Tama\u00f1o<\/th>\n<td>336 x 175 x 208 mm<\/td>\n<\/tr>\n<tr>\n<th scope=\"row\">Peso<\/th>\n<td>13000g<\/td>\n<\/tr>\n<tr>\n<th scope=\"row\">Nivel de ruido<\/th>\n<td>50 dB<\/td>\n<\/tr>\n<tr>\n<th scope=\"row\">Potencia<\/th>\n<td>5428W<\/td>\n<\/tr>\n<tr>\n<th scope=\"row\">Refrigeraci\u00f3n<\/th>\n<td>refrigeraci\u00f3n por agua<\/td>\n<\/tr>\n<tr>\n<th scope=\"row\">Interfaz - Ethernet<\/th>\n<td>Ethernet<\/td>\n<\/tr>\n<tr>\n<th scope=\"row\">Temperatura<\/th>\n<td>5 - 40 \u00b0C<\/td>\n<\/tr>\n<tr>\n<th scope=\"row\">Humedad<\/th>\n<td>5 - 95 %<\/td>\n<\/tr>\n<tr>\n<th scope=\"row\">Garant\u00eda<\/th>\n<td>365 d\u00edas<\/td>\n<\/tr>\n<\/tbody>\n<\/table>","protected":false},"excerpt":{"rendered":"DESCRIPCI\u00d3N Antminer S19 Pro hydro (184Th) del algoritmo SHA-256 con una potencia de hashing de 184Th\/s a un consumo de 5428W. ESPECIFICACIONES Fabricante Bitmain Modelo Antminer S19 Pro hydro Lanzamiento Enero 2023 Tama\u00f1o 336 x 175 x 208mm Peso 13000g Nivel de ruido 50db Potencia 5428W Refrigeraci\u00f3n Refrigeraci\u00f3n por agua Interfaz Ethernet Temperatura 5 - 40 \u00b0C Humedad 5 - 95... <a class=\"view-article\" href=\"https:\/\/asicmarketplace.com\/es\/product\/bitmain-antminer-s19-pro-hydro-btc-miner\/\">Ver art\u00edculo<\/a>","protected":false},"featured_media":15954,"comment_status":"open","ping_status":"closed","template":"","meta":{"content-type":""},"product_brand":[505,508],"product_cat":[15,594],"product_tag":[],"class_list":{"0":"post-15645","1":"product","2":"type-product","3":"status-publish","4":"has-post-thumbnail","6":"product_brand-asic-miners","7":"product_brand-home-miners","8":"product_cat-bitmain","9":"product_cat-hydro-miner","10":"collection-bitcoin-miners","12":"first","13":"instock","14":"featured","15":"shipping-taxable","16":"purchasable","17":"product-type-variable","18":"has-default-attributes"},"acf":[],"_links":{"self":[{"href":"https:\/\/asicmarketplace.com\/es\/wp-json\/wp\/v2\/product\/15645","targetHints":{"allow":["GET"]}}],"collection":[{"href":"https:\/\/asicmarketplace.com\/es\/wp-json\/wp\/v2\/product"}],"about":[{"href":"https:\/\/asicmarketplace.com\/es\/wp-json\/wp\/v2\/types\/product"}],"replies":[{"embeddable":true,"href":"https:\/\/asicmarketplace.com\/es\/wp-json\/wp\/v2\/comments?post=15645"}],"wp:featuredmedia":[{"embeddable":true,"href":"https:\/\/asicmarketplace.com\/es\/wp-json\/wp\/v2\/media\/15954"}],"wp:attachment":[{"href":"https:\/\/asicmarketplace.com\/es\/wp-json\/wp\/v2\/media?parent=15645"}],"wp:term":[{"taxonomy":"product_brand","embeddable":true,"href":"https:\/\/asicmarketplace.com\/es\/wp-json\/wp\/v2\/product_brand?post=15645"},{"taxonomy":"product_cat","embeddable":true,"href":"https:\/\/asicmarketplace.com\/es\/wp-json\/wp\/v2\/product_cat?post=15645"},{"taxonomy":"product_tag","embeddable":true,"href":"https:\/\/asicmarketplace.com\/es\/wp-json\/wp\/v2\/product_tag?post=15645"}],"curies":[{"name":"wp","href":"https:\/\/api.w.org\/{rel}","templated":true}]}}