{"id":15758,"date":"2022-11-30T15:44:42","date_gmt":"2022-11-30T10:14:42","guid":{"rendered":"https:\/\/asicmarketplace.com\/?post_type=product&#038;p=15758"},"modified":"2026-03-16T14:20:19","modified_gmt":"2026-03-16T08:50:19","slug":"bitmain-antminer-t19-hydro-btc-miner","status":"publish","type":"product","link":"https:\/\/asicmarketplace.com\/es\/product\/bitmain-antminer-t19-hydro-btc-miner\/","title":{"rendered":"Bitmain Antminer T19 Hydro BTC Miner"},"content":{"rendered":"<h3 style=\"text-align: center;\">RESUMEN<\/h3>\n<p style=\"text-align: center;\" class=\"translation-block\"><strong>Antminer T19 Hydro<\/strong> (145Th) de algoritmo <strong>SHA-256<\/strong> con potencia de hashing de <strong>145Th\/s<\/strong> con consumo de energ\u00eda de  <strong>5438W.<\/strong><\/p>\n<h3 style=\"text-align: center;\">ESPECIFICACIONES<\/h3>\n<table class=\"table table-striped\">\n<tbody>\n<tr>\n<th scope=\"row\">Fabricante<\/th>\n<td>Bitmain<\/td>\n<\/tr>\n<tr>\n<th scope=\"row\">Modelo<\/th>\n<td>Antminer T19 Hydro (145Th)<\/td>\n<\/tr>\n<tr>\n<th scope=\"row\">Liberar<\/th>\n<td>Octubre de 2022<\/td>\n<\/tr>\n<tr>\n<th scope=\"row\">Tama\u00f1o<\/th>\n<td>412x 197 x 209 mm<\/td>\n<\/tr>\n<tr>\n<th scope=\"row\">Peso<\/th>\n<td>15800g<\/td>\n<\/tr>\n<tr>\n<th scope=\"row\">Nivel de ruido<\/th>\n<td>50 dB<\/td>\n<\/tr>\n<tr>\n<th scope=\"row\">AC Voltaje de entrada<\/th>\n<td>342-418V<\/td>\n<\/tr>\n<tr>\n<th scope=\"row\">Potencia<\/th>\n<td>5438W<\/td>\n<\/tr>\n<tr>\n<th scope=\"row\">Refrigeraci\u00f3n<\/th>\n<td>refrigeraci\u00f3n por agua<\/td>\n<\/tr>\n<tr>\n<th scope=\"row\">Interfaz - Ethernet<\/th>\n<td>Ethernet<\/td>\n<\/tr>\n<tr>\n<th scope=\"row\">Temperatura<\/th>\n<td>10 - 40 \u00b0C<\/td>\n<\/tr>\n<tr>\n<th scope=\"row\">Humedad<\/th>\n<td>10- 90 %<\/td>\n<\/tr>\n<\/tbody>\n<\/table>","protected":false},"excerpt":{"rendered":"DESCRIPCI\u00d3N Antminer T19 Hydro (145Th) del algoritmo SHA-256 con una potencia de hashing de 145Th\/s a un consumo de 5438W. ESPECIFICACIONES Fabricante Bitmain Modelo Antminer T19 Hydro (145Th) Lanzamiento Octubre 2022 Tama\u00f1o 412x 197 x 209mm Peso 15800g Nivel de ruido 50db Tensi\u00f3n de entrada AC 342-418V Potencia 5438W Refrigeraci\u00f3n Refrigeraci\u00f3n por agua Interfaz Ethernet Temperatura 10 - 40 \u00b0C Humedad 10-... <a class=\"view-article\" href=\"https:\/\/asicmarketplace.com\/es\/product\/bitmain-antminer-t19-hydro-btc-miner\/\">Ver art\u00edculo<\/a>","protected":false},"featured_media":15957,"comment_status":"open","ping_status":"closed","template":"","meta":{"content-type":""},"product_brand":[505],"product_cat":[15,594],"product_tag":[],"class_list":{"0":"post-15758","1":"product","2":"type-product","3":"status-publish","4":"has-post-thumbnail","6":"product_brand-asic-miners","7":"product_cat-bitmain","8":"product_cat-hydro-miner","9":"collection-bitcoin-miners","11":"first","12":"outofstock","13":"shipping-taxable","14":"purchasable","15":"product-type-variable","16":"has-default-attributes"},"acf":[],"_links":{"self":[{"href":"https:\/\/asicmarketplace.com\/es\/wp-json\/wp\/v2\/product\/15758","targetHints":{"allow":["GET"]}}],"collection":[{"href":"https:\/\/asicmarketplace.com\/es\/wp-json\/wp\/v2\/product"}],"about":[{"href":"https:\/\/asicmarketplace.com\/es\/wp-json\/wp\/v2\/types\/product"}],"replies":[{"embeddable":true,"href":"https:\/\/asicmarketplace.com\/es\/wp-json\/wp\/v2\/comments?post=15758"}],"wp:featuredmedia":[{"embeddable":true,"href":"https:\/\/asicmarketplace.com\/es\/wp-json\/wp\/v2\/media\/15957"}],"wp:attachment":[{"href":"https:\/\/asicmarketplace.com\/es\/wp-json\/wp\/v2\/media?parent=15758"}],"wp:term":[{"taxonomy":"product_brand","embeddable":true,"href":"https:\/\/asicmarketplace.com\/es\/wp-json\/wp\/v2\/product_brand?post=15758"},{"taxonomy":"product_cat","embeddable":true,"href":"https:\/\/asicmarketplace.com\/es\/wp-json\/wp\/v2\/product_cat?post=15758"},{"taxonomy":"product_tag","embeddable":true,"href":"https:\/\/asicmarketplace.com\/es\/wp-json\/wp\/v2\/product_tag?post=15758"}],"curies":[{"name":"wp","href":"https:\/\/api.w.org\/{rel}","templated":true}]}}