{"id":16465,"date":"2023-02-13T13:00:30","date_gmt":"2023-02-13T07:30:30","guid":{"rendered":"https:\/\/asicmarketplace.com\/?post_type=product&#038;p=16465"},"modified":"2026-03-26T15:32:39","modified_gmt":"2026-03-26T10:02:39","slug":"bitmain-antminer-d9-dash-miner-1-77th","status":"publish","type":"product","link":"https:\/\/asicmarketplace.com\/es\/product\/bitmain-antminer-d9-dash-miner-1-77th\/","title":{"rendered":"Bitmain Antminer D9 Dash Miner (1.77Th)"},"content":{"rendered":"<h3 style=\"text-align: center;\">RESUMEN<\/h3>\n<p style=\"text-align: center;\" class=\"translation-block\"><strong>Antminer D9<\/strong> (1.77Th\/s) de algoritmo <strong>X11<\/strong> con potencia de hashing de <strong>1.77Th\/s<\/strong> con consumo de energ\u00eda de <strong>2839W.<\/strong><\/p>\n<h3 style=\"text-align: center;\">ESPECIFICACIONES<\/h3>\n<table class=\"table table-striped\">\n<tbody>\n<tr>\n<th scope=\"row\">Fabricante<\/th>\n<td>Bitmain<\/td>\n<\/tr>\n<tr>\n<th scope=\"row\">Modelo<\/th>\n<td>Antminer D9 (1,77Th)<\/td>\n<\/tr>\n<tr>\n<th scope=\"row\">Liberar<\/th>\n<td>Febrero de 2023<\/td>\n<\/tr>\n<tr>\n<th scope=\"row\">Tama\u00f1o sin<\/th>\n<td>430 x 195 x 290 mm<\/td>\n<\/tr>\n<tr>\n<th scope=\"row\">Tama\u00f1o con<\/th>\n<td>570 x 316 x 430 mm<\/td>\n<\/tr>\n<tr>\n<th scope=\"row\">Peso neto<\/th>\n<td>16100g<\/td>\n<\/tr>\n<tr>\n<th scope=\"row\">Ventilador(es)<\/th>\n<td>4<\/td>\n<\/tr>\n<tr>\n<th scope=\"row\">Potencia<\/th>\n<td>2839W<\/td>\n<\/tr>\n<tr>\n<th scope=\"row\">Eficiencia de energ\u00eda<\/th>\n<td>1,60 \u00b110%<\/td>\n<\/tr>\n<tr>\n<th scope=\"row\">Temperatura de almacenamiento.<\/th>\n<td>-20-70<\/td>\n<\/tr>\n<tr>\n<th scope=\"row\">Nivel de ruido<\/th>\n<td>75 dB<\/td>\n<\/tr>\n<tr>\n<th scope=\"row\">Interfaz - Ethernet<\/th>\n<td>Ethernet<\/td>\n<\/tr>\n<tr>\n<th scope=\"row\">Temperatura<\/th>\n<td>0 - 40 \u00b0C<\/td>\n<\/tr>\n<tr>\n<th scope=\"row\">Humedad<\/th>\n<td>10 - 90 %<\/td>\n<\/tr>\n<tr>\n<th scope=\"row\">Garant\u00eda<\/th>\n<td>180 d\u00edas<\/td>\n<\/tr>\n<\/tbody>\n<\/table>","protected":false},"excerpt":{"rendered":"DESCRIPCI\u00d3N Antminer D9 (1.77Th\/s) del algoritmo X11 con una potencia de hashing de 1.77Th\/s a un consumo de 2839W. ESPECIFICACIONES Fabricante Bitmain Modelo Antminer D9 (1.77Th) Lanzamiento Febrero 2023 Tama\u00f1o sin 430 x 195 x 290mm Tama\u00f1o con 570 x 316 x 430mm Peso Neto 16100g Ventilador(es) 4 Potencia 2839W Eficiencia Energ\u00e9tica 1.60 \u00b110% Temperatura de Almacenamiento. -20-70 Ruido... <a class=\"view-article\" href=\"https:\/\/asicmarketplace.com\/es\/product\/bitmain-antminer-d9-dash-miner-1-77th\/\">Ver art\u00edculo<\/a>","protected":false},"featured_media":16467,"comment_status":"open","ping_status":"closed","template":"","meta":{"content-type":""},"product_brand":[505,508],"product_cat":[15],"product_tag":[],"class_list":{"0":"post-16465","1":"product","2":"type-product","3":"status-publish","4":"has-post-thumbnail","6":"product_brand-asic-miners","7":"product_brand-home-miners","8":"product_cat-bitmain","9":"collection-dash-miners","11":"first","12":"instock","13":"featured","14":"shipping-taxable","15":"purchasable","16":"product-type-variable","17":"has-default-attributes"},"acf":[],"_links":{"self":[{"href":"https:\/\/asicmarketplace.com\/es\/wp-json\/wp\/v2\/product\/16465","targetHints":{"allow":["GET"]}}],"collection":[{"href":"https:\/\/asicmarketplace.com\/es\/wp-json\/wp\/v2\/product"}],"about":[{"href":"https:\/\/asicmarketplace.com\/es\/wp-json\/wp\/v2\/types\/product"}],"replies":[{"embeddable":true,"href":"https:\/\/asicmarketplace.com\/es\/wp-json\/wp\/v2\/comments?post=16465"}],"wp:featuredmedia":[{"embeddable":true,"href":"https:\/\/asicmarketplace.com\/es\/wp-json\/wp\/v2\/media\/16467"}],"wp:attachment":[{"href":"https:\/\/asicmarketplace.com\/es\/wp-json\/wp\/v2\/media?parent=16465"}],"wp:term":[{"taxonomy":"product_brand","embeddable":true,"href":"https:\/\/asicmarketplace.com\/es\/wp-json\/wp\/v2\/product_brand?post=16465"},{"taxonomy":"product_cat","embeddable":true,"href":"https:\/\/asicmarketplace.com\/es\/wp-json\/wp\/v2\/product_cat?post=16465"},{"taxonomy":"product_tag","embeddable":true,"href":"https:\/\/asicmarketplace.com\/es\/wp-json\/wp\/v2\/product_tag?post=16465"}],"curies":[{"name":"wp","href":"https:\/\/api.w.org\/{rel}","templated":true}]}}