{"id":18174,"date":"2023-08-15T16:29:04","date_gmt":"2023-08-15T10:59:04","guid":{"rendered":"https:\/\/asicmarketplace.com\/?post_type=product&#038;p=18174"},"modified":"2026-03-26T13:57:40","modified_gmt":"2026-03-26T08:27:40","slug":"bitmain-antminer-s19k-pro","status":"publish","type":"product","link":"https:\/\/asicmarketplace.com\/es\/product\/bitmain-antminer-s19k-pro\/","title":{"rendered":"Bitmain Antminer S19K Pro Bitcoin Miner"},"content":{"rendered":"<h3 style=\"text-align: center;\">RESUMEN<\/h3>\n<p style=\"text-align: center;\">Bitmain Antminer S19K Pro (120TH) es un minero de alto rendimiento SHA-256 ASIC construido para la miner\u00eda Bitcoin eficiente y fiable. Ofrece un potente hashrate de 120 TH\/s con un consumo de energ\u00eda optimizado de 2760W, por lo que es una excelente opci\u00f3n para los mineros centrados en el rendimiento a largo plazo y la eficiencia energ\u00e9tica. Dise\u00f1ado por Bitmain, este modelo se utiliza ampliamente en granjas de miner\u00eda profesionales, as\u00ed como en configuraciones avanzadas de miner\u00eda dom\u00e9stica con una infraestructura adecuada de alimentaci\u00f3n y ventilaci\u00f3n.<\/p>\n<h3 style=\"text-align: center;\">ESPECIFICACIONES<\/h3>\n<table class=\"table table-striped\">\n<tbody>\n<tr>\n<th scope=\"row\">Fabricante<\/th>\n<td>Bitmain<\/td>\n<\/tr>\n<tr>\n<th scope=\"row\">Modelo<\/th>\n<td>Antminer S19k Pro (120Th)<\/td>\n<\/tr>\n<tr>\n<th scope=\"row\">Tama\u00f1o sin<\/th>\n<td>400 x 195 x 290 mm<\/td>\n<\/tr>\n<tr>\n<th scope=\"row\">Tama\u00f1o con<\/th>\n<td>570 x 316 x 430 mm<\/td>\n<\/tr>\n<tr>\n<th scope=\"row\">Peso neto<\/th>\n<td>12850g<\/td>\n<\/tr>\n<tr>\n<th scope=\"row\">Nivel de ruido<\/th>\n<td>75 dB<\/td>\n<\/tr>\n<tr>\n<th scope=\"row\">Ventilador(es)<\/th>\n<td>4<\/td>\n<\/tr>\n<tr>\n<th scope=\"row\">Temperatura de almacenamiento.<\/th>\n<td>-20-70<\/td>\n<\/tr>\n<tr>\n<th scope=\"row\">Potencia<\/th>\n<td>2760W<\/td>\n<\/tr>\n<tr>\n<th scope=\"row\">Voltaje<\/th>\n<td>200-240V<\/td>\n<\/tr>\n<tr>\n<th scope=\"row\">Interfaz - Ethernet<\/th>\n<td>Ethernet<\/td>\n<\/tr>\n<tr>\n<th scope=\"row\">Temperatura<\/th>\n<td>0 - 40 \u00b0C<\/td>\n<\/tr>\n<tr>\n<th scope=\"row\">Humedad<\/th>\n<td>10 - 90 %<\/td>\n<\/tr>\n<tr>\n<th scope=\"row\">Garant\u00eda<\/th>\n<td>365 d\u00edas<\/td>\n<\/tr>\n<\/tbody>\n<\/table>","protected":false},"excerpt":{"rendered":"VISI\u00d3N GENERAL Bitmain Antminer S19K Pro (120TH) es un minero de alto rendimiento SHA-256 ASIC construido para la miner\u00eda Bitcoin eficiente y fiable. Ofrece un potente hashrate de 120 TH\/s con un consumo de energ\u00eda optimizado de 2760W, por lo que es una excelente opci\u00f3n para los mineros centrados en el rendimiento a largo plazo y la eficiencia energ\u00e9tica. Dise\u00f1ado por Bitmain, este modelo se utiliza ampliamente en... <a class=\"view-article\" href=\"https:\/\/asicmarketplace.com\/es\/product\/bitmain-antminer-s19k-pro\/\">Ver art\u00edculo<\/a>","protected":false},"featured_media":36439,"comment_status":"open","ping_status":"closed","template":"","meta":{"content-type":""},"product_brand":[505,508],"product_cat":[15],"product_tag":[659,877,878,660,879,876,658],"class_list":{"0":"post-18174","1":"product","2":"type-product","3":"status-publish","4":"has-post-thumbnail","6":"product_brand-asic-miners","7":"product_brand-home-miners","8":"product_cat-bitmain","9":"product_tag-antminer-s19k-pro","10":"product_tag-antminer-s19k-pro-120th","11":"product_tag-bitcoin-miner","12":"product_tag-bitmain-antminer-s19k-pro","13":"product_tag-buy-antminer-s19k-pro","14":"product_tag-s19k-pro-120th","15":"product_tag-sha-256-miner","16":"collection-bitcoin-miners","18":"first","19":"instock","20":"featured","21":"shipping-taxable","22":"purchasable","23":"product-type-variable","24":"has-default-attributes"},"acf":[],"_links":{"self":[{"href":"https:\/\/asicmarketplace.com\/es\/wp-json\/wp\/v2\/product\/18174","targetHints":{"allow":["GET"]}}],"collection":[{"href":"https:\/\/asicmarketplace.com\/es\/wp-json\/wp\/v2\/product"}],"about":[{"href":"https:\/\/asicmarketplace.com\/es\/wp-json\/wp\/v2\/types\/product"}],"replies":[{"embeddable":true,"href":"https:\/\/asicmarketplace.com\/es\/wp-json\/wp\/v2\/comments?post=18174"}],"wp:featuredmedia":[{"embeddable":true,"href":"https:\/\/asicmarketplace.com\/es\/wp-json\/wp\/v2\/media\/36439"}],"wp:attachment":[{"href":"https:\/\/asicmarketplace.com\/es\/wp-json\/wp\/v2\/media?parent=18174"}],"wp:term":[{"taxonomy":"product_brand","embeddable":true,"href":"https:\/\/asicmarketplace.com\/es\/wp-json\/wp\/v2\/product_brand?post=18174"},{"taxonomy":"product_cat","embeddable":true,"href":"https:\/\/asicmarketplace.com\/es\/wp-json\/wp\/v2\/product_cat?post=18174"},{"taxonomy":"product_tag","embeddable":true,"href":"https:\/\/asicmarketplace.com\/es\/wp-json\/wp\/v2\/product_tag?post=18174"}],"curies":[{"name":"wp","href":"https:\/\/api.w.org\/{rel}","templated":true}]}}